{"id":4930,"date":"2025-08-14T10:56:55","date_gmt":"2025-08-14T10:56:55","guid":{"rendered":"https:\/\/www.depark.com\/?page_id=4930"},"modified":"2025-08-22T11:55:30","modified_gmt":"2025-08-22T11:55:30","slug":"ilgili-mevzuat","status":"publish","type":"page","link":"http:\/\/www.depark.com\/en\/ilgili-mevzuat\/","title":{"rendered":"RELEVANT LEGISLATION"},"content":{"rendered":"<div data-elementor-type=\"wp-page\" data-elementor-id=\"4930\" class=\"elementor elementor-4930\">\n\t\t\t\t<div class=\"elementor-element elementor-element-48aa508 e-flex e-con-boxed e-con e-parent\" data-id=\"48aa508\" data-element_type=\"container\">\n\t\t\t\t\t<div class=\"e-con-inner\">\n\t\t\t\t<div class=\"elementor-element elementor-element-c7da1d9 elementor-widget elementor-widget-shortcode\" data-id=\"c7da1d9\" data-element_type=\"widget\" data-widget_type=\"shortcode.default\">\n\t\t\t\t\t\t\t<div class=\"elementor-shortcode\">    <style>\n        .pdf-card-grid {\n            display: grid;\n            grid-template-columns: repeat(3, 1fr); \/* 3 kolon sabit *\/\n            gap: 20px;\n\t\t \tpadding: 40px 0; \/* \u00dcstten ve alttan bo\u015fluk *\/\n\n        }\n        @media (max-width: 768px) {\n            .pdf-card-grid {\n                grid-template-columns: repeat(2, 1fr); \/* Tablet *\/\n            }\n        }\n        @media (max-width: 480px) {\n            .pdf-card-grid {\n                grid-template-columns: 1fr; \/* Mobil *\/\n            }\n        }\n        .pdf-card {\n            border: 1px solid #ddd;\n            border-radius: 8px;\n            padding: 20px;\n            text-align: center;\n            background: #fff;\n            box-shadow: 0 4px 10px rgba(0,0,0,0.05);\n            transition: transform 0.2s ease;\n        }\n        .pdf-card:hover {\n            transform: translateY(-5px);\n        }\n        .pdf-card h3 {\n            font-size: 18px;\n            margin-bottom: 15px;\n            color: #333;\n        }\n        .pdf-card a {\n            display: inline-block;\n            padding: 10px 20px;\n            background: #F9AE26;\n            color: #fff;\n            text-decoration: none;\n            border-radius: 5px;\n            font-weight: bold;\n            transition: background 0.3s ease, color 0.3s ease;\n        }\n        .pdf-card a:hover {\n            background: #fff;\n            color: #F9AE26;\n            border: 1px solid #F9AE26;\n        }\n    <\/style>\n\n<div class=\"pdf-card-grid\">\n            <div class=\"pdf-card\">\n            <h3>\n                T\u00dcRK\u0130YE CUMHUR\u0130YET\u0130 ANAYASASI            <\/h3>\n\n            <br>\n            <a href=\"https:\/\/www.depark.com\/wp-content\/uploads\/2025\/08\/T.C.-ANAYASASI-GUNCEL.pdf\" target=\"_blank\" rel=\"noopener noreferrer\">\n                \u0130NCELE\n            <\/a>\n        <\/div>\n            <div class=\"pdf-card\">\n            <h3>\n                4691 SAYILI TEKNOLOJ\u0130 GEL\u0130\u015eT\u0130RME B\u00d6LGELER\u0130 KANUNU            <\/h3>\n\n            \n            <a href=\"https:\/\/www.depark.com\/wp-content\/uploads\/2025\/08\/Teknoloji-Gelistirme-Bolgeleri-Kanunu-Guncel.pdf\" target=\"_blank\" rel=\"noopener noreferrer\">\n                \u0130NCELE\n            <\/a>\n        <\/div>\n            <div class=\"pdf-card\">\n            <h3>\n                5746 SAYILI ARA\u015eTIRMA VE GEL\u0130\u015eT\u0130RME FAAL\u0130YETLER\u0130N\u0130N DESTEKLENMES\u0130 HAKKINDA KANUN            <\/h3>\n\n            \n            <a href=\"https:\/\/www.depark.com\/wp-content\/uploads\/2025\/08\/ARASTIRMA-GELISTIRME-VE-TASARIM-FAALIYETLERININ-DESTEKLENMESI-HAKKINDA-.pdf\" target=\"_blank\" rel=\"noopener noreferrer\">\n                \u0130NCELE\n            <\/a>\n        <\/div>\n            <div class=\"pdf-card\">\n            <h3>\n                4691 TEKNOLOJ\u0130 GEL\u0130\u015eT\u0130RME B\u00d6LGELER\u0130 UYGULAMA Y\u00d6NETMEL\u0130\u011e\u0130            <\/h3>\n\n            \n            <a href=\"https:\/\/www.depark.com\/wp-content\/uploads\/2025\/08\/TEKNOLOJI-GELISTIRME-BOLGELERI-KANUNU-uygulaama-yonetmeligi.pdf\" target=\"_blank\" rel=\"noopener noreferrer\">\n                \u0130NCELE\n            <\/a>\n        <\/div>\n            <div class=\"pdf-card\">\n            <h3>\n                5746 ARA\u015eTIRMA, GEL\u0130\u015eT\u0130RME VE TASARIM FAAL\u0130YETLER\u0130N\u0130N DESTEKLENMES\u0130NE \u0130L\u0130\u015eK\u0130N UYGULAMA VE DENET\u0130M Y\u00d6NETMEL\u0130\u011e\u0130            <\/h3>\n\n            \n            <a href=\"https:\/\/www.depark.com\/wp-content\/uploads\/2025\/08\/ARASTIRMA-GELISTIRME-VE-TASARIM-FAALIYETLERININ-5746-yonetmelik.pdf\" target=\"_blank\" rel=\"noopener noreferrer\">\n                \u0130NCELE\n            <\/a>\n        <\/div>\n            <div class=\"pdf-card\">\n            <h3>\n                DEPARK \u0130\u015eLETME Y\u00d6NERGES\u0130            <\/h3>\n\n            <br>\n            <a href=\"https:\/\/www.depark.com\/wp-content\/uploads\/2025\/08\/GUNCEL-ISLETME-YONERGESI.pdf\" target=\"_blank\" rel=\"noopener noreferrer\">\n                \u0130NCELE\n            <\/a>\n        <\/div>\n    <\/div>\n\n    <\/div>\n\t\t\t\t\t\t<\/div>\n\t\t\t\t\t<\/div>\n\t\t\t\t<\/div>\n\t\t\t\t<\/div>","protected":false},"excerpt":{"rendered":"","protected":false},"author":1,"featured_media":0,"parent":0,"menu_order":0,"comment_status":"closed","ping_status":"closed","template":"elementor_header_footer","meta":{"_acf_changed":false,"pagelayer_contact_templates":[],"_pagelayer_content":"","_monsterinsights_skip_tracking":false,"_monsterinsights_sitenote_active":false,"_monsterinsights_sitenote_note":"","_monsterinsights_sitenote_category":0,"footnotes":""},"class_list":["post-4930","page","type-page","status-publish","hentry"],"acf":[],"_links":{"self":[{"href":"http:\/\/www.depark.com\/en\/wp-json\/wp\/v2\/pages\/4930","targetHints":{"allow":["GET"]}}],"collection":[{"href":"http:\/\/www.depark.com\/en\/wp-json\/wp\/v2\/pages"}],"about":[{"href":"http:\/\/www.depark.com\/en\/wp-json\/wp\/v2\/types\/page"}],"author":[{"embeddable":true,"href":"http:\/\/www.depark.com\/en\/wp-json\/wp\/v2\/users\/1"}],"replies":[{"embeddable":true,"href":"http:\/\/www.depark.com\/en\/wp-json\/wp\/v2\/comments?post=4930"}],"version-history":[{"count":10,"href":"http:\/\/www.depark.com\/en\/wp-json\/wp\/v2\/pages\/4930\/revisions"}],"predecessor-version":[{"id":4943,"href":"http:\/\/www.depark.com\/en\/wp-json\/wp\/v2\/pages\/4930\/revisions\/4943"}],"wp:attachment":[{"href":"http:\/\/www.depark.com\/en\/wp-json\/wp\/v2\/media?parent=4930"}],"curies":[{"name":"wp","href":"https:\/\/api.w.org\/{rel}","templated":true}]}}