{"id":5586,"date":"2024-05-08T09:13:39","date_gmt":"2024-05-08T09:13:39","guid":{"rendered":"http:\/\/ostech-demo.local\/?page_id=23"},"modified":"2025-09-15T06:04:02","modified_gmt":"2025-09-15T06:04:02","slug":"kariyer-deportal","status":"publish","type":"page","link":"http:\/\/www.depark.com\/en\/kariyer-deportal\/","title":{"rendered":"CAREER (DEPORTAL)"},"content":{"rendered":"<div data-elementor-type=\"wp-page\" data-elementor-id=\"5586\" class=\"elementor elementor-5586\">\n\t\t\t\t<div class=\"elementor-element elementor-element-0037cb2 e-con-full e-flex e-con e-parent\" data-id=\"0037cb2\" data-element_type=\"container\">\n\t\t<div class=\"elementor-element elementor-element-c7bbc6c e-flex e-con-boxed e-con e-child\" data-id=\"c7bbc6c\" data-element_type=\"container\" data-settings=\"{&quot;background_background&quot;:&quot;classic&quot;}\">\n\t\t\t\t\t<div class=\"e-con-inner\">\n\t\t\t\t<div class=\"elementor-element elementor-element-e7b8649 elementor-widget elementor-widget-image\" data-id=\"e7b8649\" data-element_type=\"widget\" data-widget_type=\"image.default\">\n\t\t\t\t\t\t\t\t\t\t\t\t\t\t\t<img fetchpriority=\"high\" decoding=\"async\" width=\"640\" height=\"543\" src=\"https:\/\/www.depark.com\/wp-content\/uploads\/2025\/09\/deportal-gorsel-768x652.png\" class=\"attachment-medium_large size-medium_large wp-image-8845\" alt=\"\" srcset=\"https:\/\/www.depark.com\/wp-content\/uploads\/2025\/09\/deportal-gorsel-768x652.png 768w, https:\/\/www.depark.com\/wp-content\/uploads\/2025\/09\/deportal-gorsel-570x484.png 570w, https:\/\/www.depark.com\/wp-content\/uploads\/2025\/09\/deportal-gorsel-300x255.png 300w, https:\/\/www.depark.com\/wp-content\/uploads\/2025\/09\/deportal-gorsel-1024x869.png 1024w, https:\/\/www.depark.com\/wp-content\/uploads\/2025\/09\/deportal-gorsel-14x12.png 14w, https:\/\/www.depark.com\/wp-content\/uploads\/2025\/09\/deportal-gorsel.png 1264w\" sizes=\"(max-width: 640px) 100vw, 640px\" \/>\t\t\t\t\t\t\t\t\t\t\t\t\t\t\t<\/div>\n\t\t\t\t\t<\/div>\n\t\t\t\t<\/div>\n\t\t<div class=\"elementor-element elementor-element-85b225e e-flex e-con-boxed e-con e-child\" data-id=\"85b225e\" data-element_type=\"container\">\n\t\t\t\t\t<div class=\"e-con-inner\">\n\t\t<div class=\"elementor-element elementor-element-367964c e-con-full e-flex e-con e-child\" data-id=\"367964c\" data-element_type=\"container\">\n\t\t\t\t<div class=\"elementor-element elementor-element-065f12b elementor-widget elementor-widget-image\" data-id=\"065f12b\" data-element_type=\"widget\" data-widget_type=\"image.default\">\n\t\t\t\t\t\t\t\t\t\t\t\t\t\t\t<img decoding=\"async\" width=\"1352\" height=\"333\" src=\"https:\/\/www.depark.com\/wp-content\/uploads\/2025\/08\/depark-portal-logo.png\" class=\"attachment-full size-full wp-image-7343\" alt=\"\" srcset=\"https:\/\/www.depark.com\/wp-content\/uploads\/2025\/08\/depark-portal-logo.png 1352w, https:\/\/www.depark.com\/wp-content\/uploads\/2025\/08\/depark-portal-logo-570x140.png 570w, https:\/\/www.depark.com\/wp-content\/uploads\/2025\/08\/depark-portal-logo-300x74.png 300w, https:\/\/www.depark.com\/wp-content\/uploads\/2025\/08\/depark-portal-logo-1024x252.png 1024w, https:\/\/www.depark.com\/wp-content\/uploads\/2025\/08\/depark-portal-logo-768x189.png 768w\" sizes=\"(max-width: 1352px) 100vw, 1352px\" \/>\t\t\t\t\t\t\t\t\t\t\t\t\t\t\t<\/div>\n\t\t\t\t<\/div>\n\t\t<div class=\"elementor-element elementor-element-5f311f3 e-con-full e-flex e-con e-child\" data-id=\"5f311f3\" data-element_type=\"container\">\n\t\t\t\t<div class=\"elementor-element elementor-element-bf7f431 elementor-widget elementor-widget-text-editor\" data-id=\"bf7f431\" data-element_type=\"widget\" data-widget_type=\"text-editor.default\">\n\t\t\t\t\t\t\t\t\t<style>\n@font-face {\n    font-family: 'PP Valve Plain Extralight';\n    src: url('https:\/\/www.depark.com\/wp-content\/uploads\/fonts\/plainextralight.woff2') format('woff2');\n    font-weight: normal;\n    font-style: normal;\n    font-display: swap;\n}\n.deportal-text {\n    font-family: 'PP Valve Plain Extralight', sans-serif;\n    line-height: 1.5;\n    margin: 0;\n    padding: 0;\nfont-size:20px;\n}\n<\/style>\n\n<div class=\"deportal-text\">\n  DEPORTAL is a job and internship portal specially designed by DEPARK for Dokuz Eyl\u00fcl University students. DEPARK Portal serves as the digital platform of Dokuz Eyl\u00fcl University Technology Development Zone.This portal provides employment postings, internship opportunities, and collaboration options for students, graduates, researchers, and companies, thereby uniting academia, entrepreneurship, and the business world. In addition, it enhances the visibility of companies within the entrepreneurship ecosystem and facilitates their connection with new talents.\n<\/div>\n\t\t\t\t\t\t\t\t<\/div>\n\t\t\t\t<\/div>\n\t\t<div class=\"elementor-element elementor-element-11dc72f e-con-full e-flex e-con e-child\" data-id=\"11dc72f\" data-element_type=\"container\">\n\t\t\t\t<div class=\"elementor-element elementor-element-c0554e1 elementor-widget elementor-widget-image\" data-id=\"c0554e1\" data-element_type=\"widget\" data-widget_type=\"image.default\">\n\t\t\t\t\t\t\t\t\t\t\t\t\t\t\t\t<a href=\"https:\/\/www.deparkportal.com\/\" target=\"_blank\">\n\t\t\t\t\t\t\t<img decoding=\"async\" width=\"329\" height=\"86\" src=\"https:\/\/www.depark.com\/wp-content\/uploads\/2025\/08\/detaylar-butonu.png\" class=\"attachment-full size-full wp-image-7344\" alt=\"\" srcset=\"https:\/\/www.depark.com\/wp-content\/uploads\/2025\/08\/detaylar-butonu.png 329w, https:\/\/www.depark.com\/wp-content\/uploads\/2025\/08\/detaylar-butonu-300x78.png 300w\" sizes=\"(max-width: 329px) 100vw, 329px\" \/>\t\t\t\t\t\t\t\t<\/a>\n\t\t\t\t\t\t\t\t\t\t\t\t\t\t\t<\/div>\n\t\t\t\t<\/div>\n\t\t\t\t\t<\/div>\n\t\t\t\t<\/div>\n\t\t\t\t<\/div>\n\t\t\t\t<\/div>","protected":false},"excerpt":{"rendered":"<p>DEPARK taraf\u0131ndan Dokuz Eyl\u00fcl \u00dcniversitesi \u00f6\u011frencilerine \u00f6zel olarak tasarlanm\u0131\u015f i\u015f ve staj portal\u0131d\u0131r. DEPARK Portal, Dokuz Eyl\u00fcl \u00dcniversitesi Teknoloji Geli\u015ftirme B\u00f6lgesi\u2019nin dijital platformudur. Akademi, giri\u015fimcilik ve i\u015f d\u00fcnyas\u0131n\u0131 bir araya getiren bu portal; \u00f6\u011frencilere, mezunlara, ara\u015ft\u0131rmac\u0131lara ve firmalara y\u00f6nelik i\u015f ilanlar\u0131, staj f\u0131rsatlar\u0131 ve i\u015f birli\u011fi olanaklar\u0131 sunar. Ayr\u0131ca giri\u015fim ekosistemindeki \u015firketlerin g\u00f6r\u00fcn\u00fcrl\u00fck kazanmas\u0131na ve [&hellip;]<\/p>","protected":false},"author":1,"featured_media":0,"parent":0,"menu_order":0,"comment_status":"closed","ping_status":"closed","template":"elementor_header_footer","meta":{"_acf_changed":false,"pagelayer_contact_templates":[],"_pagelayer_content":"","_monsterinsights_skip_tracking":false,"_monsterinsights_sitenote_active":false,"_monsterinsights_sitenote_note":"","_monsterinsights_sitenote_category":0,"footnotes":""},"class_list":["post-5586","page","type-page","status-publish","hentry"],"acf":[],"_links":{"self":[{"href":"http:\/\/www.depark.com\/en\/wp-json\/wp\/v2\/pages\/5586","targetHints":{"allow":["GET"]}}],"collection":[{"href":"http:\/\/www.depark.com\/en\/wp-json\/wp\/v2\/pages"}],"about":[{"href":"http:\/\/www.depark.com\/en\/wp-json\/wp\/v2\/types\/page"}],"author":[{"embeddable":true,"href":"http:\/\/www.depark.com\/en\/wp-json\/wp\/v2\/users\/1"}],"replies":[{"embeddable":true,"href":"http:\/\/www.depark.com\/en\/wp-json\/wp\/v2\/comments?post=5586"}],"version-history":[{"count":158,"href":"http:\/\/www.depark.com\/en\/wp-json\/wp\/v2\/pages\/5586\/revisions"}],"predecessor-version":[{"id":9005,"href":"http:\/\/www.depark.com\/en\/wp-json\/wp\/v2\/pages\/5586\/revisions\/9005"}],"wp:attachment":[{"href":"http:\/\/www.depark.com\/en\/wp-json\/wp\/v2\/media?parent=5586"}],"curies":[{"name":"wp","href":"https:\/\/api.w.org\/{rel}","templated":true}]}}