{"id":5679,"date":"2025-08-20T11:22:21","date_gmt":"2025-08-20T11:22:21","guid":{"rendered":"https:\/\/www.depark.com\/?page_id=5679"},"modified":"2025-09-01T14:13:54","modified_gmt":"2025-09-01T14:13:54","slug":"ekibimiz","status":"publish","type":"page","link":"http:\/\/www.depark.com\/en\/ekibimiz\/","title":{"rendered":"Team"},"content":{"rendered":"<div data-elementor-type=\"wp-page\" data-elementor-id=\"5679\" class=\"elementor elementor-5679\">\n\t\t\t\t<div class=\"elementor-element elementor-element-3cec83a e-flex e-con-boxed elementor-invisible e-con e-parent\" data-id=\"3cec83a\" data-element_type=\"container\" data-settings=\"{&quot;animation&quot;:&quot;slideInUp&quot;}\">\n\t\t\t\t\t<div class=\"e-con-inner\">\n\t\t\t\t<div class=\"elementor-element elementor-element-1edf840 elementor-widget elementor-widget-shortcode\" data-id=\"1edf840\" data-element_type=\"widget\" data-widget_type=\"shortcode.default\">\n\t\t\t\t\t\t\t<div class=\"elementor-shortcode\"><div class=\"ekip-gruplu-wrapper\"><div class=\"departman-block\" data-dep=\"Y\u00f6netim\"><h2 class=\"departman-baslik\">Management<\/h2><div class=\"ekip-wrapper\"><div class=\"ekip-item\"><div class=\"ekip-image\" style=\"background-image:url(http:\/\/www.depark.com\/wp-content\/uploads\/2025\/08\/zeki-atil-bulut.jpg);\"><div class=\"ekip-overlay\"><div class=\"overlay-inner\"><h3 class=\"ekip-ad\">CEO<\/h3><p class=\"meslek\">General Manager<\/p><p class=\"eposta\"><a href=\"mailto:yonetim@depark.com\">yonetim@depark.com<\/a><\/p><p class=\"dahili-no\">Dahili: 0232 412 80 04<\/p><\/div><a class=\"linkedin-icon share-btn\" href=\"https:\/\/www.linkedin.com\/in\/zeki-at%C4%B1l-bulut-b4460976\/\" target=\"_blank\" rel=\"noopener\" aria-label=\"LinkedIn profili\"><i class=\"fab fa-linkedin-in\"><\/i><\/a><\/div><\/div><\/div><div class=\"ekip-item\"><div class=\"ekip-image\" style=\"background-image:url(http:\/\/www.depark.com\/wp-content\/uploads\/2025\/08\/busra-yasa.jpg);\"><div class=\"ekip-overlay\"><div class=\"overlay-inner\"><h3 class=\"ekip-ad\">B\u00fc\u015fra YA\u015eA<\/h3><p class=\"meslek\">Executive Assistant \/ Public Relations<\/p><p class=\"eposta\"><a href=\"mailto:busra.yasa@depark.com\">busra.yasa@depark.com<\/a><\/p><p class=\"dahili-no\">Dahili: 0232 412 80 19<\/p><\/div><a class=\"linkedin-icon share-btn\" href=\"https:\/\/www.linkedin.com\/in\/b\u00fc\u015fra-ya\u015fa-\" target=\"_blank\" rel=\"noopener\" aria-label=\"LinkedIn profili\"><i class=\"fab fa-linkedin-in\"><\/i><\/a><\/div><\/div><\/div><\/div><\/div><div class=\"departman-block\" data-dep=\"Kurumsal \u0130leti\u015fim ve Marka Y\u00f6netimi\"><h2 class=\"departman-baslik\">Corporate Communication and Brand Management<\/h2><div class=\"ekip-wrapper\"><div class=\"ekip-item\"><div class=\"ekip-image\" style=\"background-image:url(http:\/\/www.depark.com\/wp-content\/uploads\/2025\/08\/hatice-ozcan-kilic.jpg);\"><div class=\"ekip-overlay\"><div class=\"overlay-inner\"><h3 class=\"ekip-ad\">Hatice \u00d6ZCAN KILI\u00c7<\/h3><p class=\"meslek\">Corporate Communication and Brand Manager<\/p><p class=\"eposta\"><a href=\"mailto:hatice.ozcan@depark.com\">hatice.ozcan@depark.com<\/a><\/p><p class=\"dahili-no\">Dahili: 0232 412 80 05<\/p><\/div><a class=\"linkedin-icon share-btn\" href=\"https:\/\/www.linkedin.com\/in\/haticeozcankilic\/\" target=\"_blank\" rel=\"noopener\" aria-label=\"LinkedIn profili\"><i class=\"fab fa-linkedin-in\"><\/i><\/a><\/div><\/div><\/div><div class=\"ekip-item\"><div class=\"ekip-image\" style=\"background-image:url(http:\/\/www.depark.com\/wp-content\/uploads\/2025\/08\/mesut-buyukduz.jpg);\"><div class=\"ekip-overlay\"><div class=\"overlay-inner\"><h3 class=\"ekip-ad\">Corporate Communications and Brand Management Department<\/h3><p class=\"meslek\">Graphic Design<\/p><p class=\"eposta\"><a href=\"mailto:mesut.buyukduz@depark.com\">mesut.buyukduz@depark.com<\/a><\/p><p class=\"dahili-no\">Dahili: 0232 412 80 33<\/p><\/div><a class=\"linkedin-icon share-btn\" href=\"https:\/\/www.linkedin.com\/in\/mesutbuyukduz\/\" target=\"_blank\" rel=\"noopener\" aria-label=\"LinkedIn profili\"><i class=\"fab fa-linkedin-in\"><\/i><\/a><\/div><\/div><\/div><div class=\"ekip-item\"><div class=\"ekip-image\" style=\"background-image:url(http:\/\/www.depark.com\/wp-content\/uploads\/2026\/01\/ardaemirergin.jpg);\"><div class=\"ekip-overlay\"><div class=\"overlay-inner\"><h3 class=\"ekip-ad\">Arda Emir ERG\u0130N<\/h3><p class=\"meslek\">Visual Design<\/p><p class=\"eposta\"><a href=\"mailto:arda.ergin@depark.com\">arda.ergin@depark.com<\/a><\/p><p class=\"dahili-no\">Dahili: 0232 412 80 35<\/p><\/div><a class=\"linkedin-icon share-btn\" href=\"https:\/\/www.linkedin.com\/in\/ardaemirergin\" target=\"_blank\" rel=\"noopener\" aria-label=\"LinkedIn profili\"><i class=\"fab fa-linkedin-in\"><\/i><\/a><\/div><\/div><\/div><\/div><\/div><div class=\"departman-block\" data-dep=\"Hukuk M\u00fc\u015favirli\u011fi\"><h2 class=\"departman-baslik\">Legal Affairs<\/h2><div class=\"ekip-wrapper\"><div class=\"ekip-item\"><div class=\"ekip-image\" style=\"background-image:url(http:\/\/www.depark.com\/wp-content\/uploads\/2025\/08\/gokcen_2.jpg);\"><div class=\"ekip-overlay\"><div class=\"overlay-inner\"><h3 class=\"ekip-ad\">G\u00f6k\u00e7en T\u00dcRK<\/h3><p class=\"meslek\">Lawyer<\/p><p class=\"eposta\"><a href=\"mailto:gokcen.turk@depark.com\">gokcen.turk@depark.com<\/a><\/p><p class=\"dahili-no\">Dahili: 0232 412 80 56<\/p><\/div><a class=\"linkedin-icon share-btn\" href=\"https:\/\/www.linkedin.com\/in\/g%C3%B6k%C3%A7en-t%C3%BCrk-198789347\/\" target=\"_blank\" rel=\"noopener\" aria-label=\"LinkedIn profili\"><i class=\"fab fa-linkedin-in\"><\/i><\/a><\/div><\/div><\/div><\/div><\/div><div class=\"departman-block\" data-dep=\"Teknoloji Transfer Ofisi\"><h2 class=\"departman-baslik\">Technology Transfer Office<\/h2><div class=\"ekip-wrapper\"><div class=\"ekip-item\"><div class=\"ekip-image\" style=\"background-image:url(http:\/\/www.depark.com\/wp-content\/uploads\/2025\/08\/ezgi-gozuacik.jpg);\"><div class=\"ekip-overlay\"><div class=\"overlay-inner\"><h3 class=\"ekip-ad\">Ezgi G\u00d6Z\u00dcA\u00c7IK<\/h3><p class=\"meslek\">Intellectual and Industrial Property Rights<\/p><p class=\"eposta\"><a href=\"mailto:ezgi.gozuacik@depark.com\">ezgi.gozuacik@depark.com<\/a><\/p><p class=\"dahili-no\">Dahili: 0232 412 80 52<\/p><\/div><a class=\"linkedin-icon share-btn\" href=\"https:\/\/www.linkedin.com\/in\/ezgi-g%C3%B6z%C3%BCa%C3%A7%C4%B1k-60a4a0113\/\" target=\"_blank\" rel=\"noopener\" aria-label=\"LinkedIn profili\"><i class=\"fab fa-linkedin-in\"><\/i><\/a><\/div><\/div><\/div><div class=\"ekip-item\"><div class=\"ekip-image\" style=\"background-image:url(http:\/\/www.depark.com\/wp-content\/uploads\/2025\/09\/mine-web.jpg);\"><div class=\"ekip-overlay\"><div class=\"overlay-inner\"><h3 class=\"ekip-ad\">Mine DOLUNAY<\/h3><p class=\"meslek\">Intellectual and Industrial Property Rights<\/p><p class=\"eposta\"><a href=\"mailto:mine.dolunay@depark.com\">mine.dolunay@depark.com<\/a><\/p><p class=\"dahili-no\">Dahili: +90 545 988 99 69<\/p><\/div><a class=\"linkedin-icon share-btn\" href=\"https:\/\/www.linkedin.com\/in\/mine-dolunay-5110baa6\/?originalSubdomain=tr\" target=\"_blank\" rel=\"noopener\" aria-label=\"LinkedIn profili\"><i class=\"fab fa-linkedin-in\"><\/i><\/a><\/div><\/div><\/div><div class=\"ekip-item\"><div class=\"ekip-image\" style=\"background-image:url(http:\/\/www.depark.com\/wp-content\/uploads\/2026\/02\/sabit-onder.jpg);\"><div class=\"ekip-overlay\"><div class=\"overlay-inner\"><h3 class=\"ekip-ad\">Sabit \u00d6nder \u00d6L\u00c7\u00dcM<\/h3><p class=\"meslek\">Intellectual and Industrial Property Rights<\/p><p class=\"eposta\"><a href=\"mailto:onder.olcum@depark.com\">onder.olcum@depark.com<\/a><\/p><p class=\"dahili-no\">Dahili: +90 545 988 99 69<\/p><\/div><a class=\"linkedin-icon share-btn\" href=\"https:\/\/www.linkedin.com\/in\/sabit-%C3%B6nder-%C3%B6l%C3%A7%C3%BCm-a29ba0237\/\" target=\"_blank\" rel=\"noopener\" aria-label=\"LinkedIn profili\"><i class=\"fab fa-linkedin-in\"><\/i><\/a><\/div><\/div><\/div><div class=\"ekip-item\"><div class=\"ekip-image\" style=\"background-image:url(http:\/\/www.depark.com\/wp-content\/uploads\/2025\/08\/kerim-aydag.jpg);\"><div class=\"ekip-overlay\"><div class=\"overlay-inner\"><h3 class=\"ekip-ad\">Kerim AYDA\u011e<\/h3><p class=\"meslek\">Strategic Partnerships and Ecosystem Development<\/p><p class=\"eposta\"><a href=\"mailto:kerim.aydag@depark.com\">kerim.aydag@depark.com<\/a><\/p><p class=\"dahili-no\">Dahili: 0232 412 80 25<\/p><\/div><a class=\"linkedin-icon share-btn\" href=\"https:\/\/www.linkedin.com\/in\/kerim-ayda%C4%9F-a742681b7\/\" target=\"_blank\" rel=\"noopener\" aria-label=\"LinkedIn profili\"><i class=\"fab fa-linkedin-in\"><\/i><\/a><\/div><\/div><\/div><div class=\"ekip-item\"><div class=\"ekip-image\" style=\"background-image:url(http:\/\/www.depark.com\/wp-content\/uploads\/2025\/08\/funda-fisek.jpg);\"><div class=\"ekip-overlay\"><div class=\"overlay-inner\"><h3 class=\"ekip-ad\">Funda F\u0130\u015eEK<\/h3><p class=\"meslek\">Strategic Partnerships and Ecosystem Development<\/p><p class=\"eposta\"><a href=\"mailto:funda.fisek@depark.com\">funda.fisek@depark.com<\/a><\/p><p class=\"dahili-no\">Dahili: 0232 412 80 09<\/p><\/div><a class=\"linkedin-icon share-btn\" href=\"https:\/\/www.linkedin.com\/in\/funda-fi%C5%9Fek-3857b2322\/?utm_source=share&#038;utm_campaign=share_via&#038;utm_content=profile&#038;utm_medium=android_app\" target=\"_blank\" rel=\"noopener\" aria-label=\"LinkedIn profili\"><i class=\"fab fa-linkedin-in\"><\/i><\/a><\/div><\/div><\/div><div class=\"ekip-item\"><div class=\"ekip-image\" style=\"background-image:url(http:\/\/www.depark.com\/wp-content\/uploads\/2025\/10\/doruk-deniz.jpg);\"><div class=\"ekip-overlay\"><div class=\"overlay-inner\"><h3 class=\"ekip-ad\">Doruk Deniz \u0130LMEN\u00d6Z<\/h3><p class=\"meslek\">Strategic Partnerships and Ecosystem Development<\/p><p class=\"eposta\"><a href=\"mailto:deniz.ilmenoz@depark.com\">deniz.ilmenoz@depark.com<\/a><\/p><p class=\"dahili-no\">Dahili: 0232 412 80 32<\/p><\/div><a class=\"linkedin-icon share-btn\" href=\"https:\/\/www.linkedin.com\/in\/doruk-deniz-ilmen%C3%B6z-61352118a\/?utm_source=share&#038;utm_campaign=share_via&#038;utm_content=profile&#038;utm_medium=android_app\" target=\"_blank\" rel=\"noopener\" aria-label=\"LinkedIn profili\"><i class=\"fab fa-linkedin-in\"><\/i><\/a><\/div><\/div><\/div><div class=\"ekip-item\"><div class=\"ekip-image\" style=\"background-image:url(http:\/\/www.depark.com\/wp-content\/uploads\/2025\/12\/Alper-GIRGIN.jpg);\"><div class=\"ekip-overlay\"><div class=\"overlay-inner\"><h3 class=\"ekip-ad\">Alper G\u0130RG\u0130N<\/h3><p class=\"meslek\">Project Support<\/p><p class=\"eposta\"><a href=\"mailto:alper.girgin@depark.com\">alper.girgin@depark.com<\/a><\/p><\/div><a class=\"linkedin-icon share-btn\" href=\"https:\/\/www.linkedin.com\/in\/alpergirginn\" target=\"_blank\" rel=\"noopener\" aria-label=\"LinkedIn profili\"><i class=\"fab fa-linkedin-in\"><\/i><\/a><\/div><\/div><\/div><\/div><div class=\"tto-resim-wrapper\"><a href=\"https:\/\/www.dokuzeylultto.com\/\" target=\"_blank\" rel=\"noopener noreferrer\"><img decoding=\"async\" class=\"tto-resim\" src=\"http:\/\/www.depark.com\/wp-content\/uploads\/2025\/08\/DETTOLOGO-02.png\" alt=\"DETTO Logo\"><\/a><\/div><div class=\"tto-aciklama\"><p>Operating as a coordinating body within Dokuz Eyl\u00fcl University since 2013, the Dokuz Eyl\u00fcl Technology Transfer Office (DETTO) provides strategic support to DEPARK, the university's technology development zone, in technology transfer office (TTO) processes.<\/p><\/div><\/div><div class=\"departman-block\" data-dep=\"Firma Takip ve \u0130\u015f Geli\u015ftirme\"><h2 class=\"departman-baslik\">Company Relations and Business Development<\/h2><div class=\"ekip-wrapper\"><div class=\"ekip-item\"><div class=\"ekip-image\" style=\"background-image:url(http:\/\/www.depark.com\/wp-content\/uploads\/2025\/08\/aytekin-demir.jpg);\"><div class=\"ekip-overlay\"><div class=\"overlay-inner\"><h3 class=\"ekip-ad\">Aytekin \u00d6zhan DEM\u0130R<\/h3><p class=\"meslek\">Company Relations and Business Development Manager<\/p><p class=\"eposta\"><a href=\"mailto:aytekin.demir@depark.com\">aytekin.demir@depark.com<\/a><\/p><\/div><a class=\"linkedin-icon share-btn\" href=\"https:\/\/www.linkedin.com\/in\/aytekin-demir-a4634b72?utm_source=share&#038;utm_campaign=share_via&#038;utm_content=profile&#038;utm_medium=android_app\" target=\"_blank\" rel=\"noopener\" aria-label=\"LinkedIn profili\"><i class=\"fab fa-linkedin-in\"><\/i><\/a><\/div><\/div><\/div><div class=\"ekip-item\"><div class=\"ekip-image\" style=\"background-image:url(http:\/\/www.depark.com\/wp-content\/uploads\/2025\/08\/ali-hilmi-direkler.jpg);\"><div class=\"ekip-overlay\"><div class=\"overlay-inner\"><h3 class=\"ekip-ad\">Hilmi Ali D\u0130REKLER<\/h3><p class=\"meslek\">Company Relations and Business Development Department<\/p><p class=\"eposta\"><a href=\"mailto:hilmi.direkler@depark.com\">hilmi.direkler@depark.com<\/a><\/p><p class=\"dahili-no\">Dahili: 0232 301 91 15<\/p><\/div><a class=\"linkedin-icon share-btn\" href=\"https:\/\/www.linkedin.com\/in\/hilmi-ali-direkler-66497a1a6\/\" target=\"_blank\" rel=\"noopener\" aria-label=\"LinkedIn profili\"><i class=\"fab fa-linkedin-in\"><\/i><\/a><\/div><\/div><\/div><div class=\"ekip-item\"><div class=\"ekip-image\" style=\"background-image:url(http:\/\/www.depark.com\/wp-content\/uploads\/2026\/01\/beyzanurkoc.jpg);\"><div class=\"ekip-overlay\"><div class=\"overlay-inner\"><h3 class=\"ekip-ad\">Beyzanur KO\u00c7<\/h3><p class=\"meslek\">Company Relations and Business Development Department<\/p><p class=\"eposta\"><a href=\"mailto:beyzanur.koc@depark.com\">beyzanur.koc@depark.com<\/a><\/p><p class=\"dahili-no\">Dahili: 0232 301 91 13<\/p><\/div><\/div><\/div><\/div><\/div><\/div><div class=\"departman-block\" data-dep=\"Teknik Hizmetler ve Tesisler Y\u00f6netimi\"><h2 class=\"departman-baslik\">Technical Services and Facilities Manager<\/h2><div class=\"ekip-wrapper\"><div class=\"ekip-item\"><div class=\"ekip-image\" style=\"background-image:url(http:\/\/www.depark.com\/wp-content\/uploads\/2025\/11\/veysel-web-sitesi-fotosu.jpg);\"><div class=\"ekip-overlay\"><div class=\"overlay-inner\"><h3 class=\"ekip-ad\">Veysel YURTSEVEN<\/h3><p class=\"meslek\">Technical Services and Facilities Manager<\/p><p class=\"eposta\"><a href=\"mailto:veysel.yurtseven@depark.com\">veysel.yurtseven@depark.com<\/a><\/p><p class=\"dahili-no\">Dahili: 0232 412 80 10<\/p><\/div><a class=\"linkedin-icon share-btn\" href=\"https:\/\/www.linkedin.com\/in\/veysel-yurtseven-b49439119\/\" target=\"_blank\" rel=\"noopener\" aria-label=\"LinkedIn profili\"><i class=\"fab fa-linkedin-in\"><\/i><\/a><\/div><\/div><\/div><div class=\"ekip-item\"><div class=\"ekip-image\" style=\"background-image:url(http:\/\/www.depark.com\/wp-content\/uploads\/2025\/08\/omer-yasar.jpg);\"><div class=\"ekip-overlay\"><div class=\"overlay-inner\"><h3 class=\"ekip-ad\">\u00d6mer YA\u015eAR<\/h3><p class=\"meslek\">TGB-1 Zone Supervisor<\/p><p class=\"eposta\"><a href=\"mailto:omer.yasar@depark.com\">omer.yasar@depark.com<\/a><\/p><p class=\"dahili-no\">Dahili: 0232 301 97 97<\/p><\/div><a class=\"linkedin-icon share-btn\" href=\"https:\/\/www.linkedin.com\/in\/%C3%B6mer-ya%C5%9Far-528b0817a\/\" target=\"_blank\" rel=\"noopener\" aria-label=\"LinkedIn profili\"><i class=\"fab fa-linkedin-in\"><\/i><\/a><\/div><\/div><\/div><div class=\"ekip-item\"><div class=\"ekip-image\" style=\"background-image:url(http:\/\/www.depark.com\/wp-content\/uploads\/2025\/09\/UMUT.jpg);\"><div class=\"ekip-overlay\"><div class=\"overlay-inner\"><h3 class=\"ekip-ad\">Umut ENG\u0130N<\/h3><p class=\"meslek\">TGB-2 \/ TGB-3 Zone Supervisor<\/p><p class=\"eposta\"><a href=\"mailto:umut.engin@depark.com\">umut.engin@depark.com<\/a><\/p><p class=\"dahili-no\">Dahili: 0232 412 80 21<\/p><\/div><a class=\"linkedin-icon share-btn\" href=\"https:\/\/www.linkedin.com\/in\/umut-engin-a58256138\/\" target=\"_blank\" rel=\"noopener\" aria-label=\"LinkedIn profili\"><i class=\"fab fa-linkedin-in\"><\/i><\/a><\/div><\/div><\/div><div class=\"ekip-item\"><div class=\"ekip-image\" style=\"background-image:url(http:\/\/www.depark.com\/wp-content\/uploads\/2025\/08\/ugur-bozkurt.jpg);\"><div class=\"ekip-overlay\"><div class=\"overlay-inner\"><h3 class=\"ekip-ad\">U\u011fur BOZKURT<\/h3><p class=\"meslek\">Information Technologies<\/p><p class=\"eposta\"><a href=\"mailto:ugur.bozkurt@depark.com\">ugur.bozkurt@depark.com<\/a><\/p><p class=\"dahili-no\">Dahili: 0232 412 80 21<\/p><\/div><a class=\"linkedin-icon share-btn\" href=\"https:\/\/www.linkedin.com\/in\/u%C4%9Fur-bozkurt-5147551b4\/\" target=\"_blank\" rel=\"noopener\" aria-label=\"LinkedIn profili\"><i class=\"fab fa-linkedin-in\"><\/i><\/a><\/div><\/div><\/div><div class=\"ekip-item\"><div class=\"ekip-image\" style=\"background-image:url(http:\/\/www.depark.com\/wp-content\/uploads\/2025\/11\/ismail-emre-yuksel.jpg);\"><div class=\"ekip-overlay\"><div class=\"overlay-inner\"><h3 class=\"ekip-ad\">Emre Y\u00dcKSEL<\/h3><p class=\"meslek\">Information Technologies<\/p><p class=\"eposta\"><a href=\"mailto:emre.yuksel@depark.com\">emre.yuksel@depark.com<\/a><\/p><p class=\"dahili-no\">Dahili: 0232 412 80 21<\/p><\/div><a class=\"linkedin-icon share-btn\" href=\"https:\/\/www.linkedin.com\/in\/emre-y\u00fcksel-293a91215?utm_source=share_via&#038;utm_content=profile&#038;utm_medium=member_ios\" target=\"_blank\" rel=\"noopener\" aria-label=\"LinkedIn profili\"><i class=\"fab fa-linkedin-in\"><\/i><\/a><\/div><\/div><\/div><\/div><\/div><div class=\"departman-block\" data-dep=\"Y\u00f6netim Hizmetleri\"><h2 class=\"departman-baslik\">Management Services<\/h2><div class=\"ekip-wrapper\"><div class=\"ekip-item\"><div class=\"ekip-image\" style=\"background-image:url(http:\/\/www.depark.com\/wp-content\/uploads\/2025\/08\/dilek-guler.jpg);\"><div class=\"ekip-overlay\"><div class=\"overlay-inner\"><h3 class=\"ekip-ad\">Dilek G\u00dcLER<\/h3><p class=\"meslek\">Administrative Services Manager<\/p><p class=\"eposta\"><a href=\"mailto:dilek.guler@depark.com\">dilek.guler@depark.com<\/a><\/p><p class=\"dahili-no\">Dahili: 0232 412 80 15<\/p><\/div><a class=\"linkedin-icon share-btn\" href=\"https:\/\/www.linkedin.com\/in\/dilek-g\u00fcler\" target=\"_blank\" rel=\"noopener\" aria-label=\"LinkedIn profili\"><i class=\"fab fa-linkedin-in\"><\/i><\/a><\/div><\/div><\/div><div class=\"ekip-item\"><div class=\"ekip-image\" style=\"background-image:url(http:\/\/www.depark.com\/wp-content\/uploads\/2025\/08\/duru-baykal.jpg);\"><div class=\"ekip-overlay\"><div class=\"overlay-inner\"><h3 class=\"ekip-ad\">Duru BAYKAL EKT\u0130REN<\/h3><p class=\"meslek\">Financial Affairs <\/p><p class=\"eposta\"><a href=\"mailto:duru.baykal@depark.com\">duru.baykal@depark.com<\/a><\/p><p class=\"dahili-no\">Dahili: 0232 412 80 14<\/p><\/div><a class=\"linkedin-icon share-btn\" href=\"https:\/\/www.linkedin.com\/in\/duru-baykal\" target=\"_blank\" rel=\"noopener\" aria-label=\"LinkedIn profili\"><i class=\"fab fa-linkedin-in\"><\/i><\/a><\/div><\/div><\/div><div class=\"ekip-item\"><div class=\"ekip-image\" style=\"background-image:url(http:\/\/www.depark.com\/wp-content\/uploads\/2025\/08\/hilal-cikot.jpg);\"><div class=\"ekip-overlay\"><div class=\"overlay-inner\"><h3 class=\"ekip-ad\">Hilal \u00c7\u0130KOT<\/h3><p class=\"meslek\">Human Resources \/ Quality Representative<\/p><p class=\"eposta\"><a href=\"mailto:hilal.cikot@depark.com\">hilal.cikot@depark.com<\/a><\/p><p class=\"dahili-no\">Dahili: 0232 412 80 57<\/p><\/div><a class=\"linkedin-icon share-btn\" href=\"https:\/\/www.linkedin.com\/in\/hilal\u00e7ikot\" target=\"_blank\" rel=\"noopener\" aria-label=\"LinkedIn profili\"><i class=\"fab fa-linkedin-in\"><\/i><\/a><\/div><\/div><\/div><\/div><\/div><div class=\"departman-block\" data-dep=\"Bambu Giri\u015fim Ofisi (GO)\"><div class=\"dep-head bambu-head\"><img decoding=\"async\" class=\"dep-logo\" src=\"http:\/\/www.depark.com\/wp-content\/uploads\/2025\/08\/cropped-XH6zTpN3_200x200.jpg.webp\" alt=\"Bambu Logo\" loading=\"lazy\"><span class=\"dep-line\" aria-hidden=\"true\"><\/span><h2 class=\"dep-title\" title=\"BAMBU Entrepreneurship Office\">BAMBU Entrepreneurship Office<\/h2><\/div><div class=\"ekip-wrapper\"><div class=\"ekip-item\"><div class=\"ekip-image\" style=\"background-image:url(http:\/\/www.depark.com\/wp-content\/uploads\/2025\/08\/gizem-kaya.jpg);\"><div class=\"ekip-overlay\"><div class=\"overlay-inner\"><h3 class=\"ekip-ad\">Gizem KAYA \u015eAH\u0130N<\/h3><p class=\"meslek\">Bamboo GO Manager<\/p><p class=\"eposta\"><a href=\"mailto:gizem.kaya@depark.com\">gizem.kaya@depark.com<\/a><\/p><p class=\"dahili-no\">Dahili: 0232 453 03 93<\/p><\/div><a class=\"linkedin-icon share-btn\" href=\"https:\/\/www.linkedin.com\/in\/gizem-kaya-%C5%9Fahin-331226218\/\" target=\"_blank\" rel=\"noopener\" aria-label=\"LinkedIn profili\"><i class=\"fab fa-linkedin-in\"><\/i><\/a><\/div><\/div><\/div><div class=\"ekip-item\"><div class=\"ekip-image\" style=\"background-image:url(http:\/\/www.depark.com\/wp-content\/uploads\/2025\/12\/Gulcin-COLAK.jpg);\"><div class=\"ekip-overlay\"><div class=\"overlay-inner\"><h3 class=\"ekip-ad\">G\u00fcl\u00e7in \u00c7OLAK<\/h3><p class=\"meslek\">Bambu GO <\/p><p class=\"eposta\"><a href=\"mailto:gulcin.colak@depark.com\">gulcin.colak@depark.com<\/a><\/p><p class=\"dahili-no\">Dahili: 0232 453 03 93<\/p><\/div><a class=\"linkedin-icon share-btn\" href=\"https:\/\/www.linkedin.com\/in\/gulcincolak\/\" target=\"_blank\" rel=\"noopener\" aria-label=\"LinkedIn profili\"><i class=\"fab fa-linkedin-in\"><\/i><\/a><\/div><\/div><\/div><div class=\"ekip-item\"><div class=\"ekip-image\" style=\"background-image:url(http:\/\/www.depark.com\/wp-content\/uploads\/2025\/12\/Kursat-CICIN.jpg);\"><div class=\"ekip-overlay\"><div class=\"overlay-inner\"><h3 class=\"ekip-ad\">K\u00fcr\u015fat \u00c7\u0130\u00c7\u0130N<\/h3><p class=\"meslek\">Bambu GO <\/p><p class=\"eposta\"><a href=\"mailto:kursat.cicin@depark.com\">kursat.cicin@depark.com<\/a><\/p><p class=\"dahili-no\">Dahili: 0232 453 03 93<\/p><\/div><a class=\"linkedin-icon share-btn\" href=\"https:\/\/www.linkedin.com\/in\/k%C3%BCr%C5%9Fat-%C3%A7i%C3%A7in?utm_source=share&#038;utm_campaign=share_via&#038;utm_content=profile&#038;utm_medium=android_app\" target=\"_blank\" rel=\"noopener\" aria-label=\"LinkedIn profili\"><i class=\"fab fa-linkedin-in\"><\/i><\/a><\/div><\/div><\/div><div class=\"ekip-item\"><div class=\"ekip-image\" style=\"background-image:url(http:\/\/www.depark.com\/wp-content\/uploads\/2025\/08\/melisa-sagbilge.jpg);\"><div class=\"ekip-overlay\"><div class=\"overlay-inner\"><h3 class=\"ekip-ad\">Melisa SA\u011eB\u0130LGE<\/h3><p class=\"meslek\">Bambu GO <\/p><p class=\"eposta\"><a href=\"mailto:melisa.sagbilge@depark.com\">melisa.sagbilge@depark.com<\/a><\/p><p class=\"dahili-no\">Dahili: 0232 453 03 93<\/p><\/div><a class=\"linkedin-icon share-btn\" href=\"https:\/\/www.linkedin.com\/in\/melisa-sa%C4%9Fbilge-40b159239\/\" target=\"_blank\" rel=\"noopener\" aria-label=\"LinkedIn profili\"><i class=\"fab fa-linkedin-in\"><\/i><\/a><\/div><\/div><\/div><div class=\"ekip-item\"><div class=\"ekip-image\" style=\"background-image:url(http:\/\/www.depark.com\/wp-content\/uploads\/2025\/12\/ezgi-gelmen.jpg);\"><div class=\"ekip-overlay\"><div class=\"overlay-inner\"><h3 class=\"ekip-ad\">Ezgi GELMEN<\/h3><p class=\"meslek\">Bambu GO <\/p><p class=\"eposta\"><a href=\"mailto:ezgi.gelmen@depark.com\">ezgi.gelmen@depark.com<\/a><\/p><p class=\"dahili-no\">Dahili: 0232 453 03 93<\/p><\/div><a class=\"linkedin-icon share-btn\" href=\"https:\/\/www.linkedin.com\/in\/ezgi-gelmen-a2925a266\/\" target=\"_blank\" rel=\"noopener\" aria-label=\"LinkedIn profili\"><i class=\"fab fa-linkedin-in\"><\/i><\/a><\/div><\/div><\/div><div class=\"ekip-item\"><div class=\"ekip-image\" style=\"background-image:url(http:\/\/www.depark.com\/wp-content\/uploads\/2026\/03\/furkan-guzel.jpg);\"><div class=\"ekip-overlay\"><div class=\"overlay-inner\"><h3 class=\"ekip-ad\">Furkan G\u00dcZEL<\/h3><p class=\"meslek\">A\u011fr\u0131 GO<\/p><p class=\"eposta\"><a href=\"mailto:furkan.guzel@depark.com\">furkan.guzel@depark.com<\/a><\/p><\/div><a class=\"linkedin-icon share-btn\" href=\"https:\/\/www.linkedin.com\/in\/furkan-g%C3%BCzel-05464820b\" target=\"_blank\" rel=\"noopener\" aria-label=\"LinkedIn profili\"><i class=\"fab fa-linkedin-in\"><\/i><\/a><\/div><\/div><\/div><\/div><div class=\"tto-resim-wrapper\"><a href=\"https:\/\/deparkbambugo.com\/\" target=\"_blank\" rel=\"noopener noreferrer\"><button class=\"bambu-buton\">BAMBU Web Sites<\/button><\/a><\/div><\/div><\/div><\/div>\n\t\t\t\t\t\t<\/div>\n\t\t\t\t\t<\/div>\n\t\t\t\t<\/div>\n\t\t\t\t<\/div>","protected":false},"excerpt":{"rendered":"","protected":false},"author":1,"featured_media":0,"parent":0,"menu_order":0,"comment_status":"closed","ping_status":"closed","template":"elementor_header_footer","meta":{"_acf_changed":false,"pagelayer_contact_templates":[],"_pagelayer_content":"","_monsterinsights_skip_tracking":false,"_monsterinsights_sitenote_active":false,"_monsterinsights_sitenote_note":"","_monsterinsights_sitenote_category":0,"footnotes":""},"class_list":["post-5679","page","type-page","status-publish","hentry"],"acf":[],"_links":{"self":[{"href":"http:\/\/www.depark.com\/en\/wp-json\/wp\/v2\/pages\/5679","targetHints":{"allow":["GET"]}}],"collection":[{"href":"http:\/\/www.depark.com\/en\/wp-json\/wp\/v2\/pages"}],"about":[{"href":"http:\/\/www.depark.com\/en\/wp-json\/wp\/v2\/types\/page"}],"author":[{"embeddable":true,"href":"http:\/\/www.depark.com\/en\/wp-json\/wp\/v2\/users\/1"}],"replies":[{"embeddable":true,"href":"http:\/\/www.depark.com\/en\/wp-json\/wp\/v2\/comments?post=5679"}],"version-history":[{"count":23,"href":"http:\/\/www.depark.com\/en\/wp-json\/wp\/v2\/pages\/5679\/revisions"}],"predecessor-version":[{"id":7934,"href":"http:\/\/www.depark.com\/en\/wp-json\/wp\/v2\/pages\/5679\/revisions\/7934"}],"wp:attachment":[{"href":"http:\/\/www.depark.com\/en\/wp-json\/wp\/v2\/media?parent=5679"}],"curies":[{"name":"wp","href":"https:\/\/api.w.org\/{rel}","templated":true}]}}