{"id":5732,"date":"2025-08-20T13:32:35","date_gmt":"2025-08-20T13:32:35","guid":{"rendered":"https:\/\/www.depark.com\/?page_id=5732"},"modified":"2025-10-09T07:56:26","modified_gmt":"2025-10-09T07:56:26","slug":"bambu-go","status":"publish","type":"page","link":"http:\/\/www.depark.com\/en\/bambu-go\/","title":{"rendered":"BAMBU GO"},"content":{"rendered":"<div data-elementor-type=\"wp-page\" data-elementor-id=\"5732\" class=\"elementor elementor-5732\">\n\t\t\t\t<div class=\"elementor-element elementor-element-b143316 project-details e-con-full e-flex e-con e-parent\" data-id=\"b143316\" data-element_type=\"container\">\n\t\t<div class=\"elementor-element elementor-element-f4de2bd e-flex e-con-boxed e-con e-child\" data-id=\"f4de2bd\" data-element_type=\"container\">\n\t\t\t\t\t<div class=\"e-con-inner\">\n\t\t\t\t<div class=\"elementor-element elementor-element-559a705 animated-slow elementor-invisible elementor-widget elementor-widget-image\" data-id=\"559a705\" data-element_type=\"widget\" data-settings=\"{&quot;_animation&quot;:&quot;slideInDown&quot;}\" data-widget_type=\"image.default\">\n\t\t\t\t\t\t\t\t\t\t\t\t\t\t\t<img fetchpriority=\"high\" decoding=\"async\" width=\"2560\" height=\"1162\" src=\"https:\/\/www.depark.com\/wp-content\/uploads\/2025\/08\/bambu-banner-scaled.jpg\" class=\"attachment-full size-full wp-image-6049\" alt=\"\" srcset=\"https:\/\/www.depark.com\/wp-content\/uploads\/2025\/08\/bambu-banner-scaled.jpg 2560w, https:\/\/www.depark.com\/wp-content\/uploads\/2025\/08\/bambu-banner-scaled-570x259.jpg 570w, https:\/\/www.depark.com\/wp-content\/uploads\/2025\/08\/bambu-banner-300x136.jpg 300w, https:\/\/www.depark.com\/wp-content\/uploads\/2025\/08\/bambu-banner-1024x465.jpg 1024w, https:\/\/www.depark.com\/wp-content\/uploads\/2025\/08\/bambu-banner-768x349.jpg 768w, https:\/\/www.depark.com\/wp-content\/uploads\/2025\/08\/bambu-banner-1536x697.jpg 1536w, https:\/\/www.depark.com\/wp-content\/uploads\/2025\/08\/bambu-banner-2048x930.jpg 2048w, https:\/\/www.depark.com\/wp-content\/uploads\/2025\/08\/bambu-banner-18x8.jpg 18w\" sizes=\"(max-width: 2560px) 100vw, 2560px\" \/>\t\t\t\t\t\t\t\t\t\t\t\t\t\t\t<\/div>\n\t\t\t\t\t<\/div>\n\t\t\t\t<\/div>\n\t\t<div class=\"elementor-element elementor-element-53acd5f e-flex e-con-boxed e-con e-child\" data-id=\"53acd5f\" data-element_type=\"container\">\n\t\t\t\t\t<div class=\"e-con-inner\">\n\t\t<div class=\"elementor-element elementor-element-b4b9a8b e-con-full animated-slow e-flex elementor-invisible e-con e-child\" data-id=\"b4b9a8b\" data-element_type=\"container\" data-settings=\"{&quot;animation&quot;:&quot;slideInRight&quot;}\">\n\t\t\t\t<div class=\"elementor-element elementor-element-194b1b9 elementor-invisible elementor-widget elementor-widget-ostech-service-appointment\" data-id=\"194b1b9\" data-element_type=\"widget\" data-settings=\"{&quot;_animation&quot;:&quot;fadeInRight&quot;}\" data-widget_type=\"ostech-service-appointment.default\">\n\t\t\t\t<div class=\"elementor-widget-container\">\n\t\t\t\t\t    <div class=\"project-details__box\">\r\n        <div class=\"project-details__box__content\">\r\n                            <p class=\"project-details__box__text\"><span class=\"project-details__box__text__top\"><div> <strong>DEPARK BAMBU GO<\/strong><br> <a href=\"https:\/\/www.deparkbambugo.com\/\"> deparkbambugo.com \ud83c\udf10<\/a> <\/div><\/p>\r\n                    <\/div>\r\n                    <div class=\"project-details__box__social\">\r\n                                    <a target=\"_blank\" href=\"https:\/\/x.com\/deparktgb\">\r\n                        <i aria-hidden=\"true\" class=\"icon-x-twitter\"><\/i>                    <\/a>\r\n                                    <a target=\"_blank\" href=\"https:\/\/www.instagram.com\/deparktgb\/\">\r\n                        <i aria-hidden=\"true\" class=\"fab fa-instagram\"><\/i>                    <\/a>\r\n                                    <a target=\"_blank\" href=\"https:\/\/www.linkedin.com\/company\/deparktgb\/\">\r\n                        <i aria-hidden=\"true\" class=\"fab fa-linkedin\"><\/i>                    <\/a>\r\n                                    <a target=\"_blank\" href=\"https:\/\/www.facebook.com\/deparktgb\">\r\n                        <i aria-hidden=\"true\" class=\"fab fa-facebook-f\"><\/i>                    <\/a>\r\n                                    <a target=\"_blank\" href=\"https:\/\/www.youtube.com\/channel\/UCcdLpQgvZTOSX2oyS3Al3qw\/videos\">\r\n                        <i aria-hidden=\"true\" class=\"fab fa-youtube\"><\/i>                    <\/a>\r\n                                    <a target=\"_blank\" href=\"https:\/\/www.flickr.com\/photos\/131113192@N05\/\">\r\n                        <i aria-hidden=\"true\" class=\"fab fa-flickr\"><\/i>                    <\/a>\r\n                            <\/div>\r\n            <\/div>\r\n\r\n\t\t\t\t<\/div>\n\t\t\t\t<\/div>\n\t\t\t\t<\/div>\n\t\t<div class=\"elementor-element elementor-element-83a982c e-con-full e-flex e-con e-child\" data-id=\"83a982c\" data-element_type=\"container\">\n\t\t\t\t<div class=\"elementor-element elementor-element-96df29c animated-slow elementor-invisible elementor-widget elementor-widget-text-editor\" data-id=\"96df29c\" data-element_type=\"widget\" data-settings=\"{&quot;_animation&quot;:&quot;fadeInLeft&quot;}\" data-widget_type=\"text-editor.default\">\n\t\t\t\t\t\t\t\t\t<p style=\"color: #f9ae26; font-weight: bold; font-size: 28px;\">DEPARK BAMBU Entrepreneurship Office \u2013 DEPARK BAMBU<\/p><p>\u00a0<\/p><p style=\"color: #f9ae26; font-weight: bold; font-size: 20px;\">The innovation hub of the entrepreneurship ecosystem: BAMBU GO<\/p><p>The Bambu Acceleration and Incubation Center, which was established within DEPARK in 2017, continues to carry on under the name \"DEPARK BAMBU Entrepreneurship Office \u2013 DEPARK BAMBU GO\" as of 2025. DEPARK BAMBU GO aims to grow innovative business concepts into economic value in both domestic and international markets, thereby contributing to the nation's economy.<\/p><p>DEPARK BAMBU GO is a dynamic entrepreneurial ecosystem that provides individuals with co-working spaces, technical infrastructure, expert mentoring services, and acceleration programs, all while fostering the spirit of entrepreneurship. It has provided training, mentoring, and consultancy support to over 3,000 entrepreneurs since its inception.<br \/><br \/><\/p><p style=\"color: #f9ae26; font-weight: bold; font-size: 20px;\">T\u00dcB\u0130TAK-Supported Entrepreneurship Program: B\u0130GGS\u0130NERJ\u0130<\/p><p>The B\u0130GGS\u0130NERJ\u0130 Program, which is an authorized implementing body within the T\u00dcB\u0130TAK 1512 Techno-Entrepreneurship Capital Support Program (B\u0130GG), is coordinated by DEPARK. It offers pre-incubation services to entrepreneurs who have business ideas that are founded on technology and innovation. B\u0130GGS\u0130NERJ\u0130 achieved a 50% success rate in the 2025\/1 T\u00dcB\u0130TAK B\u0130GG call by providing entrepreneurs with training, mentorship, and a variety of support mechanisms. This achievement was significant in that it effectively connected its entrepreneurs with the investment process.<\/p>\t\t\t\t\t\t\t\t<\/div>\n\t\t\t\t<\/div>\n\t\t\t\t\t<\/div>\n\t\t\t\t<\/div>\n\t\t\t\t<\/div>\n\t\t<div class=\"elementor-element elementor-element-48dbcad e-flex e-con-boxed e-con e-parent\" data-id=\"48dbcad\" data-element_type=\"container\">\n\t\t\t\t\t<div class=\"e-con-inner\">\n\t\t\t\t<div class=\"elementor-element elementor-element-d363c16 elementor-widget elementor-widget-shortcode\" data-id=\"d363c16\" data-element_type=\"widget\" data-widget_type=\"shortcode.default\">\n\t\t\t\t\t\t\t<div class=\"elementor-shortcode\">\n<section class=\"bgo-wrap\">\n   <div class=\"sec-title text-center wow fadeInUp\" data-wow-duration=\"1500ms\" data-wow-delay=\"000ms\">\n            <div class=\"d-flex align-items-center justify-content-center\">\n                <img decoding=\"async\" src=\"https:\/\/www.depark.com\/wp-content\/uploads\/2024\/05\/sec-title-s-1.png\" alt=\"icon\" class=\"sec-title__img\" \/>\n                <span class=\"sec-title__tagline\">Bambu GO<\/span>\n            <\/div>\n            <h2 class=\"sec-title__title\">Bambu Facilities<\/h2>\n        <\/div>\n  <div class=\"bgo-slider\" aria-label=\"Bambu Olanaklar G\u00f6rsel Slider\">\n    <div class=\"bgo-stage\">\n      <figure class=\"bgo-slide is-active\">\n        <img decoding=\"async\" src=\"https:\/\/www.depark.com\/wp-content\/uploads\/2025\/08\/seminer-salonu.jpg\" alt=\"Seminer Salonu\" loading=\"lazy\">\n      <\/figure>\n      <figure class=\"bgo-slide\">\n        <img decoding=\"async\" src=\"https:\/\/www.depark.com\/wp-content\/uploads\/2025\/08\/bambu-lab-1.jpg\" alt=\"Bambu Lab\" loading=\"lazy\">\n      <\/figure>\n      <figure class=\"bgo-slide\">\n        <img decoding=\"async\" src=\"http:\/\/www.depark.com\/wp-content\/uploads\/2025\/08\/studio.jpg\" alt=\"Bambu Icon\" loading=\"lazy\">\n      <\/figure>\n    <\/div>\n    <button class=\"bgo-btn bgo-prev\" aria-label=\"\u00d6nceki\">\u2039<\/button>\n    <button class=\"bgo-btn bgo-next\" aria-label=\"Sonraki\">\u203a<\/button>\n  <\/div>\n<\/section>\n\n<style>\n  \/* Basit d\u00fczen *\/\n  .bgo-wrap{max-width:1200px;margin:0 auto;padding:40px 20px;\n    font-family:inherit;color:#2d3748;background:transparent;margin-top:20px;margin-bottom:20px}\n\n  .bgo-slider{position:relative;background:transparent;padding:0}\n\n  .bgo-stage{position:relative;width:100%;height:648px;overflow:hidden;background:transparent}\n  @media (max-width:640px){ .bgo-stage{height:432px} }\n\n  .bgo-slide{position:absolute;inset:0;opacity:0;transition:opacity .3s ease}\n  .bgo-slide.is-active{opacity:1}\n\n  .bgo-slide img{position:absolute;inset:0;width:100%;height:100%;object-fit:cover;object-position:center;display:block}\n\n  .bgo-btn{position:absolute;top:50%;transform:translateY(-50%);\n    border:0;background:rgba(0,0,0,.5);color:#fff;cursor:pointer;\n    width:40px;height:40px;display:grid;place-items:center;font-size:22px;line-height:1;border-radius:4px}\n  .bgo-prev{left:12px}\n  .bgo-next{right:12px}\n<\/style>\n\n<script>\n(function(){\n  const root = document.currentScript.closest('.bgo-wrap') || document.querySelector('.bgo-wrap');\n  if(!root) return;\n\n  const slider = root.querySelector('.bgo-slider');\n  const stage  = slider.querySelector('.bgo-stage');\n  const slides = Array.from(stage.querySelectorAll('.bgo-slide'));\n\n  let idx = slides.findIndex(s=>s.classList.contains('is-active'));\n  if(idx<0 && slides.length){ idx = 0; slides[0].classList.add('is-active'); }\n\n  function go(n){\n    slides[idx].classList.remove('is-active');\n    idx = (n + slides.length) % slides.length;\n    slides[idx].classList.add('is-active');\n  }\n\n  slider.querySelector('.bgo-next').addEventListener('click', ()=>go(idx+1));\n  slider.querySelector('.bgo-prev').addEventListener('click', ()=>go(idx-1));\n})();\n<\/script>\n\n<\/div>\n\t\t\t\t\t\t<\/div>\n\t\t\t\t\t<\/div>\n\t\t\t\t<\/div>\n\t\t\t\t<\/div>","protected":false},"excerpt":{"rendered":"<p>DEPARK BAMBU GO deparkbambugo.com \ud83c\udf10 DEPARK BAMBU Giri\u015fim Ofisi \u2013 DEPARK BAMBU GO \u00a0 Giri\u015fimcilik ekosisteminin inovasyon dura\u011f\u0131: BAMBU GO 2017 y\u0131l\u0131nda DEPARK b\u00fcnyesinde faaliyete ge\u00e7en Bambu H\u0131zland\u0131rma ve Kulu\u00e7ka Merkezi, 2025 itibar\u0131yla faaliyetlerine \u201cDEPARK BAMBU Giri\u015fim Ofisi \u2013 DEPARK BAMBU GO\u201d ad\u0131yla devam etmektedir. Yenilik\u00e7i i\u015f fikirlerinin ticarile\u015fmesini desteklemeyi ama\u00e7layan DEPARK BAMBU GO; bu [&hellip;]<\/p>","protected":false},"author":1,"featured_media":0,"parent":0,"menu_order":0,"comment_status":"closed","ping_status":"closed","template":"elementor_header_footer","meta":{"_acf_changed":false,"pagelayer_contact_templates":[],"_pagelayer_content":"","_monsterinsights_skip_tracking":false,"_monsterinsights_sitenote_active":false,"_monsterinsights_sitenote_note":"","_monsterinsights_sitenote_category":0,"footnotes":""},"class_list":["post-5732","page","type-page","status-publish","hentry"],"acf":[],"_links":{"self":[{"href":"http:\/\/www.depark.com\/en\/wp-json\/wp\/v2\/pages\/5732","targetHints":{"allow":["GET"]}}],"collection":[{"href":"http:\/\/www.depark.com\/en\/wp-json\/wp\/v2\/pages"}],"about":[{"href":"http:\/\/www.depark.com\/en\/wp-json\/wp\/v2\/types\/page"}],"author":[{"embeddable":true,"href":"http:\/\/www.depark.com\/en\/wp-json\/wp\/v2\/users\/1"}],"replies":[{"embeddable":true,"href":"http:\/\/www.depark.com\/en\/wp-json\/wp\/v2\/comments?post=5732"}],"version-history":[{"count":133,"href":"http:\/\/www.depark.com\/en\/wp-json\/wp\/v2\/pages\/5732\/revisions"}],"predecessor-version":[{"id":9641,"href":"http:\/\/www.depark.com\/en\/wp-json\/wp\/v2\/pages\/5732\/revisions\/9641"}],"wp:attachment":[{"href":"http:\/\/www.depark.com\/en\/wp-json\/wp\/v2\/media?parent=5732"}],"curies":[{"name":"wp","href":"https:\/\/api.w.org\/{rel}","templated":true}]}}