{"id":5740,"date":"2025-08-20T13:36:57","date_gmt":"2025-08-20T13:36:57","guid":{"rendered":"https:\/\/www.depark.com\/?page_id=5740"},"modified":"2025-10-20T15:41:54","modified_gmt":"2025-10-20T15:41:54","slug":"projelerimiz","status":"publish","type":"page","link":"http:\/\/www.depark.com\/en\/projelerimiz\/","title":{"rendered":"Projects"},"content":{"rendered":"<div data-elementor-type=\"wp-page\" data-elementor-id=\"5740\" class=\"elementor elementor-5740\">\n\t\t\t\t<div class=\"elementor-element elementor-element-b143316 project-details e-con-full e-flex elementor-invisible e-con e-parent\" data-id=\"b143316\" data-element_type=\"container\" data-settings=\"{&quot;animation&quot;:&quot;fadeInDown&quot;}\">\n\t\t<div class=\"elementor-element elementor-element-53acd5f e-flex e-con-boxed e-con e-child\" data-id=\"53acd5f\" data-element_type=\"container\">\n\t\t\t\t\t<div class=\"e-con-inner\">\n\t\t<div class=\"elementor-element elementor-element-b4b9a8b e-con-full e-flex e-con e-child\" data-id=\"b4b9a8b\" data-element_type=\"container\">\n\t\t\t\t<div class=\"elementor-element elementor-element-b34f297 elementor-invisible elementor-widget elementor-widget-ostech-service-appointment\" data-id=\"b34f297\" data-element_type=\"widget\" data-settings=\"{&quot;_animation&quot;:&quot;fadeInRight&quot;}\" data-widget_type=\"ostech-service-appointment.default\">\n\t\t\t\t<div class=\"elementor-widget-container\">\n\t\t\t\t\t    <div class=\"project-details__box\">\r\n        <div class=\"project-details__box__content\">\r\n                            <p class=\"project-details__box__text\"><span class=\"project-details__box__text__top\"><div>\n  <strong>Izmir Ent4Int Project <\/strong><br>\n  <a href=\"https:\/\/www.izmirent4int.com\/\"> izmirent4int.com \ud83c\udf10 <\/a>\n<\/div>\n\n<br><div>\n  <strong>BiggSinerji Programs<\/strong><br> \n  <a href=\"https:\/\/www.biggsinerji.com\/\"> biggsinerji.com \ud83c\udf10<\/a>\n<\/div>\n\n<br><div>\n  <strong>Ecominimize Project<\/strong><br> \n  <a href=\"https:\/\/www.ecominimize.com\/tr\"> ecominimize.com \ud83c\udf10<\/a>\n<\/div>\n<\/p>\r\n                    <\/div>\r\n                    <div class=\"project-details__box__social\">\r\n                                    <a target=\"_blank\" href=\"https:\/\/x.com\/deparktgb\">\r\n                        <i aria-hidden=\"true\" class=\"icon-x-twitter\"><\/i>                    <\/a>\r\n                                    <a target=\"_blank\" href=\"https:\/\/www.instagram.com\/deparktgb\/\">\r\n                        <i aria-hidden=\"true\" class=\"fab fa-instagram\"><\/i>                    <\/a>\r\n                                    <a target=\"_blank\" href=\"https:\/\/www.linkedin.com\/company\/deparktgb\/\">\r\n                        <i aria-hidden=\"true\" class=\"fab fa-linkedin\"><\/i>                    <\/a>\r\n                                    <a target=\"_blank\" href=\"https:\/\/www.facebook.com\/deparktgb\">\r\n                        <i aria-hidden=\"true\" class=\"fab fa-facebook-f\"><\/i>                    <\/a>\r\n                                    <a target=\"_blank\" href=\"https:\/\/www.youtube.com\/channel\/UCcdLpQgvZTOSX2oyS3Al3qw\/videos\">\r\n                        <i aria-hidden=\"true\" class=\"fab fa-youtube\"><\/i>                    <\/a>\r\n                                    <a target=\"_blank\" href=\"https:\/\/www.flickr.com\/photos\/131113192@N05\/\">\r\n                        <i aria-hidden=\"true\" class=\"fab fa-flickr\"><\/i>                    <\/a>\r\n                            <\/div>\r\n            <\/div>\r\n\r\n\t\t\t\t<\/div>\n\t\t\t\t<\/div>\n\t\t<div class=\"elementor-element elementor-element-05d6294 e-con-full e-flex e-con e-child\" data-id=\"05d6294\" data-element_type=\"container\">\n\t\t\t\t<div class=\"elementor-element elementor-element-e77050d elementor-widget elementor-widget-image\" data-id=\"e77050d\" data-element_type=\"widget\" data-widget_type=\"image.default\">\n\t\t\t\t\t\t\t\t\t\t\t\t\t\t\t<img fetchpriority=\"high\" decoding=\"async\" width=\"500\" height=\"450\" src=\"https:\/\/www.depark.com\/wp-content\/uploads\/2025\/09\/projeler.jpg\" class=\"attachment-full size-full wp-image-7889\" alt=\"\" srcset=\"https:\/\/www.depark.com\/wp-content\/uploads\/2025\/09\/projeler.jpg 500w, https:\/\/www.depark.com\/wp-content\/uploads\/2025\/09\/projeler-300x270.jpg 300w, https:\/\/www.depark.com\/wp-content\/uploads\/2025\/09\/projeler-13x12.jpg 13w\" sizes=\"(max-width: 500px) 100vw, 500px\" \/>\t\t\t\t\t\t\t\t\t\t\t\t\t\t\t<\/div>\n\t\t\t\t<\/div>\n\t\t\t\t<\/div>\n\t\t<div class=\"elementor-element elementor-element-83a982c e-con-full e-flex e-con e-child\" data-id=\"83a982c\" data-element_type=\"container\">\n\t\t\t\t<div class=\"elementor-element elementor-element-96df29c elementor-invisible elementor-widget elementor-widget-text-editor\" data-id=\"96df29c\" data-element_type=\"widget\" data-settings=\"{&quot;_animation&quot;:&quot;fadeInLeft&quot;}\" data-widget_type=\"text-editor.default\">\n\t\t\t\t\t\t\t\t\t<p style=\"color: #f9ae26; font-weight: bold; font-size: 30px;\">Projects Executed by DEPARK<\/p><p>Ar-Ge ve inovasyon odakl\u0131 projeler ile yerel ve ulusal kalk\u0131nma hedeflerine katk\u0131 sunan <span style=\"font-weight: bold;\">Dokuz Eyl\u00fcl University Technopark \u2013 DEPARK<\/span>Dokuz Eyl\u00fcl University Technopark \u2013 DEPARK contributes to local and national development objectives through its R&amp;D and innovation-oriented projects, while also establishing its entrepreneurship ecosystem activities in accordance with the principle of sustainability. Through its events, initiatives, and support mechanisms, DEPARK fosters a robust communication environment for entrepreneurs by actively participating in national and international entrepreneurship networks.<\/p><p>DEPARK facilitates the development of sectoral R&amp;D projects and offers appropriate infrastructure and support to companies on their journeys to incorporation, commercialization, and internationalization by overseeing the pre-incubation and incubation processes of entrepreneurs and aspiring entrepreneurs.<\/p><p>\u00a0<\/p><p class=\" translation-block\">The \u0130zmir Ent4Int Project was a collaborative effort between DEPARK and Dokuz Eyl\u00fcl University. The project, which was funded by the European Union \/ ICMPD under the \"ENHANCER \u2013 Common Use Facilities\" program, offered logistical support, mentorship, networking, and training to local and migrant entrepreneurs. The project was effectively finalized and completed in 2024.<br><br><br><\/p><p>DEPARK koordinasyonunda y\u00fcr\u00fct\u00fclen <span style=\"font-weight: bold;\">B\u0130GGSinerji Projesi<\/span>The BIGGSinerji Project, which is coordinated by DEPARK, is an authorized implementing organization under the T\u00dcB\u0130TAK 1512 Techno-Entrepreneurship Capital Support Program (B\u0130GG). It offers pre-incubation services to entrepreneurs who have business ideas that are founded on technology and innovation. BIGGSinerji, which provided mentorship, training, and a variety of support mechanisms, obtained a 50% success rate in the T\u00dcB\u0130TAK B\u0130GG 2025\/1 call. This achievement was significant in that it connected its entrepreneurs with the investment process.<\/p><p class=\" translation-block\">The ECOMINIMIZE Project, another critical project, is coordinated by DEPARK and implemented by DEU \u0130zmir Vocational School in collaboration with Hellenic Mediterranean University and BIZRUPT NGO. The initiative commenced with its activities on June 1, 2025, with the European Commission's funding within the Erasmus+ program.<\/p>\t\t\t\t\t\t\t\t<\/div>\n\t\t\t\t<\/div>\n\t\t\t\t\t<\/div>\n\t\t\t\t<\/div>\n\t\t\t\t<\/div>\n\t\t<div class=\"elementor-element elementor-element-6b471c79 e-con-full animated-slow e-flex elementor-invisible e-con e-parent\" data-id=\"6b471c79\" data-element_type=\"container\" data-settings=\"{&quot;animation&quot;:&quot;slideInUp&quot;}\">\n\t\t\t\t<div class=\"elementor-element elementor-element-2a664d83 elementor-widget elementor-widget-ostech-portfolio\" data-id=\"2a664d83\" data-element_type=\"widget\" data-widget_type=\"ostech-portfolio.default\">\n\t\t\t\t<div class=\"elementor-widget-container\">\n\t\t\t\t\t\t<!-- Feature section Start -->\r\n\t<section class=\"project-one\">\r\n\t\t<div class=\"container\">\r\n\t\t\t\t\t\t\t<div class=\"sec-title text-center wow fadeInUp\" data-wow-duration='1500ms' data-wow-delay='000ms'>\r\n\t\t\t\t\t\t\t\t\t\t<h2 class=\"sec-title__title\">Projects<\/h2>\t\t\t\t<\/div>\r\n\t\t\t\t\t\t<div class=\"horizontal-project\">\r\n\t\t\t\t\t\t\t\t\t<div class=\"project-one__item choice\">\r\n\t\t\t\t\t\t<div class=\"project-one__item__bg\" style=\"background-image: url(http:\/\/www.depark.com\/wp-content\/uploads\/2025\/08\/ent4.jpg);\"><\/div>\r\n\t\t\t\t\t\t<div class=\"project-one__item__inner\">\r\n\t\t\t\t\t\t\t<div class=\"project-one__thumb\">\r\n\t\t\t\t\t\t\t\t<img decoding=\"async\" src=\"http:\/\/www.depark.com\/wp-content\/uploads\/2025\/08\/ent4.jpg\" alt=\"ent4\" title=\"ent4\" >\t\t\t\t\t\t\t<\/div>\r\n\t\t\t\t\t\t\t<div class=\"project-one__content\">\r\n\t\t\t\t\t\t\t\t<h3 class=\"project-one__content__title\">\r\n\t\t\t\t\t\t\t\t\t<a class=\"\" href=\"https:\/\/www.izmirent4int.com\/\"  >ENT4\u0130NT<\/a>\t\t\t\t\t\t\t\t<\/h3>\r\n\r\n\t\t\t\t\t\t\t\t<p class=\"project-one__content__text\"><\/p>\r\n\r\n\t\t\t\t\t\t\t\t<a href=\"https:\/\/www.izmirent4int.com\/\"  class=\"project-one__content__btn\"><i class=\"icon-right-arrow\"><\/i><\/a>\r\n\t\t\t\t\t\t\t<\/div>\r\n\t\t\t\t\t\t<\/div>\r\n\t\t\t\t\t<\/div>\r\n\t\t\t\t\t\t\t\t\t<div class=\"project-one__item choice expand\">\r\n\t\t\t\t\t\t<div class=\"project-one__item__bg\" style=\"background-image: url(http:\/\/www.depark.com\/wp-content\/uploads\/2025\/08\/ecomin.jpg);\"><\/div>\r\n\t\t\t\t\t\t<div class=\"project-one__item__inner\">\r\n\t\t\t\t\t\t\t<div class=\"project-one__thumb\">\r\n\t\t\t\t\t\t\t\t<img decoding=\"async\" src=\"http:\/\/www.depark.com\/wp-content\/uploads\/2025\/08\/ecomin.jpg\" alt=\"ecomin\" title=\"ecomin\" >\t\t\t\t\t\t\t<\/div>\r\n\t\t\t\t\t\t\t<div class=\"project-one__content\">\r\n\t\t\t\t\t\t\t\t<h3 class=\"project-one__content__title\">\r\n\t\t\t\t\t\t\t\t\t<a class=\"\" href=\"https:\/\/www.ecominimize.com\/\"  >ECOM\u0130N\u0130M\u0130ZE<\/a>\t\t\t\t\t\t\t\t<\/h3>\r\n\r\n\t\t\t\t\t\t\t\t<p class=\"project-one__content__text\"><\/p>\r\n\r\n\t\t\t\t\t\t\t\t<a href=\"https:\/\/www.ecominimize.com\/\"  class=\"project-one__content__btn\"><i class=\"icon-right-arrow\"><\/i><\/a>\r\n\t\t\t\t\t\t\t<\/div>\r\n\t\t\t\t\t\t<\/div>\r\n\t\t\t\t\t<\/div>\r\n\t\t\t\t\t\t\t\t\t<div class=\"project-one__item choice\">\r\n\t\t\t\t\t\t<div class=\"project-one__item__bg\" style=\"background-image: url(http:\/\/www.depark.com\/wp-content\/uploads\/2025\/08\/bigg.jpg);\"><\/div>\r\n\t\t\t\t\t\t<div class=\"project-one__item__inner\">\r\n\t\t\t\t\t\t\t<div class=\"project-one__thumb\">\r\n\t\t\t\t\t\t\t\t<img decoding=\"async\" src=\"http:\/\/www.depark.com\/wp-content\/uploads\/2025\/08\/bigg.jpg\" alt=\"bigg\" title=\"bigg\" >\t\t\t\t\t\t\t<\/div>\r\n\t\t\t\t\t\t\t<div class=\"project-one__content\">\r\n\t\t\t\t\t\t\t\t<h3 class=\"project-one__content__title\">\r\n\t\t\t\t\t\t\t\t\t<a class=\"\" href=\"https:\/\/www.biggsinerji.com\/\"  >B\u0130GGS\u0130NERJ\u0130<\/a>\t\t\t\t\t\t\t\t<\/h3>\r\n\r\n\t\t\t\t\t\t\t\t<p class=\"project-one__content__text\"><\/p>\r\n\r\n\t\t\t\t\t\t\t\t<a href=\"https:\/\/www.biggsinerji.com\/\"  class=\"project-one__content__btn\"><i class=\"icon-right-arrow\"><\/i><\/a>\r\n\t\t\t\t\t\t\t<\/div>\r\n\t\t\t\t\t\t<\/div>\r\n\t\t\t\t\t<\/div>\r\n\t\t\t\t\t\t\t<\/div>\r\n\t\t<\/div>\r\n\t<\/section>\r\n\t<!-- Feature section End -->\r\n\r\n\t\t\t\t<\/div>\n\t\t\t\t<\/div>\n\t\t\t\t<\/div>\n\t\t\t\t<\/div>","protected":false},"excerpt":{"rendered":"<p>\u0130zmir Ent4Int Projesi izmirent4int.com \ud83c\udf10 B\u0130GGSinerji Program\u0131 biggsinerji.com \ud83c\udf10 Ecominimize Projesi ecominimize.com \ud83c\udf10 DEPARK B\u00fcnyesinde Y\u00fcr\u00fct\u00fclen Projeler Ar-Ge ve inovasyon odakl\u0131 projeler ile yerel ve ulusal kalk\u0131nma hedeflerine katk\u0131 sunan Dokuz Eyl\u00fcl \u00dcniversitesi Teknopark\u0131 \u2013 DEPARK, giri\u015fimcilik ekosistemine y\u00f6nelik faaliyetlerini s\u00fcrd\u00fcr\u00fclebilirlik ekseninde \u015fekillendirmektedir. Ulusal ve uluslararas\u0131 giri\u015fimcilik a\u011flar\u0131nda aktif rol alan DEPARK; d\u00fczenledi\u011fi etkinlikler, y\u00fcr\u00fctt\u00fc\u011f\u00fc [&hellip;]<\/p>","protected":false},"author":1,"featured_media":0,"parent":0,"menu_order":0,"comment_status":"closed","ping_status":"closed","template":"elementor_header_footer","meta":{"_acf_changed":false,"pagelayer_contact_templates":[],"_pagelayer_content":"","_monsterinsights_skip_tracking":false,"_monsterinsights_sitenote_active":false,"_monsterinsights_sitenote_note":"","_monsterinsights_sitenote_category":0,"footnotes":""},"class_list":["post-5740","page","type-page","status-publish","hentry"],"acf":[],"_links":{"self":[{"href":"http:\/\/www.depark.com\/en\/wp-json\/wp\/v2\/pages\/5740","targetHints":{"allow":["GET"]}}],"collection":[{"href":"http:\/\/www.depark.com\/en\/wp-json\/wp\/v2\/pages"}],"about":[{"href":"http:\/\/www.depark.com\/en\/wp-json\/wp\/v2\/types\/page"}],"author":[{"embeddable":true,"href":"http:\/\/www.depark.com\/en\/wp-json\/wp\/v2\/users\/1"}],"replies":[{"embeddable":true,"href":"http:\/\/www.depark.com\/en\/wp-json\/wp\/v2\/comments?post=5740"}],"version-history":[{"count":163,"href":"http:\/\/www.depark.com\/en\/wp-json\/wp\/v2\/pages\/5740\/revisions"}],"predecessor-version":[{"id":9196,"href":"http:\/\/www.depark.com\/en\/wp-json\/wp\/v2\/pages\/5740\/revisions\/9196"}],"wp:attachment":[{"href":"http:\/\/www.depark.com\/en\/wp-json\/wp\/v2\/media?parent=5740"}],"curies":[{"name":"wp","href":"https:\/\/api.w.org\/{rel}","templated":true}]}}