{"id":5755,"date":"2025-08-20T13:49:35","date_gmt":"2025-08-20T13:49:35","guid":{"rendered":"https:\/\/www.depark.com\/?page_id=5755"},"modified":"2026-04-14T11:47:17","modified_gmt":"2026-04-14T11:47:17","slug":"sektorel-is-birlikleri","status":"publish","type":"page","link":"http:\/\/www.depark.com\/en\/sektorel-is-birlikleri\/","title":{"rendered":"Sectoral Collaborations"},"content":{"rendered":"<div data-elementor-type=\"wp-page\" data-elementor-id=\"5755\" class=\"elementor elementor-5755\">\n\t\t\t\t<div class=\"elementor-element elementor-element-b143316 project-details e-con-full e-flex e-con e-parent\" data-id=\"b143316\" data-element_type=\"container\">\n\t\t<div class=\"elementor-element elementor-element-53acd5f e-flex e-con-boxed e-con e-child\" data-id=\"53acd5f\" data-element_type=\"container\">\n\t\t\t\t\t<div class=\"e-con-inner\">\n\t\t<div class=\"elementor-element elementor-element-ec59f05 e-con-full e-flex e-con e-child\" data-id=\"ec59f05\" data-element_type=\"container\">\n\t\t\t\t<div class=\"elementor-element elementor-element-062dd36 elementor-invisible elementor-widget elementor-widget-ostech-service-appointment\" data-id=\"062dd36\" data-element_type=\"widget\" data-settings=\"{&quot;_animation&quot;:&quot;fadeInRight&quot;}\" data-widget_type=\"ostech-service-appointment.default\">\n\t\t\t\t<div class=\"elementor-widget-container\">\n\t\t\t\t\t    <div class=\"project-details__box\">\r\n        <div class=\"project-details__box__content\">\r\n                            <p class=\"project-details__box__text\"><span class=\"project-details__box__text__top\"><div>\n  <strong>ARGEM\u0130P<\/strong><br>\n  <a href=\"https:\/\/argemip.org\/\"> argemip.org \ud83c\udf10<\/a>\n<\/div>\n\n<br>\n\n<div>\n  <strong>\u00dcS\u0130MP<\/strong><br>\n  <a href=\"https:\/\/www.usimp.org.tr\/\"> usimp.org.tr \ud83c\udf10<\/a>\n<\/div>\n\n<br>\n\n<div>\n  <strong>SUN TEKST\u0130L<\/strong><br>\n  <a href=\"https:\/\/www.suntekstil.com.tr\/\"> suntekstil.com.tr \ud83c\udf10<\/a>\n<\/div>\n\n<br>\n\n<div>\n  <strong>T\u00dcRKPATENT<\/strong><br>\n  <a href=\"https:\/\/www.turkpatent.gov.tr\/\"> turkpatent.gov.tr \ud83c\udf10<\/a>\n<\/div>\n\n<br>\n\n<div>\n  <strong>YAB\u0130SAK<\/strong><br>\n  <a href=\"https:\/\/www.yabisak.org.tr\/\"> yabisak.org.tr \ud83c\udf10<\/a>\n<\/div>\n\n<br>\n\n<div>\n  <strong>\u0130AOSB<\/strong><br>\n  <a href=\"https:\/\/www.iaosb.org.tr\/\"> iaosb.org.tr \ud83c\udf10<\/a>\n<\/div>\n\n<br>\n\n<div>\n  <strong>TGBD<\/strong><br>\n  <a href=\"https:\/\/www.tgbd.org.tr\/\"> tgbd.org.tr \ud83c\udf10<\/a>\n<\/div>\n\n<br>\n\n<div>\n  <strong>VESTEL BEYAZ E\u015eYA<\/strong><br>\n  <a href=\"https:\/\/www.vestel.com.tr\/beyaz-esya-c-1\"> vestel.com.tr\/beyaz-esya \ud83c\udf10<\/a>\n<\/div>\n\n<br>\n\n<div>\n  <strong>ATABAY K\u0130MYA<\/strong><br>\n  <a href=\"https:\/\/www.atabay.com\/\"> atabay.com \ud83c\udf10<\/a>\n<\/div>\n\n<br>\n\n<div>\n  <strong>VOLT ELEKTR\u0130K MOTORLARI<\/strong><br>\n  <a href=\"https:\/\/voltmotor.com.tr\/\"> voltmotor.com.tr \ud83c\udf10<\/a>\n<\/div>\n\n<br>\n\n<div>\n  <strong>\u0130BG<\/strong><br>\n  <a href=\"https:\/\/ibg.edu.tr\/\"> ibg.edu.tr \ud83c\udf10<\/a>\n<\/div>\n\n<br>\n\n<div>\n  <strong>T\u00dcRKNET<\/strong><br>\n  <a href=\"https:\/\/www.turk.net\/\"> turk.net \ud83c\udf10<\/a>\n<\/div>\n\n<br>\n\n<div>\n  <strong>OKS\u0130JEN DANI\u015eMANLIK<\/strong><br>\n  <a href=\"https:\/\/oksijendanismanlik.com\/\"> oksijendanismanlik.com \ud83c\udf10<\/a>\n<\/div>\n\n<br>\n\n<div>\n  <strong>TECH \u0130N 2B<\/strong><br>\n  <a href=\"https:\/\/techin2b.com\/tr\"> techin2b.com \ud83c\udf10<\/a>\n<\/div>\n\n<br>\n\n<div>\n  <strong>T\u00dcRKSMD<\/strong><br>\n  <a href=\"https:\/\/www.turksmd.com.tr\/\"> turksmd.com.tr \ud83c\udf10<\/a>\n<\/div>\n\n<br>\n\n<div>\n  <strong>AMAZON AWS<\/strong><br>\n  <a href=\"https:\/\/aws.amazon.com\/tr\/\"> aws.amazon.com \ud83c\udf10<\/a>\n<\/div>\n\n<br>\n\n<div>\n  <strong>START \u0130N \u0130ZM\u0130R<\/strong><br>\n  <a href=\"https:\/\/www.startinizmir.com.tr\/\"> startinizmir.com.tr \ud83c\udf10<\/a>\n<\/div>\n\n<br>\n\n<div>\n  <strong>SEKT\u00d6R SOFT<\/strong><br>\n  <a href=\"https:\/\/www.sektorsoft.com\/\"> sektorsoft.com \ud83c\udf10<\/a>\n<\/div>\n<\/p>\r\n                    <\/div>\r\n                    <div class=\"project-details__box__social\">\r\n                                    <a target=\"_blank\" href=\"https:\/\/x.com\/deparktgb\">\r\n                        <i aria-hidden=\"true\" class=\"icon-x-twitter\"><\/i>                    <\/a>\r\n                                    <a target=\"_blank\" href=\"https:\/\/www.instagram.com\/deparktgb\/\">\r\n                        <i aria-hidden=\"true\" class=\"fab fa-instagram\"><\/i>                    <\/a>\r\n                                    <a target=\"_blank\" href=\"https:\/\/www.linkedin.com\/company\/deparktgb\/\">\r\n                        <i aria-hidden=\"true\" class=\"fab fa-linkedin\"><\/i>                    <\/a>\r\n                                    <a target=\"_blank\" href=\"https:\/\/www.facebook.com\/deparktgb\">\r\n                        <i aria-hidden=\"true\" class=\"fab fa-facebook-f\"><\/i>                    <\/a>\r\n                                    <a target=\"_blank\" href=\"https:\/\/www.youtube.com\/channel\/UCcdLpQgvZTOSX2oyS3Al3qw\/videos\">\r\n                        <i aria-hidden=\"true\" class=\"fab fa-youtube\"><\/i>                    <\/a>\r\n                                    <a target=\"_blank\" href=\"https:\/\/www.flickr.com\/photos\/131113192@N05\/\">\r\n                        <i aria-hidden=\"true\" class=\"fab fa-flickr\"><\/i>                    <\/a>\r\n                            <\/div>\r\n            <\/div>\r\n\r\n\t\t\t\t<\/div>\n\t\t\t\t<\/div>\n\t\t\t\t<\/div>\n\t\t<div class=\"elementor-element elementor-element-ad6ae72 e-con-full e-flex elementor-invisible e-con e-child\" data-id=\"ad6ae72\" data-element_type=\"container\" data-settings=\"{&quot;animation&quot;:&quot;fadeInLeft&quot;}\">\n\t\t<div class=\"elementor-element elementor-element-bcc2ae9 e-con-full e-flex e-con e-child\" data-id=\"bcc2ae9\" data-element_type=\"container\">\n\t\t\t\t<\/div>\n\t\t\t\t<div class=\"elementor-element elementor-element-0973e0c elementor-widget elementor-widget-text-editor\" data-id=\"0973e0c\" data-element_type=\"widget\" data-widget_type=\"text-editor.default\">\n\t\t\t\t\t\t\t\t\t<h3>SECTORAL COLLABORATIONS<\/h3><p>DEPARK partners with leading companies across diverse industries to implement innovative projects and generate added value for industry. Collaborations in textiles, food, energy, chemistry, health, and software merge academic knowledge with industrial applications. These partnerships not only enhance the R&amp;D and innovation capacity of companies but also contribute to Turkey\u2019s technology-driven development goals.<\/p><h4>R&amp;D, Innovation and Collaboration<\/h4><p>Through its collaborations with ARGEM\u0130P, \u00dcS\u0130MP, SUN TEKST\u0130L, YAB\u0130SAK, \u0130AOSB, TGBD, T\u00dcRKPATENT, and \u0130ZKA, DEPARK continuously strengthens the R&amp;D, innovation, and entrepreneurship capacities of its companies.<\/p><p>While ARGEM\u0130P enables knowledge and experience sharing among R&amp;D and design centers, \u00dcS\u0130MP supports university-industry collaborations and technology transfer processes. Joint projects carried out with SUN TEKST\u0130L contribute to the development of innovative solutions, particularly in the fields of sustainability and digital transformation in the textile sector. YAB\u0130SAK acts as a strategic partner for clustering and co-development in the software and IT ecosystem, while the industrial infrastructure of \u0130AOSB enhances the research and production power of DEPARK companies.<\/p><p>Through TGBD, a strong network is established with all technology development zones in Turkey, contributing to national R&amp;D policies. Collaborations with T\u00dcRKPATENT increase awareness regarding intellectual and industrial property rights, thereby supporting the commercialization processes of the innovative outputs of DEPARK companies.<\/p><p>Collaborations with \u0130ZKA facilitate access to finance for innovative enterprises, enable the development of projects that support regional development, and increase the national and international visibility of \u0130zmir\u2019s innovation ecosystem.<\/p><p>These strategic collaborations not only enhance DEPARK companies\u2019 capacity to produce technology but also create a strong ecosystem that contributes to T\u00fcrkiye\u2019s innovation-driven development goals.<\/p>\t\t\t\t\t\t\t\t<\/div>\n\t\t\t\t<div class=\"elementor-element elementor-element-6227c03 elementor-widget elementor-widget-ostech-sponsors\" data-id=\"6227c03\" data-element_type=\"widget\" data-widget_type=\"ostech-sponsors.default\">\n\t\t\t\t<div class=\"elementor-widget-container\">\n\t\t\t\t\t    <div class=\"client-carousel client-carousel-one\">\r\n        <div class=\"container\">\r\n            <div class=\"client-carousel__one ostech-owl__carousel owl-theme owl-carousel\" data-owl-options='{&quot;loop&quot;:true,&quot;margin&quot;:50,&quot;items&quot;:5,&quot;nav&quot;:false,&quot;dots&quot;:false,&quot;smartSpeed&quot;:1500,&quot;autoplay&quot;:true,&quot;autoplayTimeout&quot;:1500,&quot;animateOut&quot;:&quot;&quot;,&quot;animateIn&quot;:&quot;&quot;,&quot;autoplayHoverPause&quot;:true,&quot;center&quot;:true}'>\r\n                                    <div class=\"client-carousel__one__item\">\r\n                        <img decoding=\"async\" src=\"http:\/\/www.depark.com\/wp-content\/uploads\/2025\/08\/sun-tesktil.png\" alt=\"sun-tesktil\" title=\"sun-tesktil\" >                    <\/div><!-- \/.owl-slide-item-->\r\n                                    <div class=\"client-carousel__one__item\">\r\n                        <img decoding=\"async\" src=\"http:\/\/www.depark.com\/wp-content\/uploads\/2025\/08\/USIMP.png\" alt=\"U\u0308SI\u0307MP\" title=\"U\u0308SI\u0307MP\" >                    <\/div><!-- \/.owl-slide-item-->\r\n                                    <div class=\"client-carousel__one__item\">\r\n                        <img decoding=\"async\" src=\"http:\/\/www.depark.com\/wp-content\/uploads\/2025\/09\/arge-mip.png\" alt=\"arge-mip\" title=\"arge-mip\" >                    <\/div><!-- \/.owl-slide-item-->\r\n                                    <div class=\"client-carousel__one__item\">\r\n                        <img decoding=\"async\" src=\"http:\/\/www.depark.com\/wp-content\/uploads\/2025\/09\/turk-patent-logo.svg\" alt=\"turk-patent-logo\" title=\"turk-patent-logo\" >                    <\/div><!-- \/.owl-slide-item-->\r\n                                    <div class=\"client-carousel__one__item\">\r\n                        <img decoding=\"async\" src=\"http:\/\/www.depark.com\/wp-content\/uploads\/2025\/09\/logo.png\" alt=\"logo\" title=\"logo\" >                    <\/div><!-- \/.owl-slide-item-->\r\n                                    <div class=\"client-carousel__one__item\">\r\n                        <img decoding=\"async\" src=\"http:\/\/www.depark.com\/wp-content\/uploads\/2025\/08\/yabisak.png\" alt=\"yabisak\" title=\"yabisak\" >                    <\/div><!-- \/.owl-slide-item-->\r\n                                    <div class=\"client-carousel__one__item\">\r\n                        <img decoding=\"async\" src=\"http:\/\/www.depark.com\/wp-content\/uploads\/2025\/08\/IAOSB.png\" alt=\"I\u0307AOSB\" title=\"I\u0307AOSB\" >                    <\/div><!-- \/.owl-slide-item-->\r\n                                    <div class=\"client-carousel__one__item\">\r\n                        <img decoding=\"async\" src=\"http:\/\/www.depark.com\/wp-content\/uploads\/2025\/08\/TGBD.png\" alt=\"TGBD\" title=\"TGBD\" >                    <\/div><!-- \/.owl-slide-item-->\r\n                            <\/div><!-- \/.thm-owl__slider -->\r\n        <\/div><!-- \/.container -->\r\n    <\/div><!-- \/.client-carousel -->\r\n\t\t\t\t<\/div>\n\t\t\t\t<\/div>\n\t\t\t\t<div class=\"elementor-element elementor-element-eca5564 elementor-widget elementor-widget-text-editor\" data-id=\"eca5564\" data-element_type=\"widget\" data-widget_type=\"text-editor.default\">\n\t\t\t\t\t\t\t\t\t<h3>BIGG Sinerji<\/h3><p>BIGG Sinerji assists on the growth journeys of entrepreneurs by guiding T\u00dcB\u0130TAK-supported initiatives.<\/p><p>DEPARK, in partnership with VESTEL, Atabay Kimya, VOLT Electric Motors, and IBG, assists entrepreneurs in the creation of innovative solutions through T\u00dcB\u0130TAK BIGG Sinerji initiatives. These joint efforts enable entrepreneurs to bring innovative ideas to life, strengthen sectoral collaborations, and create sustainable added value.<\/p>\t\t\t\t\t\t\t\t<\/div>\n\t\t\t\t<div class=\"elementor-element elementor-element-1691d43 elementor-widget elementor-widget-ostech-sponsors\" data-id=\"1691d43\" data-element_type=\"widget\" data-widget_type=\"ostech-sponsors.default\">\n\t\t\t\t<div class=\"elementor-widget-container\">\n\t\t\t\t\t    <div class=\"client-carousel client-carousel-one\">\r\n        <div class=\"container\">\r\n            <div class=\"client-carousel__one ostech-owl__carousel owl-theme owl-carousel\" data-owl-options='{&quot;loop&quot;:true,&quot;margin&quot;:50,&quot;items&quot;:5,&quot;nav&quot;:false,&quot;dots&quot;:false,&quot;smartSpeed&quot;:1500,&quot;autoplay&quot;:true,&quot;autoplayTimeout&quot;:1500,&quot;animateOut&quot;:&quot;&quot;,&quot;animateIn&quot;:&quot;&quot;,&quot;autoplayHoverPause&quot;:true}'>\r\n                                    <div class=\"client-carousel__one__item\">\r\n                        <img decoding=\"async\" src=\"http:\/\/www.depark.com\/wp-content\/uploads\/2025\/08\/vestel-beyaz-esya.png\" alt=\"vestel-beyaz-es\u0327ya\" title=\"vestel-beyaz-es\u0327ya\" >                    <\/div><!-- \/.owl-slide-item-->\r\n                                    <div class=\"client-carousel__one__item\">\r\n                        <img decoding=\"async\" src=\"http:\/\/www.depark.com\/wp-content\/uploads\/2025\/08\/atabay.png\" alt=\"atabay\" title=\"atabay\" >                    <\/div><!-- \/.owl-slide-item-->\r\n                                    <div class=\"client-carousel__one__item\">\r\n                        <img decoding=\"async\" src=\"http:\/\/www.depark.com\/wp-content\/uploads\/2025\/08\/volt-elektrik.png\" alt=\"volt-elektrik\" title=\"volt-elektrik\" >                    <\/div><!-- \/.owl-slide-item-->\r\n                                    <div class=\"client-carousel__one__item\">\r\n                        <img decoding=\"async\" src=\"http:\/\/www.depark.com\/wp-content\/uploads\/2025\/08\/IBGbrandTR.png\" alt=\"IBGbrandTR\" title=\"IBGbrandTR\" >                    <\/div><!-- \/.owl-slide-item-->\r\n                            <\/div><!-- \/.thm-owl__slider -->\r\n        <\/div><!-- \/.container -->\r\n    <\/div><!-- \/.client-carousel -->\r\n\t\t\t\t<\/div>\n\t\t\t\t<\/div>\n\t\t\t\t<div class=\"elementor-element elementor-element-2db671c elementor-widget elementor-widget-text-editor\" data-id=\"2db671c\" data-element_type=\"widget\" data-widget_type=\"text-editor.default\">\n\t\t\t\t\t\t\t\t\t<h3>Our Business Partners<\/h3><p>DEPARK enhances the R&amp;D, innovation, and digital transformation capabilities of its enterprises by collaborating with T\u00dcRKNET, OKS\u0130JEN DANI\u015eMANLIK, TECH IN 2B, AMAZON AWS, SEKT\u00d6R SOFT, and T\u00dcRKSMD.<\/p><p>T\u00dcRKNET provides high-speed connectivity infrastructure, while OKS\u0130JEN DANI\u015eMANLIK supports companies\u2019 financial strength through project and incentive management. TECH IN 2B\u2019s open innovation platforms facilitate the commercialization of ideas. AMAZON AWS offers scalable and secure cloud solutions, while SEKT\u00d6R SOFT enhances companies\u2019 technology production capacity with software development and consultancy support. T\u00dcRKSMD contributes with industrial property consultancy services, safeguarding patents, trademarks, and design rights, thereby securing the commercialization processes of innovative outputs.<\/p>\t\t\t\t\t\t\t\t<\/div>\n\t\t\t\t<div class=\"elementor-element elementor-element-ab4921e elementor-widget elementor-widget-ostech-sponsors\" data-id=\"ab4921e\" data-element_type=\"widget\" data-widget_type=\"ostech-sponsors.default\">\n\t\t\t\t<div class=\"elementor-widget-container\">\n\t\t\t\t\t    <div class=\"client-carousel client-carousel-one\">\r\n        <div class=\"container\">\r\n            <div class=\"client-carousel__one ostech-owl__carousel owl-theme owl-carousel\" data-owl-options='{&quot;loop&quot;:true,&quot;margin&quot;:50,&quot;items&quot;:5,&quot;nav&quot;:false,&quot;dots&quot;:false,&quot;smartSpeed&quot;:1500,&quot;autoplay&quot;:true,&quot;autoplayTimeout&quot;:1500,&quot;animateOut&quot;:&quot;&quot;,&quot;animateIn&quot;:&quot;&quot;,&quot;autoplayHoverPause&quot;:true}'>\r\n                                    <div class=\"client-carousel__one__item\">\r\n                        <img decoding=\"async\" src=\"http:\/\/www.depark.com\/wp-content\/uploads\/2026\/04\/Turknet_Logo_2025.png\" alt=\"Turknet_Logo_2025\" title=\"Turknet_Logo_2025\" >                    <\/div><!-- \/.owl-slide-item-->\r\n                                    <div class=\"client-carousel__one__item\">\r\n                        <img decoding=\"async\" src=\"http:\/\/www.depark.com\/wp-content\/uploads\/2025\/08\/oksijen-danismanlik.png\" alt=\"oksijen-dan\u0131s\u0327manl\u0131k\" title=\"oksijen-dan\u0131s\u0327manl\u0131k\" >                    <\/div><!-- \/.owl-slide-item-->\r\n                                    <div class=\"client-carousel__one__item\">\r\n                        <img decoding=\"async\" src=\"http:\/\/www.depark.com\/wp-content\/uploads\/2025\/08\/TECHIN2B.png\" alt=\"TECHI\u0307N2B\" title=\"TECHI\u0307N2B\" >                    <\/div><!-- \/.owl-slide-item-->\r\n                                    <div class=\"client-carousel__one__item\">\r\n                        <img decoding=\"async\" src=\"http:\/\/www.depark.com\/wp-content\/uploads\/2025\/09\/turksmd-logo.svg\" alt=\"t\u00fcrksmd-logo\" title=\"t\u00fcrksmd-logo\" >                    <\/div><!-- \/.owl-slide-item-->\r\n                                    <div class=\"client-carousel__one__item\">\r\n                        <img decoding=\"async\" src=\"http:\/\/www.depark.com\/wp-content\/uploads\/2025\/09\/aws-cloud.png\" alt=\"aws-cloud\" title=\"aws-cloud\" >                    <\/div><!-- \/.owl-slide-item-->\r\n                                    <div class=\"client-carousel__one__item\">\r\n                        <img decoding=\"async\" src=\"http:\/\/www.depark.com\/wp-content\/uploads\/2025\/08\/start-in-izmir.png\" alt=\"start-in-izmir\" title=\"start-in-izmir\" >                    <\/div><!-- \/.owl-slide-item-->\r\n                                    <div class=\"client-carousel__one__item\">\r\n                        <img decoding=\"async\" src=\"http:\/\/www.depark.com\/wp-content\/uploads\/2025\/08\/sektor-soft-Logo.png\" alt=\"sektor-soft-Logo\" title=\"sektor-soft-Logo\" >                    <\/div><!-- \/.owl-slide-item-->\r\n                            <\/div><!-- \/.thm-owl__slider -->\r\n        <\/div><!-- \/.container -->\r\n    <\/div><!-- \/.client-carousel -->\r\n\t\t\t\t<\/div>\n\t\t\t\t<\/div>\n\t\t\t\t<\/div>\n\t\t\t\t\t<\/div>\n\t\t\t\t<\/div>\n\t\t\t\t<\/div>\n\t\t<div class=\"elementor-element elementor-element-6052a7b e-flex e-con-boxed e-con e-parent\" data-id=\"6052a7b\" data-element_type=\"container\">\n\t\t\t\t\t<div class=\"e-con-inner\">\n\t\t\t\t\t<\/div>\n\t\t\t\t<\/div>\n\t\t\t\t<\/div>","protected":false},"excerpt":{"rendered":"<p>ARGEM\u0130P argemip.org \ud83c\udf10 \u00dcS\u0130MP usimp.org.tr \ud83c\udf10 SUN TEKST\u0130L suntekstil.com.tr \ud83c\udf10 T\u00dcRKPATENT turkpatent.gov.tr \ud83c\udf10 YAB\u0130SAK yabisak.org.tr \ud83c\udf10 \u0130AOSB iaosb.org.tr \ud83c\udf10 TGBD tgbd.org.tr \ud83c\udf10 VESTEL BEYAZ E\u015eYA vestel.com.tr\/beyaz-esya \ud83c\udf10 ATABAY K\u0130MYA atabay.com \ud83c\udf10 VOLT ELEKTR\u0130K MOTORLARI voltmotor.com.tr \ud83c\udf10 \u0130BG ibg.edu.tr \ud83c\udf10 T\u00dcRKNET turk.net \ud83c\udf10 OKS\u0130JEN DANI\u015eMANLIK oksijendanismanlik.com \ud83c\udf10 TECH \u0130N 2B techin2b.com \ud83c\udf10 T\u00dcRKSMD turksmd.com.tr \ud83c\udf10 AMAZON [&hellip;]<\/p>","protected":false},"author":1,"featured_media":0,"parent":0,"menu_order":0,"comment_status":"closed","ping_status":"closed","template":"elementor_header_footer","meta":{"_acf_changed":false,"pagelayer_contact_templates":[],"_pagelayer_content":"","_monsterinsights_skip_tracking":false,"_monsterinsights_sitenote_active":false,"_monsterinsights_sitenote_note":"","_monsterinsights_sitenote_category":0,"footnotes":""},"class_list":["post-5755","page","type-page","status-publish","hentry"],"acf":[],"_links":{"self":[{"href":"http:\/\/www.depark.com\/en\/wp-json\/wp\/v2\/pages\/5755","targetHints":{"allow":["GET"]}}],"collection":[{"href":"http:\/\/www.depark.com\/en\/wp-json\/wp\/v2\/pages"}],"about":[{"href":"http:\/\/www.depark.com\/en\/wp-json\/wp\/v2\/types\/page"}],"author":[{"embeddable":true,"href":"http:\/\/www.depark.com\/en\/wp-json\/wp\/v2\/users\/1"}],"replies":[{"embeddable":true,"href":"http:\/\/www.depark.com\/en\/wp-json\/wp\/v2\/comments?post=5755"}],"version-history":[{"count":202,"href":"http:\/\/www.depark.com\/en\/wp-json\/wp\/v2\/pages\/5755\/revisions"}],"predecessor-version":[{"id":10411,"href":"http:\/\/www.depark.com\/en\/wp-json\/wp\/v2\/pages\/5755\/revisions\/10411"}],"wp:attachment":[{"href":"http:\/\/www.depark.com\/en\/wp-json\/wp\/v2\/media?parent=5755"}],"curies":[{"name":"wp","href":"https:\/\/api.w.org\/{rel}","templated":true}]}}