{"id":5933,"date":"2025-08-21T07:41:10","date_gmt":"2025-08-21T07:41:10","guid":{"rendered":"https:\/\/www.depark.com\/?page_id=5933"},"modified":"2025-09-02T08:49:34","modified_gmt":"2025-09-02T08:49:34","slug":"teknosapiens-blog","status":"publish","type":"page","link":"http:\/\/www.depark.com\/en\/teknosapiens-blog\/","title":{"rendered":"Teknosapiens Blog"},"content":{"rendered":"<div data-elementor-type=\"wp-page\" data-elementor-id=\"5933\" class=\"elementor elementor-5933\">\n\t\t\t\t<div class=\"elementor-element elementor-element-e236ece e-con-full e-flex e-con e-parent\" data-id=\"e236ece\" data-element_type=\"container\">\n\t\t\t\t<div class=\"elementor-element elementor-element-aba4b34 elementor-widget elementor-widget-ostech-blog\" data-id=\"aba4b34\" data-element_type=\"widget\" data-widget_type=\"ostech-blog.default\">\n\t\t\t\t<div class=\"elementor-widget-container\">\n\t\t\t\t\t\t<!-- Blog section Start -->\r\n\t<section class=\"blog-one blog-one--page\">\r\n\t\t<div class=\"container\">\r\n\t\t\t\t\t\t<div class=\"row gutter-y-30\">\r\n\t\t\t\t\t\t\t\t\t<div class=\"col-md-6 col-lg-4\">\r\n\t\t\t\t\t\t<div class=\"blog-card wow fadeInUp\" data-wow-duration='1500ms' data-wow-delay='000ms'>\r\n\t\t\t\t\t\t\t\t\t\t\t\t\t\t\t<div class=\"blog-card__image\">\r\n\t\t\t\t\t\t\t\t\t<img fetchpriority=\"high\" decoding=\"async\" width=\"370\" height=\"290\" src=\"http:\/\/www.depark.com\/wp-content\/uploads\/2025\/10\/5cdeaa96-3405-4c8f-9b1f-3f1d30f41347-370x290.png\" class=\"attachment-ostech_blog_370X290 size-ostech_blog_370X290 wp-post-image\" alt=\"\" \/>\t\t\t\t\t\t\t\t\t<img fetchpriority=\"high\" decoding=\"async\" width=\"370\" height=\"290\" src=\"http:\/\/www.depark.com\/wp-content\/uploads\/2025\/10\/5cdeaa96-3405-4c8f-9b1f-3f1d30f41347-370x290.png\" class=\"attachment-ostech_blog_370X290 size-ostech_blog_370X290 wp-post-image\" alt=\"\" \/>\t\t\t\t\t\t\t\t\t<a href=\"http:\/\/www.depark.com\/en\/girisimciysen-hizlanmayi-sec\/\" class=\"blog-card__image__link\"><\/a>\r\n\t\t\t\t\t\t\t\t\t<div class=\"blog-card__date\"><span>13<\/span>Oct<\/div>\r\n\t\t\t\t\t\t\t\t<\/div>\r\n\t\t\t\t\t\t\t\t\t\t\t\t\t\t<div class=\"blog-card__content\">\r\n\t\t\t\t\t\t\t\t<ul class=\"list-unstyled blog-card__meta ml-0\">\r\n\t\t\t\t\t\t\t\t\t<li>\r\n\t\t\t\t\t\t\t\t\t\t<a href=\"http:\/\/www.depark.com\/en\/author\/hikmetgumus\/\"><img decoding=\"async\" src=\"http:\/\/www.depark.com\/wp-content\/uploads\/2025\/10\/hikmet-gumus-70x70.png\" alt=\"DEPARK\">\r\n\t\t\t\t\t\t\t\t\t\t\tDo\u00e7. Dr. Hikmet G\u00dcM\u00dc\u015e<\/a>\r\n\t\t\t\t\t\t\t\t\t<\/li>\r\n\t\t\t\t\t\t\t\t\t\t\t\t\t\t\t\t\t<\/ul>\r\n\t\t\t\t\t\t\t\t<div class=\"blog-card__content__inner\">\r\n\t\t\t\t\t\t\t\t\t\t\t\t\t\t\t\t\t\t<h3 class=\"blog-card__title\"><a href=\"http:\/\/www.depark.com\/en\/girisimciysen-hizlanmayi-sec\/\">\u201cHukuk mu, m\u00fchendislik mi?\u201d tart\u0131\u015fmas\u0131n\u0131 bitiren yaz\u0131: Giri\u015fimciysen h\u0131zlanmay\u0131 se\u00e7<\/a><\/h3>\r\n\t\t\t\t\t\t\t\t\t<a href=\"http:\/\/www.depark.com\/en\/girisimciysen-hizlanmayi-sec\/\" class=\"blog-card__link\">Read More\t\t\t\t\t\t\t\t\t\t<i aria-hidden=\"true\" class=\"icon-arrow-left\"><\/i>\t\t\t\t\t\t\t\t\t<\/a><!-- \/.blog-card__link -->\r\n\t\t\t\t\t\t\t\t<\/div>\r\n\t\t\t\t\t\t\t<\/div>\r\n\t\t\t\t\t\t<\/div>\r\n\t\t\t\t\t<\/div>\r\n\t\t\t\t\t\t\t\t\t<div class=\"col-md-6 col-lg-4\">\r\n\t\t\t\t\t\t<div class=\"blog-card wow fadeInUp\" data-wow-duration='1500ms' data-wow-delay='000ms'>\r\n\t\t\t\t\t\t\t\t\t\t\t\t\t\t\t<div class=\"blog-card__image\">\r\n\t\t\t\t\t\t\t\t\t<img decoding=\"async\" width=\"370\" height=\"290\" src=\"http:\/\/www.depark.com\/wp-content\/uploads\/2025\/09\/what-makes-great-storytelling-for-film-how-to-scaled-1-370x290.jpg\" class=\"attachment-ostech_blog_370X290 size-ostech_blog_370X290 wp-post-image\" alt=\"\" \/>\t\t\t\t\t\t\t\t\t<img decoding=\"async\" width=\"370\" height=\"290\" src=\"http:\/\/www.depark.com\/wp-content\/uploads\/2025\/09\/what-makes-great-storytelling-for-film-how-to-scaled-1-370x290.jpg\" class=\"attachment-ostech_blog_370X290 size-ostech_blog_370X290 wp-post-image\" alt=\"\" \/>\t\t\t\t\t\t\t\t\t<a href=\"http:\/\/www.depark.com\/en\/hikaye-anlatimini-sunumunuza-dahil-etmek\/\" class=\"blog-card__image__link\"><\/a>\r\n\t\t\t\t\t\t\t\t\t<div class=\"blog-card__date\"><span>02<\/span>Sep<\/div>\r\n\t\t\t\t\t\t\t\t<\/div>\r\n\t\t\t\t\t\t\t\t\t\t\t\t\t\t<div class=\"blog-card__content\">\r\n\t\t\t\t\t\t\t\t<ul class=\"list-unstyled blog-card__meta ml-0\">\r\n\t\t\t\t\t\t\t\t\t<li>\r\n\t\t\t\t\t\t\t\t\t\t<a href=\"http:\/\/www.depark.com\/en\/author\/taner-onay\/\"><img decoding=\"async\" src=\"http:\/\/www.depark.com\/wp-content\/uploads\/2025\/09\/taner-onay-70x70.png\" alt=\"DEPARK\">\r\n\t\t\t\t\t\t\t\t\t\t\tTaner Onay<\/a>\r\n\t\t\t\t\t\t\t\t\t<\/li>\r\n\t\t\t\t\t\t\t\t\t\t\t\t\t\t\t\t\t<\/ul>\r\n\t\t\t\t\t\t\t\t<div class=\"blog-card__content__inner\">\r\n\t\t\t\t\t\t\t\t\t\t\t\t\t\t\t\t\t\t<h3 class=\"blog-card__title\"><a href=\"http:\/\/www.depark.com\/en\/hikaye-anlatimini-sunumunuza-dahil-etmek\/\">Hikaye Anlat\u0131m\u0131n\u0131 Sunumunuza Dahil Etmek: Giri\u015fimciler \u0130\u00e7in Bir Rehber<\/a><\/h3>\r\n\t\t\t\t\t\t\t\t\t<a href=\"http:\/\/www.depark.com\/en\/hikaye-anlatimini-sunumunuza-dahil-etmek\/\" class=\"blog-card__link\">Read More\t\t\t\t\t\t\t\t\t\t<i aria-hidden=\"true\" class=\"icon-arrow-left\"><\/i>\t\t\t\t\t\t\t\t\t<\/a><!-- \/.blog-card__link -->\r\n\t\t\t\t\t\t\t\t<\/div>\r\n\t\t\t\t\t\t\t<\/div>\r\n\t\t\t\t\t\t<\/div>\r\n\t\t\t\t\t<\/div>\r\n\t\t\t\t\t\t\t\t\t<div class=\"col-md-6 col-lg-4\">\r\n\t\t\t\t\t\t<div class=\"blog-card wow fadeInUp\" data-wow-duration='1500ms' data-wow-delay='000ms'>\r\n\t\t\t\t\t\t\t\t\t\t\t\t\t\t\t<div class=\"blog-card__image\">\r\n\t\t\t\t\t\t\t\t\t<img decoding=\"async\" width=\"370\" height=\"290\" src=\"http:\/\/www.depark.com\/wp-content\/uploads\/2025\/09\/Understanding-insolvency-domino-effect-370x290.webp\" class=\"attachment-ostech_blog_370X290 size-ostech_blog_370X290 wp-post-image\" alt=\"\" \/>\t\t\t\t\t\t\t\t\t<img decoding=\"async\" width=\"370\" height=\"290\" src=\"http:\/\/www.depark.com\/wp-content\/uploads\/2025\/09\/Understanding-insolvency-domino-effect-370x290.webp\" class=\"attachment-ostech_blog_370X290 size-ostech_blog_370X290 wp-post-image\" alt=\"\" \/>\t\t\t\t\t\t\t\t\t<a href=\"http:\/\/www.depark.com\/en\/ikea-etkisi\/\" class=\"blog-card__image__link\"><\/a>\r\n\t\t\t\t\t\t\t\t\t<div class=\"blog-card__date\"><span>02<\/span>Sep<\/div>\r\n\t\t\t\t\t\t\t\t<\/div>\r\n\t\t\t\t\t\t\t\t\t\t\t\t\t\t<div class=\"blog-card__content\">\r\n\t\t\t\t\t\t\t\t<ul class=\"list-unstyled blog-card__meta ml-0\">\r\n\t\t\t\t\t\t\t\t\t<li>\r\n\t\t\t\t\t\t\t\t\t\t<a href=\"http:\/\/www.depark.com\/en\/author\/taner-onay\/\"><img decoding=\"async\" src=\"http:\/\/www.depark.com\/wp-content\/uploads\/2025\/09\/taner-onay-70x70.png\" alt=\"DEPARK\">\r\n\t\t\t\t\t\t\t\t\t\t\tTaner Onay<\/a>\r\n\t\t\t\t\t\t\t\t\t<\/li>\r\n\t\t\t\t\t\t\t\t\t\t\t\t\t\t\t\t\t<\/ul>\r\n\t\t\t\t\t\t\t\t<div class=\"blog-card__content__inner\">\r\n\t\t\t\t\t\t\t\t\t\t\t\t\t\t\t\t\t\t<h3 class=\"blog-card__title\"><a href=\"http:\/\/www.depark.com\/en\/ikea-etkisi\/\">\u0130kea Etkisi: Giri\u015fimciler \u0130\u00e7in Stratejinin Ger\u00e7ek Anlam\u0131<\/a><\/h3>\r\n\t\t\t\t\t\t\t\t\t<a href=\"http:\/\/www.depark.com\/en\/ikea-etkisi\/\" class=\"blog-card__link\">Read More\t\t\t\t\t\t\t\t\t\t<i aria-hidden=\"true\" class=\"icon-arrow-left\"><\/i>\t\t\t\t\t\t\t\t\t<\/a><!-- \/.blog-card__link -->\r\n\t\t\t\t\t\t\t\t<\/div>\r\n\t\t\t\t\t\t\t<\/div>\r\n\t\t\t\t\t\t<\/div>\r\n\t\t\t\t\t<\/div>\r\n\t\t\t\t\t\t\t\t\t<div class=\"col-md-6 col-lg-4\">\r\n\t\t\t\t\t\t<div class=\"blog-card wow fadeInUp\" data-wow-duration='1500ms' data-wow-delay='000ms'>\r\n\t\t\t\t\t\t\t\t\t\t\t\t\t\t\t<div class=\"blog-card__image\">\r\n\t\t\t\t\t\t\t\t\t<img loading=\"lazy\" decoding=\"async\" width=\"370\" height=\"290\" src=\"http:\/\/www.depark.com\/wp-content\/uploads\/2025\/09\/360_F_892617196_bunm2AVT75qzn5Cva2pH3Uoy94koMHsJ-370x290.jpg\" class=\"attachment-ostech_blog_370X290 size-ostech_blog_370X290 wp-post-image\" alt=\"\" srcset=\"http:\/\/www.depark.com\/wp-content\/uploads\/2025\/09\/360_F_892617196_bunm2AVT75qzn5Cva2pH3Uoy94koMHsJ-370x290.jpg 370w, http:\/\/www.depark.com\/wp-content\/uploads\/2025\/09\/360_F_892617196_bunm2AVT75qzn5Cva2pH3Uoy94koMHsJ-460x360.jpg 460w\" sizes=\"(max-width: 370px) 100vw, 370px\" \/>\t\t\t\t\t\t\t\t\t<img loading=\"lazy\" decoding=\"async\" width=\"370\" height=\"290\" src=\"http:\/\/www.depark.com\/wp-content\/uploads\/2025\/09\/360_F_892617196_bunm2AVT75qzn5Cva2pH3Uoy94koMHsJ-370x290.jpg\" class=\"attachment-ostech_blog_370X290 size-ostech_blog_370X290 wp-post-image\" alt=\"\" srcset=\"http:\/\/www.depark.com\/wp-content\/uploads\/2025\/09\/360_F_892617196_bunm2AVT75qzn5Cva2pH3Uoy94koMHsJ-370x290.jpg 370w, http:\/\/www.depark.com\/wp-content\/uploads\/2025\/09\/360_F_892617196_bunm2AVT75qzn5Cva2pH3Uoy94koMHsJ-460x360.jpg 460w\" sizes=\"(max-width: 370px) 100vw, 370px\" \/>\t\t\t\t\t\t\t\t\t<a href=\"http:\/\/www.depark.com\/en\/vibe-kodlama\/\" class=\"blog-card__image__link\"><\/a>\r\n\t\t\t\t\t\t\t\t\t<div class=\"blog-card__date\"><span>02<\/span>Sep<\/div>\r\n\t\t\t\t\t\t\t\t<\/div>\r\n\t\t\t\t\t\t\t\t\t\t\t\t\t\t<div class=\"blog-card__content\">\r\n\t\t\t\t\t\t\t\t<ul class=\"list-unstyled blog-card__meta ml-0\">\r\n\t\t\t\t\t\t\t\t\t<li>\r\n\t\t\t\t\t\t\t\t\t\t<a href=\"http:\/\/www.depark.com\/en\/author\/taner-onay\/\"><img decoding=\"async\" src=\"http:\/\/www.depark.com\/wp-content\/uploads\/2025\/09\/taner-onay-70x70.png\" alt=\"DEPARK\">\r\n\t\t\t\t\t\t\t\t\t\t\tTaner Onay<\/a>\r\n\t\t\t\t\t\t\t\t\t<\/li>\r\n\t\t\t\t\t\t\t\t\t\t\t\t\t\t\t\t\t<\/ul>\r\n\t\t\t\t\t\t\t\t<div class=\"blog-card__content__inner\">\r\n\t\t\t\t\t\t\t\t\t\t\t\t\t\t\t\t\t\t<h3 class=\"blog-card__title\"><a href=\"http:\/\/www.depark.com\/en\/vibe-kodlama\/\">Vibe Kodlama: Giri\u015fimcilerin H\u0131zl\u0131 \u0130n\u015fa ve Ak\u0131ll\u0131ca Test Etmesi \u0130\u00e7in 6 \u00d6neri<\/a><\/h3>\r\n\t\t\t\t\t\t\t\t\t<a href=\"http:\/\/www.depark.com\/en\/vibe-kodlama\/\" class=\"blog-card__link\">Read More\t\t\t\t\t\t\t\t\t\t<i aria-hidden=\"true\" class=\"icon-arrow-left\"><\/i>\t\t\t\t\t\t\t\t\t<\/a><!-- \/.blog-card__link -->\r\n\t\t\t\t\t\t\t\t<\/div>\r\n\t\t\t\t\t\t\t<\/div>\r\n\t\t\t\t\t\t<\/div>\r\n\t\t\t\t\t<\/div>\r\n\t\t\t\t\t\t\t\t\t<div class=\"col-md-6 col-lg-4\">\r\n\t\t\t\t\t\t<div class=\"blog-card wow fadeInUp\" data-wow-duration='1500ms' data-wow-delay='000ms'>\r\n\t\t\t\t\t\t\t\t\t\t\t\t\t\t\t<div class=\"blog-card__image\">\r\n\t\t\t\t\t\t\t\t\t<img loading=\"lazy\" decoding=\"async\" width=\"370\" height=\"290\" src=\"http:\/\/www.depark.com\/wp-content\/uploads\/2025\/09\/47B9027F00000578-0-image-a-8_1514972190638-370x290.jpg\" class=\"attachment-ostech_blog_370X290 size-ostech_blog_370X290 wp-post-image\" alt=\"\" \/>\t\t\t\t\t\t\t\t\t<img loading=\"lazy\" decoding=\"async\" width=\"370\" height=\"290\" src=\"http:\/\/www.depark.com\/wp-content\/uploads\/2025\/09\/47B9027F00000578-0-image-a-8_1514972190638-370x290.jpg\" class=\"attachment-ostech_blog_370X290 size-ostech_blog_370X290 wp-post-image\" alt=\"\" \/>\t\t\t\t\t\t\t\t\t<a href=\"http:\/\/www.depark.com\/en\/stratejisiz-girisimlerin-yanilgisi\/\" class=\"blog-card__image__link\"><\/a>\r\n\t\t\t\t\t\t\t\t\t<div class=\"blog-card__date\"><span>02<\/span>Sep<\/div>\r\n\t\t\t\t\t\t\t\t<\/div>\r\n\t\t\t\t\t\t\t\t\t\t\t\t\t\t<div class=\"blog-card__content\">\r\n\t\t\t\t\t\t\t\t<ul class=\"list-unstyled blog-card__meta ml-0\">\r\n\t\t\t\t\t\t\t\t\t<li>\r\n\t\t\t\t\t\t\t\t\t\t<a href=\"http:\/\/www.depark.com\/en\/author\/taner-onay\/\"><img decoding=\"async\" src=\"http:\/\/www.depark.com\/wp-content\/uploads\/2025\/09\/taner-onay-70x70.png\" alt=\"DEPARK\">\r\n\t\t\t\t\t\t\t\t\t\t\tTaner Onay<\/a>\r\n\t\t\t\t\t\t\t\t\t<\/li>\r\n\t\t\t\t\t\t\t\t\t\t\t\t\t\t\t\t\t<\/ul>\r\n\t\t\t\t\t\t\t\t<div class=\"blog-card__content__inner\">\r\n\t\t\t\t\t\t\t\t\t\t\t\t\t\t\t\t\t\t<h3 class=\"blog-card__title\"><a href=\"http:\/\/www.depark.com\/en\/stratejisiz-girisimlerin-yanilgisi\/\">Stratejisiz Giri\u015fimlerin Yan\u0131lg\u0131s\u0131 \u0130\u015flemsel M\u00fckemmellik mi Stratejik Konumland\u0131rma m\u0131 ?<\/a><\/h3>\r\n\t\t\t\t\t\t\t\t\t<a href=\"http:\/\/www.depark.com\/en\/stratejisiz-girisimlerin-yanilgisi\/\" class=\"blog-card__link\">Read More\t\t\t\t\t\t\t\t\t\t<i aria-hidden=\"true\" class=\"icon-arrow-left\"><\/i>\t\t\t\t\t\t\t\t\t<\/a><!-- \/.blog-card__link -->\r\n\t\t\t\t\t\t\t\t<\/div>\r\n\t\t\t\t\t\t\t<\/div>\r\n\t\t\t\t\t\t<\/div>\r\n\t\t\t\t\t<\/div>\r\n\t\t\t\t\t\t\t\t\t<div class=\"col-md-6 col-lg-4\">\r\n\t\t\t\t\t\t<div class=\"blog-card wow fadeInUp\" data-wow-duration='1500ms' data-wow-delay='000ms'>\r\n\t\t\t\t\t\t\t\t\t\t\t\t\t\t\t<div class=\"blog-card__image\">\r\n\t\t\t\t\t\t\t\t\t<img loading=\"lazy\" decoding=\"async\" width=\"370\" height=\"290\" src=\"http:\/\/www.depark.com\/wp-content\/uploads\/2025\/09\/vs-Man-throwing-dart-with-eyes-closed-Header-jpeg-370x290.jpg\" class=\"attachment-ostech_blog_370X290 size-ostech_blog_370X290 wp-post-image\" alt=\"\" \/>\t\t\t\t\t\t\t\t\t<img loading=\"lazy\" decoding=\"async\" width=\"370\" height=\"290\" src=\"http:\/\/www.depark.com\/wp-content\/uploads\/2025\/09\/vs-Man-throwing-dart-with-eyes-closed-Header-jpeg-370x290.jpg\" class=\"attachment-ostech_blog_370X290 size-ostech_blog_370X290 wp-post-image\" alt=\"\" \/>\t\t\t\t\t\t\t\t\t<a href=\"http:\/\/www.depark.com\/en\/stratejisiz-girisim\/\" class=\"blog-card__image__link\"><\/a>\r\n\t\t\t\t\t\t\t\t\t<div class=\"blog-card__date\"><span>02<\/span>Sep<\/div>\r\n\t\t\t\t\t\t\t\t<\/div>\r\n\t\t\t\t\t\t\t\t\t\t\t\t\t\t<div class=\"blog-card__content\">\r\n\t\t\t\t\t\t\t\t<ul class=\"list-unstyled blog-card__meta ml-0\">\r\n\t\t\t\t\t\t\t\t\t<li>\r\n\t\t\t\t\t\t\t\t\t\t<a href=\"http:\/\/www.depark.com\/en\/author\/taner-onay\/\"><img decoding=\"async\" src=\"http:\/\/www.depark.com\/wp-content\/uploads\/2025\/09\/taner-onay-70x70.png\" alt=\"DEPARK\">\r\n\t\t\t\t\t\t\t\t\t\t\tTaner Onay<\/a>\r\n\t\t\t\t\t\t\t\t\t<\/li>\r\n\t\t\t\t\t\t\t\t\t\t\t\t\t\t\t\t\t<\/ul>\r\n\t\t\t\t\t\t\t\t<div class=\"blog-card__content__inner\">\r\n\t\t\t\t\t\t\t\t\t\t\t\t\t\t\t\t\t\t<h3 class=\"blog-card__title\"><a href=\"http:\/\/www.depark.com\/en\/stratejisiz-girisim\/\">Stratejisiz Giri\u015fim Ba\u015far\u0131l\u0131 Olabilir mi ?<\/a><\/h3>\r\n\t\t\t\t\t\t\t\t\t<a href=\"http:\/\/www.depark.com\/en\/stratejisiz-girisim\/\" class=\"blog-card__link\">Read More\t\t\t\t\t\t\t\t\t\t<i aria-hidden=\"true\" class=\"icon-arrow-left\"><\/i>\t\t\t\t\t\t\t\t\t<\/a><!-- \/.blog-card__link -->\r\n\t\t\t\t\t\t\t\t<\/div>\r\n\t\t\t\t\t\t\t<\/div>\r\n\t\t\t\t\t\t<\/div>\r\n\t\t\t\t\t<\/div>\r\n\t\t\t\t\t\t\t\t\t<div class=\"col-md-6 col-lg-4\">\r\n\t\t\t\t\t\t<div class=\"blog-card wow fadeInUp\" data-wow-duration='1500ms' data-wow-delay='000ms'>\r\n\t\t\t\t\t\t\t\t\t\t\t\t\t\t\t<div class=\"blog-card__image\">\r\n\t\t\t\t\t\t\t\t\t<img loading=\"lazy\" decoding=\"async\" width=\"370\" height=\"290\" src=\"http:\/\/www.depark.com\/wp-content\/uploads\/2025\/09\/entrepreneurship-370x290.jpg\" class=\"attachment-ostech_blog_370X290 size-ostech_blog_370X290 wp-post-image\" alt=\"\" \/>\t\t\t\t\t\t\t\t\t<img loading=\"lazy\" decoding=\"async\" width=\"370\" height=\"290\" src=\"http:\/\/www.depark.com\/wp-content\/uploads\/2025\/09\/entrepreneurship-370x290.jpg\" class=\"attachment-ostech_blog_370X290 size-ostech_blog_370X290 wp-post-image\" alt=\"\" \/>\t\t\t\t\t\t\t\t\t<a href=\"http:\/\/www.depark.com\/en\/geride-birakmaniz-gereken\/\" class=\"blog-card__image__link\"><\/a>\r\n\t\t\t\t\t\t\t\t\t<div class=\"blog-card__date\"><span>02<\/span>Sep<\/div>\r\n\t\t\t\t\t\t\t\t<\/div>\r\n\t\t\t\t\t\t\t\t\t\t\t\t\t\t<div class=\"blog-card__content\">\r\n\t\t\t\t\t\t\t\t<ul class=\"list-unstyled blog-card__meta ml-0\">\r\n\t\t\t\t\t\t\t\t\t<li>\r\n\t\t\t\t\t\t\t\t\t\t<a href=\"http:\/\/www.depark.com\/en\/author\/taner-onay\/\"><img decoding=\"async\" src=\"http:\/\/www.depark.com\/wp-content\/uploads\/2025\/09\/taner-onay-70x70.png\" alt=\"DEPARK\">\r\n\t\t\t\t\t\t\t\t\t\t\tTaner Onay<\/a>\r\n\t\t\t\t\t\t\t\t\t<\/li>\r\n\t\t\t\t\t\t\t\t\t\t\t\t\t\t\t\t\t<\/ul>\r\n\t\t\t\t\t\t\t\t<div class=\"blog-card__content__inner\">\r\n\t\t\t\t\t\t\t\t\t\t\t\t\t\t\t\t\t\t<h3 class=\"blog-card__title\"><a href=\"http:\/\/www.depark.com\/en\/geride-birakmaniz-gereken\/\">Geride B\u0131rakman\u0131z Gereken 7 Giri\u015fimcilik Efsanesi<\/a><\/h3>\r\n\t\t\t\t\t\t\t\t\t<a href=\"http:\/\/www.depark.com\/en\/geride-birakmaniz-gereken\/\" class=\"blog-card__link\">Read More\t\t\t\t\t\t\t\t\t\t<i aria-hidden=\"true\" class=\"icon-arrow-left\"><\/i>\t\t\t\t\t\t\t\t\t<\/a><!-- \/.blog-card__link -->\r\n\t\t\t\t\t\t\t\t<\/div>\r\n\t\t\t\t\t\t\t<\/div>\r\n\t\t\t\t\t\t<\/div>\r\n\t\t\t\t\t<\/div>\r\n\t\t\t\t\t\t\t\t\t<div class=\"col-md-6 col-lg-4\">\r\n\t\t\t\t\t\t<div class=\"blog-card wow fadeInUp\" data-wow-duration='1500ms' data-wow-delay='000ms'>\r\n\t\t\t\t\t\t\t\t\t\t\t\t\t\t\t<div class=\"blog-card__image\">\r\n\t\t\t\t\t\t\t\t\t<img loading=\"lazy\" decoding=\"async\" width=\"370\" height=\"290\" src=\"http:\/\/www.depark.com\/wp-content\/uploads\/2025\/09\/life-of-an-entrepreneur-the-everyday-challenges-and-rewards-og-image-370x290.webp\" class=\"attachment-ostech_blog_370X290 size-ostech_blog_370X290 wp-post-image\" alt=\"\" \/>\t\t\t\t\t\t\t\t\t<img loading=\"lazy\" decoding=\"async\" width=\"370\" height=\"290\" src=\"http:\/\/www.depark.com\/wp-content\/uploads\/2025\/09\/life-of-an-entrepreneur-the-everyday-challenges-and-rewards-og-image-370x290.webp\" class=\"attachment-ostech_blog_370X290 size-ostech_blog_370X290 wp-post-image\" alt=\"\" \/>\t\t\t\t\t\t\t\t\t<a href=\"http:\/\/www.depark.com\/en\/ilk-kez-girisimci-olanlarin\/\" class=\"blog-card__image__link\"><\/a>\r\n\t\t\t\t\t\t\t\t\t<div class=\"blog-card__date\"><span>02<\/span>Sep<\/div>\r\n\t\t\t\t\t\t\t\t<\/div>\r\n\t\t\t\t\t\t\t\t\t\t\t\t\t\t<div class=\"blog-card__content\">\r\n\t\t\t\t\t\t\t\t<ul class=\"list-unstyled blog-card__meta ml-0\">\r\n\t\t\t\t\t\t\t\t\t<li>\r\n\t\t\t\t\t\t\t\t\t\t<a href=\"http:\/\/www.depark.com\/en\/author\/taner-onay\/\"><img decoding=\"async\" src=\"http:\/\/www.depark.com\/wp-content\/uploads\/2025\/09\/taner-onay-70x70.png\" alt=\"DEPARK\">\r\n\t\t\t\t\t\t\t\t\t\t\tTaner Onay<\/a>\r\n\t\t\t\t\t\t\t\t\t<\/li>\r\n\t\t\t\t\t\t\t\t\t\t\t\t\t\t\t\t\t<\/ul>\r\n\t\t\t\t\t\t\t\t<div class=\"blog-card__content__inner\">\r\n\t\t\t\t\t\t\t\t\t\t\t\t\t\t\t\t\t\t<h3 class=\"blog-card__title\"><a href=\"http:\/\/www.depark.com\/en\/ilk-kez-girisimci-olanlarin\/\">\u0130lk Kez Giri\u015fimci Olanlar\u0131n En S\u0131k Yapt\u0131\u011f\u0131 12 Hata<\/a><\/h3>\r\n\t\t\t\t\t\t\t\t\t<a href=\"http:\/\/www.depark.com\/en\/ilk-kez-girisimci-olanlarin\/\" class=\"blog-card__link\">Read More\t\t\t\t\t\t\t\t\t\t<i aria-hidden=\"true\" class=\"icon-arrow-left\"><\/i>\t\t\t\t\t\t\t\t\t<\/a><!-- \/.blog-card__link -->\r\n\t\t\t\t\t\t\t\t<\/div>\r\n\t\t\t\t\t\t\t<\/div>\r\n\t\t\t\t\t\t<\/div>\r\n\t\t\t\t\t<\/div>\r\n\t\t\t\t\t\t\t\t\t<div class=\"col-md-6 col-lg-4\">\r\n\t\t\t\t\t\t<div class=\"blog-card wow fadeInUp\" data-wow-duration='1500ms' data-wow-delay='000ms'>\r\n\t\t\t\t\t\t\t\t\t\t\t\t\t\t\t<div class=\"blog-card__image\">\r\n\t\t\t\t\t\t\t\t\t<img loading=\"lazy\" decoding=\"async\" width=\"370\" height=\"120\" src=\"http:\/\/www.depark.com\/wp-content\/uploads\/2025\/08\/siskon_logo_resized_600x120-1-370x120.png\" class=\"attachment-ostech_blog_370X290 size-ostech_blog_370X290 wp-post-image\" alt=\"\" \/>\t\t\t\t\t\t\t\t\t<img loading=\"lazy\" decoding=\"async\" width=\"370\" height=\"120\" src=\"http:\/\/www.depark.com\/wp-content\/uploads\/2025\/08\/siskon_logo_resized_600x120-1-370x120.png\" class=\"attachment-ostech_blog_370X290 size-ostech_blog_370X290 wp-post-image\" alt=\"\" \/>\t\t\t\t\t\t\t\t\t<a href=\"http:\/\/www.depark.com\/en\/siskonun-depark-ekosistemindeki-yolculugu\/\" class=\"blog-card__image__link\"><\/a>\r\n\t\t\t\t\t\t\t\t\t<div class=\"blog-card__date\"><span>21<\/span>Aug<\/div>\r\n\t\t\t\t\t\t\t\t<\/div>\r\n\t\t\t\t\t\t\t\t\t\t\t\t\t\t<div class=\"blog-card__content\">\r\n\t\t\t\t\t\t\t\t<ul class=\"list-unstyled blog-card__meta ml-0\">\r\n\t\t\t\t\t\t\t\t\t<li>\r\n\t\t\t\t\t\t\t\t\t\t<a href=\"http:\/\/www.depark.com\/en\/author\/b0clf\/\"><img decoding=\"async\" src=\"http:\/\/www.depark.com\/wp-content\/uploads\/2025\/09\/taner-onay-70x70.png\" alt=\"DEPARK\">\r\n\t\t\t\t\t\t\t\t\t\t\tDepark<\/a>\r\n\t\t\t\t\t\t\t\t\t<\/li>\r\n\t\t\t\t\t\t\t\t\t\t\t\t\t\t\t\t\t<\/ul>\r\n\t\t\t\t\t\t\t\t<div class=\"blog-card__content__inner\">\r\n\t\t\t\t\t\t\t\t\t\t\t\t\t\t\t\t\t\t<h3 class=\"blog-card__title\"><a href=\"http:\/\/www.depark.com\/en\/siskonun-depark-ekosistemindeki-yolculugu\/\">SISKON\u2019S JOURNEY IN THE DEPARK ECOSYSTEM<\/a><\/h3>\r\n\t\t\t\t\t\t\t\t\t<a href=\"http:\/\/www.depark.com\/en\/siskonun-depark-ekosistemindeki-yolculugu\/\" class=\"blog-card__link\">Read More\t\t\t\t\t\t\t\t\t\t<i aria-hidden=\"true\" class=\"icon-arrow-left\"><\/i>\t\t\t\t\t\t\t\t\t<\/a><!-- \/.blog-card__link -->\r\n\t\t\t\t\t\t\t\t<\/div>\r\n\t\t\t\t\t\t\t<\/div>\r\n\t\t\t\t\t\t<\/div>\r\n\t\t\t\t\t<\/div>\r\n\t\t\t\t\t\t\t\t\t\t\t\t\t\t\t<\/div>\r\n\t\t<\/div>\r\n\t<\/section>\r\n\t<!-- Blog section End -->\r\n\r\n\r\n\t\t\t\t<\/div>\n\t\t\t\t<\/div>\n\t\t\t\t<\/div>\n\t\t\t\t<\/div>","protected":false},"excerpt":{"rendered":"<p>b0clf Hikaye Anlat\u0131m\u0131n\u0131 Sunumunuza Dahil Etmek: Giri\u015fimciler \u0130\u00e7in Bir Rehber Devam\u0131n\u0131 Oku b0clf \u0130kea Etkisi: Giri\u015fimciler \u0130\u00e7in Stratejinin Ger\u00e7ek Anlam\u0131 Devam\u0131n\u0131 Oku b0clf Vibe Kodlama: Giri\u015fimcilerin H\u0131zl\u0131 \u0130n\u015fa ve Ak\u0131ll\u0131ca Test Etmesi \u0130\u00e7in 6 \u00d6neri Devam\u0131n\u0131 Oku 02Eyl b0clf Stratejisiz Giri\u015fimlerin Yan\u0131lg\u0131s\u0131 \u0130\u015flemsel M\u00fckemmellik mi Stratejik Konumland\u0131rma m\u0131 ? Devam\u0131n\u0131 Oku 02Eyl b0clf Stratejisiz Giri\u015fim [&hellip;]<\/p>","protected":false},"author":1,"featured_media":6024,"parent":0,"menu_order":0,"comment_status":"closed","ping_status":"closed","template":"elementor_header_footer","meta":{"_acf_changed":false,"pagelayer_contact_templates":[],"_pagelayer_content":"","_monsterinsights_skip_tracking":false,"_monsterinsights_sitenote_active":false,"_monsterinsights_sitenote_note":"","_monsterinsights_sitenote_category":0,"footnotes":""},"class_list":["post-5933","page","type-page","status-publish","has-post-thumbnail","hentry"],"acf":[],"_links":{"self":[{"href":"http:\/\/www.depark.com\/en\/wp-json\/wp\/v2\/pages\/5933","targetHints":{"allow":["GET"]}}],"collection":[{"href":"http:\/\/www.depark.com\/en\/wp-json\/wp\/v2\/pages"}],"about":[{"href":"http:\/\/www.depark.com\/en\/wp-json\/wp\/v2\/types\/page"}],"author":[{"embeddable":true,"href":"http:\/\/www.depark.com\/en\/wp-json\/wp\/v2\/users\/1"}],"replies":[{"embeddable":true,"href":"http:\/\/www.depark.com\/en\/wp-json\/wp\/v2\/comments?post=5933"}],"version-history":[{"count":8,"href":"http:\/\/www.depark.com\/en\/wp-json\/wp\/v2\/pages\/5933\/revisions"}],"predecessor-version":[{"id":8153,"href":"http:\/\/www.depark.com\/en\/wp-json\/wp\/v2\/pages\/5933\/revisions\/8153"}],"wp:featuredmedia":[{"embeddable":true,"href":"http:\/\/www.depark.com\/en\/wp-json\/wp\/v2\/media\/6024"}],"wp:attachment":[{"href":"http:\/\/www.depark.com\/en\/wp-json\/wp\/v2\/media?parent=5933"}],"curies":[{"name":"wp","href":"https:\/\/api.w.org\/{rel}","templated":true}]}}