{"id":9822,"date":"2025-12-30T08:52:20","date_gmt":"2025-12-30T08:52:20","guid":{"rendered":"https:\/\/www.depark.com\/?page_id=9822"},"modified":"2026-04-06T10:16:22","modified_gmt":"2026-04-06T10:16:22","slug":"aylik-bulten","status":"publish","type":"page","link":"http:\/\/www.depark.com\/en\/aylik-bulten\/","title":{"rendered":"Ayl\u0131k B\u00fclten"},"content":{"rendered":"<div data-elementor-type=\"wp-page\" data-elementor-id=\"9822\" class=\"elementor elementor-9822\">\n\t\t\t\t<div class=\"elementor-element elementor-element-acb0e84 e-flex e-con-boxed e-con e-parent\" data-id=\"acb0e84\" data-element_type=\"container\">\n\t\t\t\t\t<div class=\"e-con-inner\">\n\t\t\t\t<div class=\"elementor-element elementor-element-8166371 elementor-widget elementor-widget-ostech-blog\" data-id=\"8166371\" data-element_type=\"widget\" data-widget_type=\"ostech-blog.default\">\n\t\t\t\t<div class=\"elementor-widget-container\">\n\t\t\t\t\t\t<!-- Blog section Start -->\r\n\t<section class=\"blog-one blog-one--home\">\r\n\t\t<div class=\"container\">\r\n\t\t\t\t\t\t\t<div class=\"sec-title text-center wow fadeInUp\" data-wow-duration='1500ms' data-wow-delay='000ms'>\r\n\t\t\t\t\t\t\t\t\t\t\t<div class=\"d-flex align-items-center justify-content-center\">\r\n\t\t\t\t\t\t\t\t\t\t\t\t\t\t<h4 class=\"sec-title__tagline\">DEPARK<\/h4>\t\t\t\t\t\t<\/div>\r\n\t\t\t\t\t\t\t\t\t\t<h3 class=\"sec-title__title\">Gelece\u011fi \u015eekillendiren G\u00fcndem<\/h3>\t\t\t\t<\/div>\r\n\t\t\t\t\t\t<div class=\"row gutter-y-30\">\r\n\t\t\t\t\t\t\t\t\t<div class=\"col-md-6 col-lg-4\">\r\n\t\t\t\t\t\t<div class=\"blog-card wow fadeInUp\" data-wow-duration='1500ms' data-wow-delay='000ms'>\r\n\t\t\t\t\t\t\t\t\t\t\t\t\t\t\t<div class=\"blog-card__image\">\r\n\t\t\t\t\t\t\t\t\t<img fetchpriority=\"high\" decoding=\"async\" width=\"370\" height=\"290\" src=\"http:\/\/www.depark.com\/wp-content\/uploads\/2026\/04\/Mart-370x290.png\" class=\"attachment-ostech_blog_370X290 size-ostech_blog_370X290 wp-post-image\" alt=\"\" \/>\t\t\t\t\t\t\t\t\t<img fetchpriority=\"high\" decoding=\"async\" width=\"370\" height=\"290\" src=\"http:\/\/www.depark.com\/wp-content\/uploads\/2026\/04\/Mart-370x290.png\" class=\"attachment-ostech_blog_370X290 size-ostech_blog_370X290 wp-post-image\" alt=\"\" \/>\t\t\t\t\t\t\t\t\t<a href=\"http:\/\/www.depark.com\/en\/inovasyon-girisimcilik-ve-is-birliginin-bulusma-noktasi-depark\/\" class=\"blog-card__image__link\"><\/a>\r\n\t\t\t\t\t\t\t\t\t<div class=\"blog-card__date\"><span>06<\/span>Apr<\/div>\r\n\t\t\t\t\t\t\t\t<\/div>\r\n\t\t\t\t\t\t\t\t\t\t\t\t\t\t<div class=\"blog-card__content\">\r\n\t\t\t\t\t\t\t\t<ul class=\"list-unstyled blog-card__meta ml-0\">\r\n\t\t\t\t\t\t\t\t\t<li>\r\n\t\t\t\t\t\t\t\t\t\t<a href=\"http:\/\/www.depark.com\/en\/author\/deparkit\/\"><img decoding=\"async\" src=\"http:\/\/www.depark.com\/wp-content\/uploads\/2025\/09\/taner-onay-70x70.png\" alt=\"DEPARK\">\r\n\t\t\t\t\t\t\t\t\t\t\tadmin admin<\/a>\r\n\t\t\t\t\t\t\t\t\t<\/li>\r\n\t\t\t\t\t\t\t\t\t\t\t\t\t\t\t\t\t<\/ul>\r\n\t\t\t\t\t\t\t\t<div class=\"blog-card__content__inner\">\r\n\t\t\t\t\t\t\t\t\t\t\t\t\t\t\t\t\t\t<h3 class=\"blog-card__title\"><a href=\"http:\/\/www.depark.com\/en\/inovasyon-girisimcilik-ve-is-birliginin-bulusma-noktasi-depark\/\">\u0130NOVASYON, G\u0130R\u0130\u015e\u0130MC\u0130L\u0130K<\/a><\/h3>\r\n\t\t\t\t\t\t\t\t\t<a href=\"http:\/\/www.depark.com\/en\/inovasyon-girisimcilik-ve-is-birliginin-bulusma-noktasi-depark\/\" class=\"blog-card__link\">Devam\u0131n\u0131 Oku...\t\t\t\t\t\t\t\t\t\t<i aria-hidden=\"true\" class=\"icon-arrow-left\"><\/i>\t\t\t\t\t\t\t\t\t<\/a><!-- \/.blog-card__link -->\r\n\t\t\t\t\t\t\t\t<\/div>\r\n\t\t\t\t\t\t\t<\/div>\r\n\t\t\t\t\t\t<\/div>\r\n\t\t\t\t\t<\/div>\r\n\t\t\t\t\t\t\t\t\t<div class=\"col-md-6 col-lg-4\">\r\n\t\t\t\t\t\t<div class=\"blog-card wow fadeInUp\" data-wow-duration='1500ms' data-wow-delay='000ms'>\r\n\t\t\t\t\t\t\t\t\t\t\t\t\t\t\t<div class=\"blog-card__image\">\r\n\t\t\t\t\t\t\t\t\t<img decoding=\"async\" width=\"370\" height=\"290\" src=\"http:\/\/www.depark.com\/wp-content\/uploads\/2026\/04\/bultenkpk-370x290.png\" class=\"attachment-ostech_blog_370X290 size-ostech_blog_370X290 wp-post-image\" alt=\"\" \/>\t\t\t\t\t\t\t\t\t<img decoding=\"async\" width=\"370\" height=\"290\" src=\"http:\/\/www.depark.com\/wp-content\/uploads\/2026\/04\/bultenkpk-370x290.png\" class=\"attachment-ostech_blog_370X290 size-ostech_blog_370X290 wp-post-image\" alt=\"\" \/>\t\t\t\t\t\t\t\t\t<a href=\"http:\/\/www.depark.com\/en\/depark-yeni-is-birlikleriyle-gucleniyor\/\" class=\"blog-card__image__link\"><\/a>\r\n\t\t\t\t\t\t\t\t\t<div class=\"blog-card__date\"><span>06<\/span>Mar<\/div>\r\n\t\t\t\t\t\t\t\t<\/div>\r\n\t\t\t\t\t\t\t\t\t\t\t\t\t\t<div class=\"blog-card__content\">\r\n\t\t\t\t\t\t\t\t<ul class=\"list-unstyled blog-card__meta ml-0\">\r\n\t\t\t\t\t\t\t\t\t<li>\r\n\t\t\t\t\t\t\t\t\t\t<a href=\"http:\/\/www.depark.com\/en\/author\/deparkit\/\"><img decoding=\"async\" src=\"http:\/\/www.depark.com\/wp-content\/uploads\/2025\/09\/taner-onay-70x70.png\" alt=\"DEPARK\">\r\n\t\t\t\t\t\t\t\t\t\t\tadmin admin<\/a>\r\n\t\t\t\t\t\t\t\t\t<\/li>\r\n\t\t\t\t\t\t\t\t\t\t\t\t\t\t\t\t\t<\/ul>\r\n\t\t\t\t\t\t\t\t<div class=\"blog-card__content__inner\">\r\n\t\t\t\t\t\t\t\t\t\t\t\t\t\t\t\t\t\t<h3 class=\"blog-card__title\"><a href=\"http:\/\/www.depark.com\/en\/depark-yeni-is-birlikleriyle-gucleniyor\/\">DEPARK G\u00dc\u00c7LEN\u0130YOR&#8230;<\/a><\/h3>\r\n\t\t\t\t\t\t\t\t\t<a href=\"http:\/\/www.depark.com\/en\/depark-yeni-is-birlikleriyle-gucleniyor\/\" class=\"blog-card__link\">Devam\u0131n\u0131 Oku...\t\t\t\t\t\t\t\t\t\t<i aria-hidden=\"true\" class=\"icon-arrow-left\"><\/i>\t\t\t\t\t\t\t\t\t<\/a><!-- \/.blog-card__link -->\r\n\t\t\t\t\t\t\t\t<\/div>\r\n\t\t\t\t\t\t\t<\/div>\r\n\t\t\t\t\t\t<\/div>\r\n\t\t\t\t\t<\/div>\r\n\t\t\t\t\t\t\t\t\t<div class=\"col-md-6 col-lg-4\">\r\n\t\t\t\t\t\t<div class=\"blog-card wow fadeInUp\" data-wow-duration='1500ms' data-wow-delay='000ms'>\r\n\t\t\t\t\t\t\t\t\t\t\t\t\t\t\t<div class=\"blog-card__image\">\r\n\t\t\t\t\t\t\t\t\t<img decoding=\"async\" width=\"370\" height=\"290\" src=\"http:\/\/www.depark.com\/wp-content\/uploads\/2026\/04\/bultenkapak--370x290.jpg\" class=\"attachment-ostech_blog_370X290 size-ostech_blog_370X290 wp-post-image\" alt=\"\" \/>\t\t\t\t\t\t\t\t\t<img decoding=\"async\" width=\"370\" height=\"290\" src=\"http:\/\/www.depark.com\/wp-content\/uploads\/2026\/04\/bultenkapak--370x290.jpg\" class=\"attachment-ostech_blog_370X290 size-ostech_blog_370X290 wp-post-image\" alt=\"\" \/>\t\t\t\t\t\t\t\t\t<a href=\"http:\/\/www.depark.com\/en\/test\/\" class=\"blog-card__image__link\"><\/a>\r\n\t\t\t\t\t\t\t\t\t<div class=\"blog-card__date\"><span>06<\/span>Feb<\/div>\r\n\t\t\t\t\t\t\t\t<\/div>\r\n\t\t\t\t\t\t\t\t\t\t\t\t\t\t<div class=\"blog-card__content\">\r\n\t\t\t\t\t\t\t\t<ul class=\"list-unstyled blog-card__meta ml-0\">\r\n\t\t\t\t\t\t\t\t\t<li>\r\n\t\t\t\t\t\t\t\t\t\t<a href=\"http:\/\/www.depark.com\/en\/author\/deparkit\/\"><img decoding=\"async\" src=\"http:\/\/www.depark.com\/wp-content\/uploads\/2025\/09\/taner-onay-70x70.png\" alt=\"DEPARK\">\r\n\t\t\t\t\t\t\t\t\t\t\tadmin admin<\/a>\r\n\t\t\t\t\t\t\t\t\t<\/li>\r\n\t\t\t\t\t\t\t\t\t\t\t\t\t\t\t\t\t<\/ul>\r\n\t\t\t\t\t\t\t\t<div class=\"blog-card__content__inner\">\r\n\t\t\t\t\t\t\t\t\t\t\t\t\t\t\t\t\t\t<h3 class=\"blog-card__title\"><a href=\"http:\/\/www.depark.com\/en\/test\/\">DEPARK 2026\u2019YA YEN\u0130 HEDEFLE<\/a><\/h3>\r\n\t\t\t\t\t\t\t\t\t<a href=\"http:\/\/www.depark.com\/en\/test\/\" class=\"blog-card__link\">Devam\u0131n\u0131 Oku...\t\t\t\t\t\t\t\t\t\t<i aria-hidden=\"true\" class=\"icon-arrow-left\"><\/i>\t\t\t\t\t\t\t\t\t<\/a><!-- \/.blog-card__link -->\r\n\t\t\t\t\t\t\t\t<\/div>\r\n\t\t\t\t\t\t\t<\/div>\r\n\t\t\t\t\t\t<\/div>\r\n\t\t\t\t\t<\/div>\r\n\t\t\t\t\t\t\t\t\t<div class=\"col-md-6 col-lg-4\">\r\n\t\t\t\t\t\t<div class=\"blog-card wow fadeInUp\" data-wow-duration='1500ms' data-wow-delay='000ms'>\r\n\t\t\t\t\t\t\t\t\t\t\t\t\t\t\t<div class=\"blog-card__image\">\r\n\t\t\t\t\t\t\t\t\t<img loading=\"lazy\" decoding=\"async\" width=\"370\" height=\"290\" src=\"http:\/\/www.depark.com\/wp-content\/uploads\/2025\/11\/https3A2F2Fsubstack-post-media.s3.amazonaws.com2Fpublic2Fimages2Ffebd2762-d4dc-4ff7-bf8d-af6b539e098e_1155x650-MMm4fX-370x290.jpg\" class=\"attachment-ostech_blog_370X290 size-ostech_blog_370X290 wp-post-image\" alt=\"\" \/>\t\t\t\t\t\t\t\t\t<img loading=\"lazy\" decoding=\"async\" width=\"370\" height=\"290\" src=\"http:\/\/www.depark.com\/wp-content\/uploads\/2025\/11\/https3A2F2Fsubstack-post-media.s3.amazonaws.com2Fpublic2Fimages2Ffebd2762-d4dc-4ff7-bf8d-af6b539e098e_1155x650-MMm4fX-370x290.jpg\" class=\"attachment-ostech_blog_370X290 size-ostech_blog_370X290 wp-post-image\" alt=\"\" \/>\t\t\t\t\t\t\t\t\t<a href=\"http:\/\/www.depark.com\/en\/gelecegi-tasarlayanlarin-inovasyon-merkezi-depark-2025te-ureterek-guclendi-2026ya-kararlilikla-ilerliyor\/\" class=\"blog-card__image__link\"><\/a>\r\n\t\t\t\t\t\t\t\t\t<div class=\"blog-card__date\"><span>30<\/span>Dec<\/div>\r\n\t\t\t\t\t\t\t\t<\/div>\r\n\t\t\t\t\t\t\t\t\t\t\t\t\t\t<div class=\"blog-card__content\">\r\n\t\t\t\t\t\t\t\t<ul class=\"list-unstyled blog-card__meta ml-0\">\r\n\t\t\t\t\t\t\t\t\t<li>\r\n\t\t\t\t\t\t\t\t\t\t<a href=\"http:\/\/www.depark.com\/en\/author\/deparkit\/\"><img decoding=\"async\" src=\"http:\/\/www.depark.com\/wp-content\/uploads\/2025\/09\/taner-onay-70x70.png\" alt=\"DEPARK\">\r\n\t\t\t\t\t\t\t\t\t\t\tadmin admin<\/a>\r\n\t\t\t\t\t\t\t\t\t<\/li>\r\n\t\t\t\t\t\t\t\t\t\t\t\t\t\t\t\t\t<\/ul>\r\n\t\t\t\t\t\t\t\t<div class=\"blog-card__content__inner\">\r\n\t\t\t\t\t\t\t\t\t\t\t\t\t\t\t\t\t\t<h3 class=\"blog-card__title\"><a href=\"http:\/\/www.depark.com\/en\/gelecegi-tasarlayanlarin-inovasyon-merkezi-depark-2025te-ureterek-guclendi-2026ya-kararlilikla-ilerliyor\/\">GELECE\u011eI TASARLAYANLARIN \u0130NO<\/a><\/h3>\r\n\t\t\t\t\t\t\t\t\t<a href=\"http:\/\/www.depark.com\/en\/gelecegi-tasarlayanlarin-inovasyon-merkezi-depark-2025te-ureterek-guclendi-2026ya-kararlilikla-ilerliyor\/\" class=\"blog-card__link\">Devam\u0131n\u0131 Oku...\t\t\t\t\t\t\t\t\t\t<i aria-hidden=\"true\" class=\"icon-arrow-left\"><\/i>\t\t\t\t\t\t\t\t\t<\/a><!-- \/.blog-card__link -->\r\n\t\t\t\t\t\t\t\t<\/div>\r\n\t\t\t\t\t\t\t<\/div>\r\n\t\t\t\t\t\t<\/div>\r\n\t\t\t\t\t<\/div>\r\n\t\t\t\t\t\t\t\t\t\t\t\t\t<div class=\"wp-pagination blog-pagination portfolio-page__btn-box justify-content-center text-center\">\r\n\t\t\t\t\t\t\t\t\t\t\t<\/div><!-- \/.blog-post-pagination -->\r\n\t\t\t\t\t\t\t\t\t\t\t<\/div>\r\n\t\t<\/div>\r\n\t<\/section>\r\n\t<!-- Blog section End -->\r\n\r\n\r\n\t\t\t\t<\/div>\n\t\t\t\t<\/div>\n\t\t\t\t\t<\/div>\n\t\t\t\t<\/div>\n\t\t\t\t<\/div>","protected":false},"excerpt":{"rendered":"<p>DEPARK Gelece\u011fi \u015eekillendiren G\u00fcndem 06Nis admin admin \u0130NOVASYON, G\u0130R\u0130\u015e\u0130MC\u0130L\u0130K Devam\u0131n\u0131 Oku&#8230; 06Mar admin admin DEPARK G\u00dc\u00c7LEN\u0130YOR&#8230; Devam\u0131n\u0131 Oku&#8230; 06\u015eub admin admin DEPARK 2026\u2019YA YEN\u0130 HEDEFLE Devam\u0131n\u0131 Oku&#8230; 30Ara admin admin GELECE\u011eI TASARLAYANLARIN \u0130NO Devam\u0131n\u0131 Oku&#8230;<\/p>","protected":false},"author":3,"featured_media":0,"parent":0,"menu_order":0,"comment_status":"closed","ping_status":"closed","template":"elementor_header_footer","meta":{"_acf_changed":false,"pagelayer_contact_templates":[],"_pagelayer_content":"","_monsterinsights_skip_tracking":false,"_monsterinsights_sitenote_active":false,"_monsterinsights_sitenote_note":"","_monsterinsights_sitenote_category":0,"footnotes":""},"class_list":["post-9822","page","type-page","status-publish","hentry"],"acf":[],"_links":{"self":[{"href":"http:\/\/www.depark.com\/en\/wp-json\/wp\/v2\/pages\/9822","targetHints":{"allow":["GET"]}}],"collection":[{"href":"http:\/\/www.depark.com\/en\/wp-json\/wp\/v2\/pages"}],"about":[{"href":"http:\/\/www.depark.com\/en\/wp-json\/wp\/v2\/types\/page"}],"author":[{"embeddable":true,"href":"http:\/\/www.depark.com\/en\/wp-json\/wp\/v2\/users\/3"}],"replies":[{"embeddable":true,"href":"http:\/\/www.depark.com\/en\/wp-json\/wp\/v2\/comments?post=9822"}],"version-history":[{"count":11,"href":"http:\/\/www.depark.com\/en\/wp-json\/wp\/v2\/pages\/9822\/revisions"}],"predecessor-version":[{"id":10378,"href":"http:\/\/www.depark.com\/en\/wp-json\/wp\/v2\/pages\/9822\/revisions\/10378"}],"wp:attachment":[{"href":"http:\/\/www.depark.com\/en\/wp-json\/wp\/v2\/media?parent=9822"}],"curies":[{"name":"wp","href":"https:\/\/api.w.org\/{rel}","templated":true}]}}