{"id":130,"date":"2024-05-08T09:20:20","date_gmt":"2024-05-08T09:20:20","guid":{"rendered":"http:\/\/ostech-demo.local\/?page_id=130"},"modified":"2026-04-17T13:54:03","modified_gmt":"2026-04-17T13:54:03","slug":"iletisim","status":"publish","type":"page","link":"https:\/\/www.depark.com\/en\/iletisim\/","title":{"rendered":"Contact Us"},"content":{"rendered":"<div data-elementor-type=\"wp-page\" data-elementor-id=\"130\" class=\"elementor elementor-130\">\n\t\t\t\t<div class=\"elementor-element elementor-element-4b0b020 e-flex e-con-boxed e-con e-parent\" data-id=\"4b0b020\" data-element_type=\"container\">\n\t\t\t\t\t<div class=\"e-con-inner\">\n\t\t\t\t<div class=\"elementor-element elementor-element-b56d553 elementor-widget elementor-widget-ostech-contact-form\" data-id=\"b56d553\" data-element_type=\"widget\" data-widget_type=\"ostech-contact-form.default\">\n\t\t\t\t<div class=\"elementor-widget-container\">\n\t\t\t\t\t\t<section class=\"contact-one\">\r\n\t\t<div class=\"container\">\r\n\t\t\t<div class=\"row gutter-y-30\">\r\n\t\t\t\t<div class=\"col-lg-4\">\r\n\t\t\t\t\t<div class=\"contact-one__left\">\r\n\t\t\t\t\t\t<ul class=\"contact-one__list list-unstyled ml-0\">\r\n\t\t\t\t\t\t\t\t\t\t\t\t\t\t\t<li class=\"contact-one__list__item\">\r\n\t\t\t\t\t\t\t\t\t<div class=\"contact-one__list__icon\">\r\n\t\t\t\t\t\t\t\t\t\t<i aria-hidden=\"true\" class=\"icon-telephone\"><\/i>\t\t\t\t\t\t\t\t\t<\/div>\r\n\t\t\t\t\t\t\t\t\t<div class=\"contact-one__list__content\">\r\n\t\t\t\t\t\t\t\t\t\t<span class=\"contact-one__list__subtitle\">Have a Question?<\/span>\r\n\t\t\t\t\t\t\t\t\t\t<p class=\"contact-one__list__action\">+90 232 412 80 00<\/p>\r\n\t\t\t\t\t\t\t\t\t<\/div>\r\n\t\t\t\t\t\t\t\t<\/li>\r\n\t\t\t\t\t\t\t\t\t\t\t\t\t\t\t<li class=\"contact-one__list__item\">\r\n\t\t\t\t\t\t\t\t\t<div class=\"contact-one__list__icon\">\r\n\t\t\t\t\t\t\t\t\t\t<i aria-hidden=\"true\" class=\"icon-email2\"><\/i>\t\t\t\t\t\t\t\t\t<\/div>\r\n\t\t\t\t\t\t\t\t\t<div class=\"contact-one__list__content\">\r\n\t\t\t\t\t\t\t\t\t\t<span class=\"contact-one__list__subtitle\">Send an Email<\/span>\r\n\t\t\t\t\t\t\t\t\t\t<p class=\"contact-one__list__action\">info@depark.com<\/p>\r\n\t\t\t\t\t\t\t\t\t<\/div>\r\n\t\t\t\t\t\t\t\t<\/li>\r\n\t\t\t\t\t\t\t\t\t\t\t\t\t\t\t<li class=\"contact-one__list__item\">\r\n\t\t\t\t\t\t\t\t\t<div class=\"contact-one__list__icon\">\r\n\t\t\t\t\t\t\t\t\t\t<i aria-hidden=\"true\" class=\"icon-Pin\"><\/i>\t\t\t\t\t\t\t\t\t<\/div>\r\n\t\t\t\t\t\t\t\t\t<div class=\"contact-one__list__content\">\r\n\t\t\t\t\t\t\t\t\t\t<span class=\"contact-one__list__subtitle\">Visit Us Anytime<\/span>\r\n\t\t\t\t\t\t\t\t\t\t<p class=\"contact-one__list__action\">TDZ-1 <br> \nAlfa and Beta Buildings\n <br>\nDo\u011fu\u015f St. No: 207\/Z 35000 Izmir\/Turkiye\n\n <br> <br>\n\n TDZ-2\n<br>\nZeytin Building and Nar Complex\n <br> \nMithatpa\u015fa St. No:56 \u2013 20 Bal\u00e7ova 35340 Izmir\/Turkiye\n \n\n<br> <br> \n\nTDZ-3 \n<br>\nDefne Building \n<br>\n15 Temmuz Sa\u011fl\u0131k Yerle\u015fkesi Defne Binas\u0131, \u0130nciralt\u0131, Dokuz Eyl\u00fcl \u00dcniversitesi No:15, 35330 Bal\u00e7ova\/\u0130zmir<\/p>\r\n\t\t\t\t\t\t\t\t\t<\/div>\r\n\t\t\t\t\t\t\t\t<\/li>\r\n\t\t\t\t\t\t\t\t\t\t\t\t\t<\/ul>\r\n\t\t\t\t\t\t<div class=\"contact-one__thumb\">\r\n\t\t\t\t\t\t\t\t\t\t\t\t\t<\/div>\r\n\t\t\t\t\t<\/div>\r\n\t\t\t\t<\/div>\r\n\t\t\t\t<div class=\"col-lg-8\">\r\n\t\t\t\t\t<div class=\"contact-one__right\">\r\n\t\t\t\t\t\t<div class=\"contact-one__top\">\r\n\t\t\t\t\t\t\t<div class=\"sec-title wow fadeInUp\" data-wow-duration='1500ms' data-wow-delay='000ms'>\r\n\t\t\t\t\t\t\t\t<div class=\"d-flex align-items-center justify-content-start\">\r\n\t\t\t\t\t\t\t\t\t<img decoding=\"async\" src=\"https:\/\/www.depark.com\/wp-content\/uploads\/2024\/05\/sec-title-s-1.png\" alt=\"sec-title-s-1\" title=\"sec-title-s-1\" class=\"sec-title__img\" >\t\t\t\t\t\t\t\t\t<h6 class=\"sec-title__tagline\">CONTACT US<\/h6>\t\t\t\t\t\t\t\t<\/div>\r\n\t\t\t\t\t\t\t\t<h3 class=\"sec-title__title translation-block\">For Any Questions,<br> You Can Reach Us Anytime<\/h3>\t\t\t\t\t\t\t<\/div>\r\n\t\t\t\t\t\t<\/div>\r\n\t\t\t\t\t\t<div class=\"contact-one__form contact-form-validated form-one background-base wow fadeInUp\" data-wow-duration=\"1500ms\">\r\n\t\t\t\t\t\t\t<div class=\"wpcf7 no-js\" id=\"wpcf7-f1954-o1\" lang=\"en-US\" dir=\"ltr\" data-wpcf7-id=\"1954\">\n<div class=\"screen-reader-response\"><p role=\"status\" aria-live=\"polite\" aria-atomic=\"true\"><\/p> <ul><\/ul><\/div>\n<form action=\"\/en\/wp-json\/wp\/v2\/pages\/130#wpcf7-f1954-o1\" method=\"post\" class=\"wpcf7-form init\" aria-label=\"Contact form\" novalidate=\"novalidate\" data-status=\"init\" data-trp-original-action=\"\/en\/wp-json\/wp\/v2\/pages\/130#wpcf7-f1954-o1\">\n<fieldset class=\"hidden-fields-container\"><input type=\"hidden\" name=\"_wpcf7\" value=\"1954\" \/><input type=\"hidden\" name=\"_wpcf7_version\" value=\"6.1.1\" \/><input type=\"hidden\" name=\"_wpcf7_locale\" value=\"en_US\" \/><input type=\"hidden\" name=\"_wpcf7_unit_tag\" value=\"wpcf7-f1954-o1\" \/><input type=\"hidden\" name=\"_wpcf7_container_post\" value=\"0\" \/><input type=\"hidden\" name=\"_wpcf7_posted_data_hash\" value=\"\" \/>\n<\/fieldset>\n<div class=\"form-one__group\">\n    <div class=\"form-one__control\">\n        <span class=\"wpcf7-form-control-wrap\" data-name=\"text-770\"><input size=\"40\" maxlength=\"400\" class=\"wpcf7-form-control wpcf7-text wpcf7-validates-as-required\" aria-required=\"true\" aria-invalid=\"false\" placeholder=\"Full Name\" value=\"\" type=\"text\" name=\"text-770\" \/><\/span>\n    <\/div><!-- \/.form-one__control  -->\n    <div class=\"form-one__control\">\n        <span class=\"wpcf7-form-control-wrap\" data-name=\"email-355\"><input size=\"40\" maxlength=\"400\" class=\"wpcf7-form-control wpcf7-email wpcf7-validates-as-required wpcf7-text wpcf7-validates-as-email\" aria-required=\"true\" aria-invalid=\"false\" placeholder=\"Email Address\" value=\"\" type=\"email\" name=\"email-355\" \/><\/span>\n    <\/div><!-- \/.form-one__control -->\n    <div class=\"form-one__control\">\n        <span class=\"wpcf7-form-control-wrap\" data-name=\"text-771\"><input size=\"40\" maxlength=\"400\" class=\"wpcf7-form-control wpcf7-text wpcf7-validates-as-required\" aria-required=\"true\" aria-invalid=\"false\" placeholder=\"Phone\" value=\"\" type=\"text\" name=\"text-771\" \/><\/span>\n    <\/div><!-- \/.form-one__control  -->\n    <div class=\"form-one__control\">\n        <span class=\"wpcf7-form-control-wrap\" data-name=\"text-75\"><input size=\"40\" maxlength=\"400\" class=\"wpcf7-form-control wpcf7-text wpcf7-validates-as-required\" aria-required=\"true\" aria-invalid=\"false\" placeholder=\"Subject\" value=\"\" type=\"text\" name=\"text-75\" \/><\/span>\n    <\/div><!-- \/.form-one__control -->\n    <div class=\"form-one__control form-one__control--full\">\n        <span class=\"wpcf7-form-control-wrap\" data-name=\"textarea-620\"><textarea cols=\"40\" rows=\"10\" maxlength=\"2000\" class=\"wpcf7-form-control wpcf7-textarea wpcf7-validates-as-required\" aria-required=\"true\" aria-invalid=\"false\" placeholder=\"Write a Message\" name=\"textarea-620\"><\/textarea><\/span>\n    <\/div><!-- \/.form-one__control -->\n    <div class=\"form-one__control form-one__control--full\">\n        <button type=\"submit\" class=\"ostech-btn ostech-btn--submite\">Send Message<\/button>\n    <\/div><!-- \/.form-one__control -->\n<\/div><!-- \/.form-one__group --><input type='hidden' class='wpcf7-pum' value='{\"closepopup\":false,\"closedelay\":0,\"openpopup\":false,\"openpopup_id\":0}' \/><div class=\"wpcf7-response-output\" aria-hidden=\"true\"><\/div>\n<input type=\"hidden\" name=\"trp-form-language\" value=\"en\"\/><\/form>\n<\/div>\t\t\t\t\t\t<\/div>\r\n\t\t\t\t\t<\/div>\r\n\t\t\t\t<\/div>\r\n\t\t\t<\/div>\r\n\t\t<\/div>\r\n\t<\/section>\r\n\r\n\t\t\t\t<\/div>\n\t\t\t\t<\/div>\n\t\t\t\t\t<\/div>\n\t\t\t\t<\/div>\n\t\t<div class=\"elementor-element elementor-element-71a7f34 e-con-full e-flex e-con e-parent\" data-id=\"71a7f34\" data-element_type=\"container\">\n\t\t\t\t<div class=\"elementor-element elementor-element-6c51adf elementor-widget elementor-widget-html\" data-id=\"6c51adf\" data-element_type=\"widget\" data-widget_type=\"html.default\">\n\t\t\t\t\t<iframe src=\"https:\/\/www.google.com\/maps\/d\/embed?mid=1ruS6Ce7GpmaFyOkM71yjyS6tP2_pjtQ&ehbc=2E312F&noprof=1&z=12\" width=\"640\" height=\"480\"><\/iframe>\t\t\t\t<\/div>\n\t\t\t\t<\/div>\n\t\t\t\t<\/div>","protected":false},"excerpt":{"rendered":"<p>Herhangi bir sorunuz var m\u0131? +90 232 412 80 00 E-posta g\u00f6nder info@depark.com \u0130stedi\u011finiz Zaman Ziyaret Edin TGB-1 Alfa ve Beta Binalar\u0131 Do\u011fu\u015f Caddesi No: 207\/Z DE\u00dc Merkez Kamp\u00fcs\u00fc B, 35000 \u0130zmir TGB-2 Zeytin Binas\u0131 ve Nar Kompleksi Mithatpa\u015fa Cad. No:56 \u2013 20 DEPARK Zeytin Binas\u0131 Bal\u00e7ova 35340 \u0130zmir T\u00fcrkiye TGB-3 Defne Binas\u0131 15 Temmuz [&hellip;]<\/p>","protected":false},"author":1,"featured_media":0,"parent":0,"menu_order":0,"comment_status":"closed","ping_status":"closed","template":"elementor_header_footer","meta":{"_acf_changed":false,"pagelayer_contact_templates":[],"_pagelayer_content":"","_monsterinsights_skip_tracking":false,"_monsterinsights_sitenote_active":false,"_monsterinsights_sitenote_note":"","_monsterinsights_sitenote_category":0,"footnotes":""},"class_list":["post-130","page","type-page","status-publish","hentry"],"acf":[],"_links":{"self":[{"href":"https:\/\/www.depark.com\/en\/wp-json\/wp\/v2\/pages\/130","targetHints":{"allow":["GET"]}}],"collection":[{"href":"https:\/\/www.depark.com\/en\/wp-json\/wp\/v2\/pages"}],"about":[{"href":"https:\/\/www.depark.com\/en\/wp-json\/wp\/v2\/types\/page"}],"author":[{"embeddable":true,"href":"https:\/\/www.depark.com\/en\/wp-json\/wp\/v2\/users\/1"}],"replies":[{"embeddable":true,"href":"https:\/\/www.depark.com\/en\/wp-json\/wp\/v2\/comments?post=130"}],"version-history":[{"count":83,"href":"https:\/\/www.depark.com\/en\/wp-json\/wp\/v2\/pages\/130\/revisions"}],"predecessor-version":[{"id":10414,"href":"https:\/\/www.depark.com\/en\/wp-json\/wp\/v2\/pages\/130\/revisions\/10414"}],"wp:attachment":[{"href":"https:\/\/www.depark.com\/en\/wp-json\/wp\/v2\/media?parent=130"}],"curies":[{"name":"wp","href":"https:\/\/api.w.org\/{rel}","templated":true}]}}