{"id":5745,"date":"2025-08-20T13:41:37","date_gmt":"2025-08-20T13:41:37","guid":{"rendered":"https:\/\/www.depark.com\/?page_id=5745"},"modified":"2025-10-20T15:38:47","modified_gmt":"2025-10-20T15:38:47","slug":"akademik-is-birlikleri","status":"publish","type":"page","link":"https:\/\/www.depark.com\/en\/akademik-is-birlikleri\/","title":{"rendered":"ACADEMIC COLLABORATIONS"},"content":{"rendered":"<div data-elementor-type=\"wp-page\" data-elementor-id=\"5745\" class=\"elementor elementor-5745\">\n\t\t\t\t<div class=\"elementor-element elementor-element-b143316 project-details e-con-full e-flex e-con e-parent\" data-id=\"b143316\" data-element_type=\"container\">\n\t\t<div class=\"elementor-element elementor-element-53acd5f e-flex e-con-boxed e-con e-child\" data-id=\"53acd5f\" data-element_type=\"container\">\n\t\t\t\t\t<div class=\"e-con-inner\">\n\t\t<div class=\"elementor-element elementor-element-b4b9a8b e-con-full e-flex elementor-invisible e-con e-child\" data-id=\"b4b9a8b\" data-element_type=\"container\" data-settings=\"{&quot;animation&quot;:&quot;slideInRight&quot;}\">\n\t\t\t\t<div class=\"elementor-element elementor-element-981561f elementor-widget elementor-widget-ostech-service-appointment\" data-id=\"981561f\" data-element_type=\"widget\" data-widget_type=\"ostech-service-appointment.default\">\n\t\t\t\t<div class=\"elementor-widget-container\">\n\t\t\t\t\t    <div class=\"project-details__box\">\r\n        <div class=\"project-details__box__content\">\r\n                            <p class=\"project-details__box__text\"><span class=\"project-details__box__text__top\"><div>\n  <strong>Dokuz Eylul University Technology Transfer Office (DETTO)<\/strong><br>\n  <a href=\"https:\/\/www.dokuzeylultto.com\">\n    dokuzeylultto.com \ud83c\udf10\n  <\/a>\n<\/div>\n\n<br>\n\n<div>\n  <strong>Career Planning and Alumni Relations Office<\/strong><br>\n  <a href=\"https:\/\/kariyer.deu.edu.tr\/tr\/\">\n    kariyer.deu.edu.tr \ud83c\udf10\n  <\/a>\n<\/div>\n\n<br>\n\n<div>\n  <strong>Bio\u0130zmir<\/strong><br>\n  <a href=\"https:\/\/bioizmir.deu.edu.tr\">\n    bioizmir.deu.edu.tr \ud83c\udf10\n  <\/a>\n<\/div>\n\n<br>\n\n<div>\n  <strong>\u0130zmir Biomedicine and Genome Center<\/strong><br>\n  <a href=\"https:\/\/ibg.edu.tr\">\n    ibg.edu.tr \ud83c\udf10\n  <\/a>\n<\/div>\n\n<br>\n\n<div>\n  <strong>The Scientific and Technological Research Council of T\u00fcrkiye (T\u00dcB\u0130TAK)<\/strong><br>\n  <a href=\"https:\/\/tubitak.gov.tr\/tr\">\n    tubitak.gov.tr \ud83c\udf10\n  <\/a>\n<\/div>\n\n<br>\n\n<div>\n  <strong>Health Institutes of Turkey (T\u00dcSEB)<\/strong><br>\n  <a href=\"https:\/\/tuseb.gov.tr\/\">\n    tuseb.gov.tr \ud83c\udf10\n  <\/a>\n<\/div>\n<\/p>\r\n                    <\/div>\r\n                    <div class=\"project-details__box__social\">\r\n                                    <a target=\"_blank\" href=\"https:\/\/x.com\/deparktgb\">\r\n                        <i aria-hidden=\"true\" class=\"icon-x-twitter\"><\/i>                    <\/a>\r\n                                    <a target=\"_blank\" href=\"https:\/\/www.instagram.com\/deparktgb\/\">\r\n                        <i aria-hidden=\"true\" class=\"fab fa-instagram\"><\/i>                    <\/a>\r\n                                    <a target=\"_blank\" href=\"https:\/\/www.linkedin.com\/company\/deparktgb\/\">\r\n                        <i aria-hidden=\"true\" class=\"fab fa-linkedin\"><\/i>                    <\/a>\r\n                                    <a target=\"_blank\" href=\"https:\/\/www.facebook.com\/deparktgb\">\r\n                        <i aria-hidden=\"true\" class=\"fab fa-facebook-f\"><\/i>                    <\/a>\r\n                                    <a target=\"_blank\" href=\"https:\/\/www.youtube.com\/channel\/UCcdLpQgvZTOSX2oyS3Al3qw\/videos\">\r\n                        <i aria-hidden=\"true\" class=\"fab fa-youtube\"><\/i>                    <\/a>\r\n                                    <a target=\"_blank\" href=\"https:\/\/www.flickr.com\/photos\/131113192@N05\/\">\r\n                        <i aria-hidden=\"true\" class=\"fab fa-flickr\"><\/i>                    <\/a>\r\n                            <\/div>\r\n            <\/div>\r\n\r\n\t\t\t\t<\/div>\n\t\t\t\t<\/div>\n\t\t<div class=\"elementor-element elementor-element-ce8a619 e-con-full e-flex e-con e-child\" data-id=\"ce8a619\" data-element_type=\"container\">\n\t\t\t\t<div class=\"elementor-element elementor-element-247ce70 elementor-widget elementor-widget-image\" data-id=\"247ce70\" data-element_type=\"widget\" data-widget_type=\"image.default\">\n\t\t\t\t\t\t\t\t\t\t\t\t\t\t\t<img fetchpriority=\"high\" decoding=\"async\" width=\"370\" height=\"450\" src=\"https:\/\/www.depark.com\/wp-content\/uploads\/2025\/09\/akademik-is-birlikleri-370x450.jpg\" class=\"attachment-ostech_blog_370X470 size-ostech_blog_370X470 wp-image-8927\" alt=\"\" \/>\t\t\t\t\t\t\t\t\t\t\t\t\t\t\t<\/div>\n\t\t\t\t<\/div>\n\t\t\t\t<\/div>\n\t\t<div class=\"elementor-element elementor-element-83a982c e-con-full e-flex e-con e-child\" data-id=\"83a982c\" data-element_type=\"container\">\n\t\t\t\t<div class=\"elementor-element elementor-element-96df29c elementor-invisible elementor-widget elementor-widget-text-editor\" data-id=\"96df29c\" data-element_type=\"widget\" data-settings=\"{&quot;_animation&quot;:&quot;slideInLeft&quot;}\" data-widget_type=\"text-editor.default\">\n\t\t\t\t\t\t\t\t\t<p><style><span data-mce-type=\"bookmark\" style=\"display: inline-block; width: 0px; overflow: hidden; line-height: 0;\" class=\"mce_SELRES_start\">\ufeff<\/span><br \/>.logo-row {<br \/>    display: flex;<br \/>    align-items: center;<br \/>    margin-bottom: 40px;<br \/>    position: relative;<br \/>    flex-wrap: wrap; \/* mobilde alt alta gelmesi i\u00e7in *\/<br \/>}<br \/>.logo-box {<br \/>    width: 150px;<br \/>    height: 45px;<br \/>    border: 1px solid #000;<br \/>    border-radius: 150px;<br \/>    padding: 1px 10px;<br \/>    display: flex;<br \/>    justify-content: center;<br \/>    align-items: center;<br \/>    margin-right: 12px;<br \/>    margin-bottom: 12px; \/* alt alta gelirse bo\u015fluk *\/<br \/>    background: #fff;<br \/>    position: relative;<br \/>}<br \/>.logo-box img {<br \/>    max-width: 100%;<br \/>    max-height: 100%;<br \/>    object-fit: contain;<br \/>    filter: grayscale(100%);<br \/>    transition: filter 0.3s ease;<br \/>}<br \/>.logo-box img:hover {<br \/>    filter: grayscale(0%);<br \/>}<br \/>\/* Yatay \u00e7izgi sadece son logodan sonra *\/<br \/>.logo-row .logo-box:last-child::after {<br \/>    content: \"\";<br \/>    position: absolute;<br \/>    top: 50%;<br \/>    left: calc(100% + 10px);<br \/>    transform: translateY(-50%);<br \/>    width: 575px; \/* masa\u00fcst\u00fc i\u00e7in uzun *\/<br \/>    height: 1px;<br \/>    background-color: #000;<br \/>}<br \/>\/* Tablet: \u00e7izgi daha k\u0131sa *\/<br \/>@media (max-width: 1024px) {<br \/>    .logo-row .logo-box:last-child::after {<br \/>        width: 290px;<br \/>    }<br \/>}<br \/>\/* Mobil: \u00e7izgi daha da k\u0131sa *\/<br \/>@media (max-width: 768px) {<br \/>    .logo-row .logo-box:last-child::after {<br \/>        width: 220px;<br \/>    }<br \/>}<br \/><\/style><\/p><p style=\"color: #f9ae26; font-weight: bold; font-size: 24px;\">ACADEMIC COLLABORATIONS<\/p><p style=\"color: #f9ae26; font-weight: bold; font-size: 20px;\">Dokuz Eyl\u00fcl University Technology Transfer Office (DETTO)<\/p><p>DETTO acts as a bridge between academics, students, and industry, supporting the commercialization of knowledge and technology. It provides strategic solutions for the development of research projects, access to funding resources, intellectual property management, and the strengthening of university\u2013industry collaborations. Through its academic collaborations with DEPARK, DETTO integrates the university\u2019s knowledge base into the entrepreneurship and innovation ecosystem.<\/p><div class=\"logo-row\"><div class=\"logo-box\"><img decoding=\"async\" class=\"\" src=\"http:\/\/www.depark.com\/wp-content\/uploads\/2025\/08\/DETTOLOGO-02.png\" alt=\"DETTO Logo\" width=\"280\" height=\"78\" \/><\/div><\/div><p style=\"color: #f9ae26; font-weight: bold; font-size: 20px;\">Career Planning and Alumni Relations Office<\/p><p>This coordinatorship supports the career development of Dokuz Eyl\u00fcl University students and graduates by offering career counseling, training programs, internships, and job opportunities. Within this scope, it fosters interaction between graduates, students, DEPARK, and the companies located within DEPARK through the DEPARK Career Portal (DEPORTAL), with the aim of enhancing employability.<\/p><div class=\"logo-row\"><div class=\"logo-box\"><img decoding=\"async\" class=\"\" src=\"http:\/\/www.depark.com\/wp-content\/uploads\/2025\/09\/kariyer-planlama.png\" alt=\"Kariyer Logo\" width=\"294\" height=\"59\" \/><\/div><\/div><p style=\"color: #f9ae26; font-weight: bold; font-size: 20px;\">Bio\u0130zmir International Health Technologies Development and Accelerator Research &amp; Application Center<\/p><p>Bio\u0130zmir supports the development of innovative products and services in the field of health technologies. It carries out national and international collaborations in clinical research, medical devices, digital health solutions, and biotechnology-focused projects. Its strategic partnership with DEPARK enables the commercialization of academic research and fosters the growth of health-focused innovative startups.<\/p><div class=\"logo-row\"><div class=\"logo-box\"><img loading=\"lazy\" decoding=\"async\" class=\"\" src=\"http:\/\/www.depark.com\/wp-content\/uploads\/2025\/08\/bioizmir_TR.png\" alt=\"Bio\u0130zmir Logo\" width=\"186\" height=\"101\" \/><\/div><\/div><p style=\"color: #f9ae26; font-weight: bold; font-size: 20px;\">Izmir Biomedicine and Genome Center (IBG)<\/p><p>IBG is one of Turkey\u2019s leading centers conducting advanced research in biotechnology and health sciences. It undertakes national and international projects in genomics, bioinformatics, cancer research, and drug development. Collaborations with DEPARK contribute to the transfer of academic knowledge into health and biotechnology enterprises.<\/p><div class=\"logo-row\"><div class=\"logo-box\"><img loading=\"lazy\" decoding=\"async\" class=\"\" src=\"http:\/\/www.depark.com\/wp-content\/uploads\/2025\/08\/IBGbrandTR.png\" alt=\"\u0130BG Logo\" width=\"294\" height=\"82\" \/><\/div><\/div><p style=\"color: #f9ae26; font-weight: bold; font-size: 20px;\">The Scientific and Technological Research Council of T\u00fcrkiye (T\u00dcB\u0130TAK)<\/p><p>DEPARK establishes a robust connection between universities and businesses by means of its academic collaborative efforts with T\u00dcB\u0130TAK. DEPARK companies are granted access to mentorship, financing, and opportunities for academic collaboration for their research and development initiatives through T\u00dcB\u0130TAK support programs.<\/p><p>In this context, the knowledge of academics and the innovative vision of entrepreneurial companies are brought together, increasing the commercialization potential of scientific research. The funds and support mechanisms provided by T\u00dcB\u0130TAK contribute to the development of more joint projects within the DEPARK ecosystem, greater participation in national and international research networks, and the emergence of high value-added products.<\/p><p>This strategic collaboration enables not only the transformation of academic knowledge into societal benefit, but also the creation of a strong R&amp;D ecosystem that serves Turkey\u2019s science- and technology-based development goals.<\/p><p><img loading=\"lazy\" decoding=\"async\" class=\"alignnone wp-image-8932\" src=\"http:\/\/www.depark.com\/wp-content\/uploads\/2025\/09\/TUBITAK_logo.svg-269x300.png\" alt=\"\" width=\"154\" height=\"172\" srcset=\"https:\/\/www.depark.com\/wp-content\/uploads\/2025\/09\/TUBITAK_logo.svg-269x300.png 269w, https:\/\/www.depark.com\/wp-content\/uploads\/2025\/09\/TUBITAK_logo.svg-917x1024.png 917w, https:\/\/www.depark.com\/wp-content\/uploads\/2025\/09\/TUBITAK_logo.svg-768x858.png 768w, https:\/\/www.depark.com\/wp-content\/uploads\/2025\/09\/TUBITAK_logo.svg-11x12.png 11w, https:\/\/www.depark.com\/wp-content\/uploads\/2025\/09\/TUBITAK_logo.svg-570x637.png 570w, https:\/\/www.depark.com\/wp-content\/uploads\/2025\/09\/TUBITAK_logo.svg.png 1200w\" sizes=\"(max-width: 154px) 100vw, 154px\" \/><\/p><div class=\"logo-row\"><div class=\"logo-box\">\u00a0<\/div><\/div><p style=\"color: #f9ae26; font-weight: bold; font-size: 20px;\">Health Institutes of Turkey (T\u00dcSEB)<\/p><p>DEPARK offers a specialized research environment in the disciplines of health sciences and biotechnology as a result of its partnerships with the Health Institutes of Turkey (T\u00dcSEB). Academics and entrepreneurial companies within the DEPARK ecosystem develop initiatives that are focused on diagnostics, treatment, and preventive health solutions with the guidance and support of T\u00dcSEB.<\/p><p>These collaborations enable research outputs to be transformed into societal benefits across a wide spectrum, from high-tech biomedical devices to innovative drug and vaccine studies. At the same time, they contribute to the emergence of new ventures aligned with national priorities in the health sector and to increasing Turkey\u2019s visibility in the global health R&amp;D ecosystem.<\/p><p>This strategic partnership with T\u00dcSEB aims not only to develop new technologies, but also to create a sustainable innovation ecosystem that adds value to public health.<\/p><div class=\"logo-row\"><div class=\"logo-box\"><img loading=\"lazy\" decoding=\"async\" class=\"alignnone wp-image-8920\" src=\"http:\/\/www.depark.com\/wp-content\/uploads\/2025\/09\/tuseb-turkiye-saglik-enstituleri-baskanligi-logo-png_seeklogo-493637-300x300.png\" alt=\"\" width=\"208\" height=\"208\" srcset=\"https:\/\/www.depark.com\/wp-content\/uploads\/2025\/09\/tuseb-turkiye-saglik-enstituleri-baskanligi-logo-png_seeklogo-493637-300x300.png 300w, https:\/\/www.depark.com\/wp-content\/uploads\/2025\/09\/tuseb-turkiye-saglik-enstituleri-baskanligi-logo-png_seeklogo-493637-150x150.png 150w, https:\/\/www.depark.com\/wp-content\/uploads\/2025\/09\/tuseb-turkiye-saglik-enstituleri-baskanligi-logo-png_seeklogo-493637-12x12.png 12w, https:\/\/www.depark.com\/wp-content\/uploads\/2025\/09\/tuseb-turkiye-saglik-enstituleri-baskanligi-logo-png_seeklogo-493637-70x70.png 70w, https:\/\/www.depark.com\/wp-content\/uploads\/2025\/09\/tuseb-turkiye-saglik-enstituleri-baskanligi-logo-png_seeklogo-493637-270x270.png 270w, https:\/\/www.depark.com\/wp-content\/uploads\/2025\/09\/tuseb-turkiye-saglik-enstituleri-baskanligi-logo-png_seeklogo-493637-100x100.png 100w, https:\/\/www.depark.com\/wp-content\/uploads\/2025\/09\/tuseb-turkiye-saglik-enstituleri-baskanligi-logo-png_seeklogo-493637.png 320w\" sizes=\"(max-width: 208px) 100vw, 208px\" \/><\/div><\/div>\t\t\t\t\t\t\t\t<\/div>\n\t\t\t\t<\/div>\n\t\t\t\t\t<\/div>\n\t\t\t\t<\/div>\n\t\t\t\t<\/div>\n\t\t\t\t<\/div>","protected":false},"excerpt":{"rendered":"<p>D.E.\u00dc Teknoloji Transferi Ofisi (DETTO) dokuzeylultto.com \ud83c\udf10 Kariyer Planlama ve Mezunlarla \u0130li\u015fkiler Koordinat\u00f6rl\u00fc\u011f\u00fc kariyer.deu.edu.tr \ud83c\udf10 Bio\u0130zmir bioizmir.deu.edu.tr \ud83c\udf10 \u0130zmir Biyot\u0131p ve Genom Merkezi ibg.edu.tr \ud83c\udf10 T\u00fcrkiye Bilimsel ve Teknolojik Ara\u015ft\u0131rma Kurumu (T\u00dcB\u0130TAK) tubitak.gov.tr \ud83c\udf10 T\u00fcrkiye Sa\u011fl\u0131k Enstit\u00fcleri Ba\u015fkanl\u0131\u011f\u0131 (T\u00dcSEB) tuseb.gov.tr \ud83c\udf10 AKADEM\u0130K \u0130\u015e B\u0130RL\u0130KLER\u0130 Dokuz Eyl\u00fcl \u00dcniversitesi Teknoloji Transfer Ofisi (DETTO) DETTO; akademisyenler, \u00f6\u011frenciler ve [&hellip;]<\/p>","protected":false},"author":1,"featured_media":0,"parent":0,"menu_order":0,"comment_status":"closed","ping_status":"closed","template":"elementor_header_footer","meta":{"_acf_changed":false,"pagelayer_contact_templates":[],"_pagelayer_content":"","_monsterinsights_skip_tracking":false,"_monsterinsights_sitenote_active":false,"_monsterinsights_sitenote_note":"","_monsterinsights_sitenote_category":0,"footnotes":""},"class_list":["post-5745","page","type-page","status-publish","hentry"],"acf":[],"_links":{"self":[{"href":"https:\/\/www.depark.com\/en\/wp-json\/wp\/v2\/pages\/5745","targetHints":{"allow":["GET"]}}],"collection":[{"href":"https:\/\/www.depark.com\/en\/wp-json\/wp\/v2\/pages"}],"about":[{"href":"https:\/\/www.depark.com\/en\/wp-json\/wp\/v2\/types\/page"}],"author":[{"embeddable":true,"href":"https:\/\/www.depark.com\/en\/wp-json\/wp\/v2\/users\/1"}],"replies":[{"embeddable":true,"href":"https:\/\/www.depark.com\/en\/wp-json\/wp\/v2\/comments?post=5745"}],"version-history":[{"count":150,"href":"https:\/\/www.depark.com\/en\/wp-json\/wp\/v2\/pages\/5745\/revisions"}],"predecessor-version":[{"id":9642,"href":"https:\/\/www.depark.com\/en\/wp-json\/wp\/v2\/pages\/5745\/revisions\/9642"}],"wp:attachment":[{"href":"https:\/\/www.depark.com\/en\/wp-json\/wp\/v2\/media?parent=5745"}],"curies":[{"name":"wp","href":"https:\/\/api.w.org\/{rel}","templated":true}]}}